{"id":223906,"date":"2025-04-22T10:56:05","date_gmt":"2025-04-22T10:56:05","guid":{"rendered":"https:\/\/climalife.com\/product\/novaspray-co2\/"},"modified":"2026-01-29T13:41:32","modified_gmt":"2026-01-29T13:41:32","slug":"novaspray-co2","status":"publish","type":"product","link":"https:\/\/climalife.com\/hu\/product\/novaspray-co2\/","title":{"rendered":"NovaSpray\u2122 CO2"},"content":{"rendered":"<p>Sz\u00edntelen \u00e9s szagtalan, nem gy\u00fal\u00e9kony. Nincs hat\u00e1sa az \u00f3zonr\u00e9tegre \u00e9s nagyon alacsony a glob\u00e1lis felmeleged\u00e9sre (GWP=1).<\/p>\n","protected":false},"excerpt":{"rendered":"<p>A NovaSpray\u2122 CO<sub>2<\/sub> aeroszolok hajt\u00f3anyagak\u00e9nt haszn\u00e1lt sz\u00e9n-dioxid.<sub><br \/>\n<\/sub><\/p>\n","protected":false},"featured_media":224054,"comment_status":"closed","ping_status":"closed","template":"","meta":[],"countries":[4674,4709,4756,4813,4831,4862],"product_brand":[],"product_cat":[15156,9967,9994,9760],"product_tag":[],"class_list":{"0":"post-223906","1":"product","2":"type-product","3":"status-publish","4":"has-post-thumbnail","6":"countries-by","7":"countries-cu","8":"countries-ir","9":"countries-kp","10":"countries-ru","11":"countries-sy","12":"product_cat-novasprayco2-hu","13":"product_cat-egeszseg-jolet","14":"product_cat-egyeb-iparagak","15":"product_cat-hajtogazok","16":"pa_packaging-9xb50-kaloda-hu-274","18":"first","19":"instock","20":"shipping-taxable","21":"purchasable","22":"product-type-simple"},"_links":{"self":[{"href":"https:\/\/climalife.com\/hu\/wp-json\/wp\/v2\/product\/223906","targetHints":{"allow":["GET"]}}],"collection":[{"href":"https:\/\/climalife.com\/hu\/wp-json\/wp\/v2\/product"}],"about":[{"href":"https:\/\/climalife.com\/hu\/wp-json\/wp\/v2\/types\/product"}],"replies":[{"embeddable":true,"href":"https:\/\/climalife.com\/hu\/wp-json\/wp\/v2\/comments?post=223906"}],"wp:featuredmedia":[{"embeddable":true,"href":"https:\/\/climalife.com\/hu\/wp-json\/wp\/v2\/media\/224054"}],"wp:attachment":[{"href":"https:\/\/climalife.com\/hu\/wp-json\/wp\/v2\/media?parent=223906"}],"wp:term":[{"taxonomy":"countries","embeddable":true,"href":"https:\/\/climalife.com\/hu\/wp-json\/wp\/v2\/countries?post=223906"},{"taxonomy":"product_brand","embeddable":true,"href":"https:\/\/climalife.com\/hu\/wp-json\/wp\/v2\/product_brand?post=223906"},{"taxonomy":"product_cat","embeddable":true,"href":"https:\/\/climalife.com\/hu\/wp-json\/wp\/v2\/product_cat?post=223906"},{"taxonomy":"product_tag","embeddable":true,"href":"https:\/\/climalife.com\/hu\/wp-json\/wp\/v2\/product_tag?post=223906"}],"curies":[{"name":"wp","href":"https:\/\/api.w.org\/{rel}","templated":true}]}}