{"id":223913,"date":"2025-04-22T11:38:11","date_gmt":"2025-04-22T11:38:11","guid":{"rendered":"https:\/\/climalife.com\/product\/climapp-feladatkoveto-nyomon-kovethetoseg-hulladek\/"},"modified":"2025-06-10T11:52:09","modified_gmt":"2025-06-10T11:52:09","slug":"climapp-feladatkoveto-nyomon-kovethetoseg-hulladek","status":"publish","type":"product","link":"https:\/\/climalife.com\/hu\/product\/climapp-feladatkoveto-nyomon-kovethetoseg-hulladek\/","title":{"rendered":"Clim&#8217;app: feladatk\u00f6vet\u0151, nyomon k\u00f6vethet\u0151s\u00e9g, hullad\u00e9k"},"content":{"rendered":"<p>Minden egyes beavatkoz\u00e1shoz automatikusan, n\u00e9h\u00e1ny kattint\u00e1ssal l\u00e9trehozhatja a sz\u00fcks\u00e9ges szab\u00e1lyoz\u00e1si dokumentumokat.<\/p>\n<p>A webes fel\u00fcleten az elv\u00e9gzett munk\u00e1k \u00f6sszegz\u00e9s\u00e9re \u00e9s nyomon k\u00f6vet\u00e9s\u00e9re szolg\u00e1l\u00f3 \u00e1ttekint\u0151 t\u00e1bl\u00e1k, valamint a h\u0171t\u0151k\u00f6zegek \u00e9s palackok lelt\u00e1rkezel\u00e9se is rendelkez\u00e9sre \u00e1ll. <\/p>\n<p>A sziv\u00e1rg\u00e1svizsg\u00e1latokra \u00e9s a sziv\u00e1rg\u00e1s\u00e9rz\u00e9kel\u0151k ellen\u0151rz\u00e9s\u00e9re vonatkoz\u00f3 hat\u00e1rid\u0151-eml\u00e9keztet\u0151k a back office-ban l\u00e1that\u00f3k.<\/p>\n<p>A felhaszn\u00e1l\u00f3k sz\u00e1m\u00e1t\u00f3l f\u00fcgg\u0151en 4 csomag \u00e1ll rendelkez\u00e9sre:<\/p>\n<ul>\n<li>1-t\u0151l 4 felhaszn\u00e1l\u00f3ig: Rando + csomag<\/li>\n<li>5-t\u0151l 12 felhaszn\u00e1l\u00f3ig: Trail + csomag<\/li>\n<li>13-t\u00f3l 30 felhaszn\u00e1l\u00f3ig: Treck + csomag<\/li>\n<li>31-t\u0151l 50 felhaszn\u00e1l\u00f3ig: Sherpa + csomag<\/li>\n<\/ul>\n<p>Ez az eszk\u00f6z seg\u00edt \u00d6nnek a h\u0171t\u0151berendez\u00e9sek kezel\u00e9s\u00e9ben, k\u00e9rjen t\u0151l\u00fcnk bemutat\u00f3t, foglaljon id\u0151pontot \u00e9s fedezze fel az alkalmaz\u00e1st <a href=\"https:\/\/www.climapp.dehon.com\/fr\/\" rel=\"noopener\"><strong><span style=\"color: #3366ff;\">a Clim&#8217;app weboldalon!<\/span><\/strong><\/a><\/p>\n<p>&nbsp;<\/p>\n","protected":false},"excerpt":{"rendered":"<p class=\"title\">A Clim&#8217;app egy egyszer\u0171 mobil megold\u00e1s, amely a h\u0171t\u00e9stechnikai szakemberek \u00e1ltal a h\u0171t\u0151rendszereken v\u00e9gzett munka sor\u00e1n felmer\u00fcl\u0151 probl\u00e9m\u00e1kra szabott.<\/p>\n<p class=\"description\">\n","protected":false},"featured_media":214679,"comment_status":"closed","ping_status":"closed","template":"","meta":[],"countries":[4674,4709,4756,4813,4831,4862],"product_brand":[],"product_cat":[15064,9949,9940,9994,13061,13070,13078,13130],"product_tag":[],"class_list":{"0":"post-223913","1":"product","2":"type-product","3":"status-publish","4":"has-post-thumbnail","6":"countries-by","7":"countries-cu","8":"countries-ir","9":"countries-kp","10":"countries-ru","11":"countries-sy","12":"product_cat-climapp-hu","13":"product_cat-epuletek","14":"product_cat-elelmiszeripar","15":"product_cat-egyeb-iparagak","16":"product_cat-legkondicionalas","17":"product_cat-dielektromos-sf6","18":"product_cat-szetszereles-megsemmisites","19":"product_cat-hutestechnika","21":"first","22":"instock","23":"shipping-taxable","24":"purchasable","25":"product-type-variable"},"_links":{"self":[{"href":"https:\/\/climalife.com\/hu\/wp-json\/wp\/v2\/product\/223913","targetHints":{"allow":["GET"]}}],"collection":[{"href":"https:\/\/climalife.com\/hu\/wp-json\/wp\/v2\/product"}],"about":[{"href":"https:\/\/climalife.com\/hu\/wp-json\/wp\/v2\/types\/product"}],"replies":[{"embeddable":true,"href":"https:\/\/climalife.com\/hu\/wp-json\/wp\/v2\/comments?post=223913"}],"wp:featuredmedia":[{"embeddable":true,"href":"https:\/\/climalife.com\/hu\/wp-json\/wp\/v2\/media\/214679"}],"wp:attachment":[{"href":"https:\/\/climalife.com\/hu\/wp-json\/wp\/v2\/media?parent=223913"}],"wp:term":[{"taxonomy":"countries","embeddable":true,"href":"https:\/\/climalife.com\/hu\/wp-json\/wp\/v2\/countries?post=223913"},{"taxonomy":"product_brand","embeddable":true,"href":"https:\/\/climalife.com\/hu\/wp-json\/wp\/v2\/product_brand?post=223913"},{"taxonomy":"product_cat","embeddable":true,"href":"https:\/\/climalife.com\/hu\/wp-json\/wp\/v2\/product_cat?post=223913"},{"taxonomy":"product_tag","embeddable":true,"href":"https:\/\/climalife.com\/hu\/wp-json\/wp\/v2\/product_tag?post=223913"}],"curies":[{"name":"wp","href":"https:\/\/api.w.org\/{rel}","templated":true}]}}