{"id":224985,"date":"2025-06-10T07:35:17","date_gmt":"2025-06-10T07:35:17","guid":{"rendered":"https:\/\/climalife.com\/product\/glaciar-x5-atex-telepitett-szivargaserzekelo\/"},"modified":"2026-01-29T13:41:32","modified_gmt":"2026-01-29T13:41:32","slug":"glaciar-x5-atex-telepitett-szivargaserzekelo","status":"publish","type":"product","link":"https:\/\/climalife.com\/hu\/product\/glaciar-x5-atex-telepitett-szivargaserzekelo\/","title":{"rendered":"GLACI\u00c4R X5 (ATEX) TELEP\u00cdTETT SZIV\u00c1RG\u00c1S\u00c9RZ\u00c9KEL\u0150"},"content":{"rendered":"<p>Gyors \u00e9s egyszer\u0171 konfigur\u00e1l\u00e1s:<\/p>\n<ul>\n<li>Be\u00e9p\u00edtett digit\u00e1lis kijelz\u0151: a koncentr\u00e1ci\u00f3k, riaszt\u00e1sok \u00e9s hib\u00e1k val\u00f3s idej\u0171 megtekint\u00e9se.<\/li>\n<li>K\u00f6nnyen cser\u00e9lhet\u0151 \u00e9rz\u00e9kel\u0151.<\/li>\n<li>Maxim\u00e1lis rugalmass\u00e1g: egy vagy k\u00e9t, be\u00e9p\u00edtett vagy t\u00e1vols\u00e1gra helyezhet\u0151 \u00e9rz\u00e9kel\u0151, a telep\u00edt\u00e9si k\u00f6vetelm\u00e9nyekt\u0151l f\u00fcgg\u0151en.<\/li>\n<\/ul>\n<p>\u00c9rz\u00e9kel\u0151k t\u00edpusai:<\/p>\n<ul>\n<li>Elektrok\u00e9miai \u00e9rz\u00e9kel\u0151 amm\u00f3nia \u00e9szlel\u00e9shez<\/li>\n<li>Infrav\u00f6r\u00f6s CO\u2082 \u00e9rz\u00e9kel\u0151<\/li>\n<li>Infrav\u00f6r\u00f6s vagy katalitikus \u00e9rz\u00e9kel\u0151 R-290-hez<\/li>\n<li>F\u00e9lvezet\u0151 vagy infrav\u00f6r\u00f6s \u00e9rz\u00e9kel\u0151 HFC, HFO, bele\u00e9rtve az A2L h\u0171t\u0151k\u00f6zegeket is.<\/li>\n<\/ul>\n","protected":false},"excerpt":{"rendered":"<p>A GLACI\u00c4R X5 egy telep\u00edtett sziv\u00e1rg\u00e1s\u00e9rz\u00e9kel\u0151, amelyet a legszigor\u00fabb ipari k\u00f6rnyezetben is haszn\u00e1lhatnak. ATEX tan\u00fas\u00edtv\u00e1nnyal rendelkezik robban\u00e1svesz\u00e9lyes k\u00f6rnyezetben (1. \u00e9s 2. z\u00f3na) val\u00f3 haszn\u00e1latra, \u00e9s IP66 besorol\u00e1s\u00fa burkolattal van ell\u00e1tva. \u00c9rz\u00e9keli az amm\u00f3ni\u00e1t (NH\u2083), a sz\u00e9n-dioxidot (CO\u2082), a prop\u00e1nt (R-290), a HFC-ket, a HFO-kat, az A2L-eket \u00e9s az old\u00f3szereket, p\u00e9ld\u00e1ul az etanolt. A folyamatos figyel\u00e9shez a modul\u00e1ris kialak\u00edt\u00e1s lehet\u0151v\u00e9 teszi 1-2 be\u00e9p\u00edtett \u00e9s\/vagy t\u00e1voli \u00e9rz\u00e9kel\u0151 integr\u00e1l\u00e1s\u00e1t.<\/p>\n","protected":false},"featured_media":224986,"comment_status":"closed","ping_status":"closed","template":"","meta":[],"countries":[4674,4709,4756,4813,4831,4862],"product_brand":[],"product_cat":[9949,9940,13061,13130,9265],"product_tag":[],"class_list":{"0":"post-224985","1":"product","2":"type-product","3":"status-publish","4":"has-post-thumbnail","6":"countries-by","7":"countries-cu","8":"countries-ir","9":"countries-kp","10":"countries-ru","11":"countries-sy","12":"product_cat-epuletek","13":"product_cat-elelmiszeripar","14":"product_cat-legkondicionalas","15":"product_cat-hutestechnika","16":"product_cat-telepitett","18":"first","19":"instock","20":"shipping-taxable","21":"purchasable","22":"product-type-simple"},"_links":{"self":[{"href":"https:\/\/climalife.com\/hu\/wp-json\/wp\/v2\/product\/224985","targetHints":{"allow":["GET"]}}],"collection":[{"href":"https:\/\/climalife.com\/hu\/wp-json\/wp\/v2\/product"}],"about":[{"href":"https:\/\/climalife.com\/hu\/wp-json\/wp\/v2\/types\/product"}],"replies":[{"embeddable":true,"href":"https:\/\/climalife.com\/hu\/wp-json\/wp\/v2\/comments?post=224985"}],"wp:featuredmedia":[{"embeddable":true,"href":"https:\/\/climalife.com\/hu\/wp-json\/wp\/v2\/media\/224986"}],"wp:attachment":[{"href":"https:\/\/climalife.com\/hu\/wp-json\/wp\/v2\/media?parent=224985"}],"wp:term":[{"taxonomy":"countries","embeddable":true,"href":"https:\/\/climalife.com\/hu\/wp-json\/wp\/v2\/countries?post=224985"},{"taxonomy":"product_brand","embeddable":true,"href":"https:\/\/climalife.com\/hu\/wp-json\/wp\/v2\/product_brand?post=224985"},{"taxonomy":"product_cat","embeddable":true,"href":"https:\/\/climalife.com\/hu\/wp-json\/wp\/v2\/product_cat?post=224985"},{"taxonomy":"product_tag","embeddable":true,"href":"https:\/\/climalife.com\/hu\/wp-json\/wp\/v2\/product_tag?post=224985"}],"curies":[{"name":"wp","href":"https:\/\/api.w.org\/{rel}","templated":true}]}}