{"id":226543,"date":"2025-07-14T07:12:31","date_gmt":"2025-07-14T07:12:31","guid":{"rendered":"https:\/\/climalife.com\/product\/next-gpl-pag-sorozat\/"},"modified":"2025-08-14T07:55:28","modified_gmt":"2025-08-14T07:55:28","slug":"next-gpl-pag-sorozat","status":"publish","type":"product","link":"https:\/\/climalife.com\/hu\/product\/next-gpl-pag-sorozat\/","title":{"rendered":"NEXT GPL PAG sorozat"},"content":{"rendered":"<p>Alkalmaz\u00e1sok:<\/p>\n<ul>\n<li>Dugatty\u00fas kompresszorok<\/li>\n<li>Forg\u00f3csavaros kompresszorok<\/li>\n<li>Sz\u00e9nhidrog\u00e9n-g\u00e1z kompresszorok<\/li>\n<li>Sz\u00e9nhidrog\u00e9n-h\u0151szivatty\u00fak \u00e9s h\u0171t\u0151rendszerek<\/li>\n<\/ul>\n<p>Kaphat\u00f3:<\/p>\n<ul>\n<li>NEXT GPL PAG 68<\/li>\n<li>NEXT GPL PAG 100<\/li>\n<li>NEXT GPL PAG 150<\/li>\n<li>NEXT GPL PAG 220<\/li>\n<\/ul>\n<p>Egy\u00e9b viszkozit\u00e1si oszt\u00e1lyokr\u00f3l k\u00e9rdezzen minket.<\/p>\n","protected":false},"excerpt":{"rendered":"<p>A NEXT GPL PAG egy polipropil\u00e9n (PO) glikol alap\u00fa k\u00e9sz\u00edtm\u00e9ny, amely ide\u00e1lis k\u00f6nny\u0171 sz\u00e9nhidrog\u00e9n g\u00e1zokhoz.<\/p>\n<p>A GPL PAG nagyobb m\u0171k\u00f6d\u00e9si hat\u00e9konys\u00e1got, kiv\u00e1l\u00f3 ken\u0151k\u00e9pess\u00e9get \u00e9s alacsonyabb h\u00edg\u00edt\u00e1si ar\u00e1nyt biztos\u00edt sz\u00e9nhidrog\u00e9n g\u00e1zokkal \u00f6sszehasonl\u00edtva az \u00e1sv\u00e1nyi vagy PAO alap\u00fa ken\u0151anyagokkal.<\/p>\n","protected":false},"featured_media":226544,"comment_status":"closed","ping_status":"closed","template":"","meta":[],"countries":[4674,4709,4756,4813,4831,4862],"product_brand":[],"product_cat":[9949,9958,9940,9994,13448],"product_tag":[],"class_list":{"0":"post-226543","1":"product","2":"type-product","3":"status-publish","4":"has-post-thumbnail","6":"countries-by","7":"countries-cu","8":"countries-ir","9":"countries-kp","10":"countries-ru","11":"countries-sy","12":"product_cat-epuletek","13":"product_cat-energia","14":"product_cat-elelmiszeripar","15":"product_cat-egyeb-iparagak","16":"product_cat-pag-hu","17":"pa_packaging-hordo-208-l-hu-49","18":"pa_packaging-kanna-20-l-hu-174","19":"pa_packaging-kanna-5-l-hu-35","21":"first","22":"instock","23":"shipping-taxable","24":"purchasable","25":"product-type-variable"},"_links":{"self":[{"href":"https:\/\/climalife.com\/hu\/wp-json\/wp\/v2\/product\/226543","targetHints":{"allow":["GET"]}}],"collection":[{"href":"https:\/\/climalife.com\/hu\/wp-json\/wp\/v2\/product"}],"about":[{"href":"https:\/\/climalife.com\/hu\/wp-json\/wp\/v2\/types\/product"}],"replies":[{"embeddable":true,"href":"https:\/\/climalife.com\/hu\/wp-json\/wp\/v2\/comments?post=226543"}],"wp:featuredmedia":[{"embeddable":true,"href":"https:\/\/climalife.com\/hu\/wp-json\/wp\/v2\/media\/226544"}],"wp:attachment":[{"href":"https:\/\/climalife.com\/hu\/wp-json\/wp\/v2\/media?parent=226543"}],"wp:term":[{"taxonomy":"countries","embeddable":true,"href":"https:\/\/climalife.com\/hu\/wp-json\/wp\/v2\/countries?post=226543"},{"taxonomy":"product_brand","embeddable":true,"href":"https:\/\/climalife.com\/hu\/wp-json\/wp\/v2\/product_brand?post=226543"},{"taxonomy":"product_cat","embeddable":true,"href":"https:\/\/climalife.com\/hu\/wp-json\/wp\/v2\/product_cat?post=226543"},{"taxonomy":"product_tag","embeddable":true,"href":"https:\/\/climalife.com\/hu\/wp-json\/wp\/v2\/product_tag?post=226543"}],"curies":[{"name":"wp","href":"https:\/\/api.w.org\/{rel}","templated":true}]}}