{"id":226545,"date":"2025-07-14T07:13:23","date_gmt":"2025-07-14T07:13:23","guid":{"rendered":"https:\/\/climalife.com\/product\/next-gpl-pao-fg\/"},"modified":"2026-03-27T12:53:13","modified_gmt":"2026-03-27T12:53:13","slug":"next-gpl-pao-fg","status":"publish","type":"product","link":"https:\/\/climalife.com\/hu\/product\/next-gpl-pao-fg\/","title":{"rendered":"NEXT GPL PAO-FG"},"content":{"rendered":"<p>Alkalmaz\u00e1sok:<\/p>\n<ul>\n<li>Dugatty\u00fas kompresszorok<\/li>\n<li>Forg\u00f3csavaros kompresszorok<\/li>\n<li>Centrifug\u00e1lis kompresszorok<\/li>\n<\/ul>\n<p>Kaphat\u00f3:<\/p>\n<ul>\n<li>NEXT GPL PAO-FG 68<\/li>\n<\/ul>\n<p>Egy\u00e9b viszkozit\u00e1si oszt\u00e1lyokr\u00f3l k\u00e9rdezzen minket.<\/p>\n","protected":false},"excerpt":{"rendered":"<p>A NEXT GPL PAO-FG egy \u00e9lelmiszeripari min\u0151s\u00e9g\u0171, polialfaolefin alap\u00fa g\u00e1zkompresszi\u00f3s ken\u0151anyag, amelyet olyan alkalmaz\u00e1sokhoz fejlesztettek ki, ahol v\u00e9letlenszer\u0171 \u00e9lelmiszerrel val\u00f3 \u00e9rintkez\u00e9s lehets\u00e9ges.<\/p>\n<p>Ide\u00e1lis CO<sub>2<\/sub>-s\u0171r\u00edt\u00e9si alkalmaz\u00e1sokhoz A GPL PAO-FG rendk\u00edv\u00fcl magas viszkozit\u00e1si indexszel \u00e9s nagyon alacsony foly\u00e1sponttal rendelkezik, ami sz\u00e9les h\u0151m\u00e9rs\u00e9kleti tartom\u00e1nyban t\u00f6rt\u00e9n\u0151 m\u0171k\u00f6d\u00e9st tesz lehet\u0151v\u00e9.<\/p>\n<p>A GPL PAO-FG emellett rozsd\u00e1sod\u00e1s, korr\u00f3zi\u00f3 \u00e9s oxid\u00e1ci\u00f3 ellen v\u00e9d\u0151, er\u0151s adal\u00e9kokat is tartalmaz. Ez alapvet\u0151 v\u00e9delmet ny\u00fajt a komponenseknek, \u00e9s hossz\u00fa olaj\u00e9lettartamot biztos\u00edt m\u00e9g zord \u00fczemi k\u00f6r\u00fclm\u00e9nyek k\u00f6z\u00f6tt is.<\/p>\n","protected":false},"featured_media":226546,"comment_status":"closed","ping_status":"closed","template":"","meta":[],"countries":[4674,4709,4756,4813,4831,4862],"product_brand":[],"product_cat":[9940,13130,13457],"product_tag":[],"class_list":{"0":"post-226545","1":"product","2":"type-product","3":"status-publish","4":"has-post-thumbnail","6":"countries-by","7":"countries-cu","8":"countries-ir","9":"countries-kp","10":"countries-ru","11":"countries-sy","12":"product_cat-elelmiszeripar","13":"product_cat-hutestechnika","14":"product_cat-pao-hu","15":"pa_packaging-hordo-208-l-hu-49","16":"pa_packaging-kanna-20-l-hu-36","18":"first","19":"instock","20":"shipping-taxable","21":"purchasable","22":"product-type-variable"},"_links":{"self":[{"href":"https:\/\/climalife.com\/hu\/wp-json\/wp\/v2\/product\/226545","targetHints":{"allow":["GET"]}}],"collection":[{"href":"https:\/\/climalife.com\/hu\/wp-json\/wp\/v2\/product"}],"about":[{"href":"https:\/\/climalife.com\/hu\/wp-json\/wp\/v2\/types\/product"}],"replies":[{"embeddable":true,"href":"https:\/\/climalife.com\/hu\/wp-json\/wp\/v2\/comments?post=226545"}],"wp:featuredmedia":[{"embeddable":true,"href":"https:\/\/climalife.com\/hu\/wp-json\/wp\/v2\/media\/226546"}],"wp:attachment":[{"href":"https:\/\/climalife.com\/hu\/wp-json\/wp\/v2\/media?parent=226545"}],"wp:term":[{"taxonomy":"countries","embeddable":true,"href":"https:\/\/climalife.com\/hu\/wp-json\/wp\/v2\/countries?post=226545"},{"taxonomy":"product_brand","embeddable":true,"href":"https:\/\/climalife.com\/hu\/wp-json\/wp\/v2\/product_brand?post=226545"},{"taxonomy":"product_cat","embeddable":true,"href":"https:\/\/climalife.com\/hu\/wp-json\/wp\/v2\/product_cat?post=226545"},{"taxonomy":"product_tag","embeddable":true,"href":"https:\/\/climalife.com\/hu\/wp-json\/wp\/v2\/product_tag?post=226545"}],"curies":[{"name":"wp","href":"https:\/\/api.w.org\/{rel}","templated":true}]}}