{"id":226547,"date":"2025-07-14T07:13:59","date_gmt":"2025-07-14T07:13:59","guid":{"rendered":"https:\/\/climalife.com\/product\/next-gpl-pag-eo\/"},"modified":"2025-08-11T08:35:28","modified_gmt":"2025-08-11T08:35:28","slug":"next-gpl-pag-eo","status":"publish","type":"product","link":"https:\/\/climalife.com\/hu\/product\/next-gpl-pag-eo\/","title":{"rendered":"NEXT GPL PAG-EO"},"content":{"rendered":"<p>Alkalmaz\u00e1sok:<\/p>\n<ul>\n<li>Dugatty\u00fas kompresszorok<\/li>\n<li>Forg\u00f3csavaros kompresszorok<\/li>\n<li>Sz\u00e9nhidrog\u00e9n g\u00e1zkompresszorok<\/li>\n<li>Sz\u00e9nhidrog\u00e9n h\u0151szivatty\u00fak \u00e9s h\u0171t\u0151rendszerek<\/li>\n<\/ul>\n<p>Kaphat\u00f3:<\/p>\n<ul>\n<li>NEXT GPL PAG-EO 32<\/li>\n<\/ul>\n<p>Egy\u00e9b viszkozit\u00e1si oszt\u00e1lyokr\u00f3l k\u00e9rj\u00fck, forduljon hozz\u00e1nk.<\/p>\n","protected":false},"excerpt":{"rendered":"<p>NEXT GPL PAG-EO is a polyethylene glycol (PEG) based gas compressor oil that ensures negligible dilution with hydrocarbon gases.<\/p>\n<p>GPL PAG-EO demonstrates virtually no miscibility with hydrocarbon gases and will reduce downstream oil losses. GPL PAG-EO is a highly stable formulation and resists carbon and varnish buildup.<\/p>\n","protected":false},"featured_media":226548,"comment_status":"closed","ping_status":"closed","template":"","meta":[],"countries":[4674,4709,4756,4813,4831,4862],"product_brand":[],"product_cat":[9958,9940,9994,13448],"product_tag":[],"class_list":{"0":"post-226547","1":"product","2":"type-product","3":"status-publish","4":"has-post-thumbnail","6":"countries-by","7":"countries-cu","8":"countries-ir","9":"countries-kp","10":"countries-ru","11":"countries-sy","12":"product_cat-energia","13":"product_cat-elelmiszeripar","14":"product_cat-egyeb-iparagak","15":"product_cat-pag-hu","16":"pa_packaging-hordo-208-l-hu-49","17":"pa_packaging-kanna-20-l-hu-174","19":"first","20":"instock","21":"shipping-taxable","22":"purchasable","23":"product-type-variable"},"_links":{"self":[{"href":"https:\/\/climalife.com\/hu\/wp-json\/wp\/v2\/product\/226547","targetHints":{"allow":["GET"]}}],"collection":[{"href":"https:\/\/climalife.com\/hu\/wp-json\/wp\/v2\/product"}],"about":[{"href":"https:\/\/climalife.com\/hu\/wp-json\/wp\/v2\/types\/product"}],"replies":[{"embeddable":true,"href":"https:\/\/climalife.com\/hu\/wp-json\/wp\/v2\/comments?post=226547"}],"wp:featuredmedia":[{"embeddable":true,"href":"https:\/\/climalife.com\/hu\/wp-json\/wp\/v2\/media\/226548"}],"wp:attachment":[{"href":"https:\/\/climalife.com\/hu\/wp-json\/wp\/v2\/media?parent=226547"}],"wp:term":[{"taxonomy":"countries","embeddable":true,"href":"https:\/\/climalife.com\/hu\/wp-json\/wp\/v2\/countries?post=226547"},{"taxonomy":"product_brand","embeddable":true,"href":"https:\/\/climalife.com\/hu\/wp-json\/wp\/v2\/product_brand?post=226547"},{"taxonomy":"product_cat","embeddable":true,"href":"https:\/\/climalife.com\/hu\/wp-json\/wp\/v2\/product_cat?post=226547"},{"taxonomy":"product_tag","embeddable":true,"href":"https:\/\/climalife.com\/hu\/wp-json\/wp\/v2\/product_tag?post=226547"}],"curies":[{"name":"wp","href":"https:\/\/api.w.org\/{rel}","templated":true}]}}