{"id":226549,"date":"2025-07-14T07:14:46","date_gmt":"2025-07-14T07:14:46","guid":{"rendered":"https:\/\/climalife.com\/product\/next-gpl-min\/"},"modified":"2025-08-11T08:12:25","modified_gmt":"2025-08-11T08:12:25","slug":"next-gpl-min","status":"publish","type":"product","link":"https:\/\/climalife.com\/hu\/product\/next-gpl-min\/","title":{"rendered":"NEXT GPL MIN"},"content":{"rendered":"<p>Alkalmaz\u00e1sok<\/p>\n<ul>\n<li>Dugatty\u00fas kompresszorok<\/li>\n<li>Forg\u00f3csavaros kompresszorok<\/li>\n<li>G\u00e1zturbin\u00e1k<\/li>\n<\/ul>\n<p>Kaphat\u00f3:<\/p>\n<ul>\n<li>NEXT GPL MIN 100<\/li>\n<\/ul>\n<p>Egy\u00e9b viszkozit\u00e1si oszt\u00e1lyokr\u00f3l k\u00e9rdezzen minket.<\/p>\n","protected":false},"excerpt":{"rendered":"<p>A NEXT GPL MIN egy g\u00e1zkompresszor-olaj, amely hidrog\u00e9nezett \u00e1sv\u00e1nyi olajokat \u00e9s fejlett adal\u00e9kanyagokat tartalmaz. A GPL MIN neh\u00e9z \u00e9s k\u00f6nny\u0171 sz\u00e9nhidrog\u00e9n g\u00e1zokban egyar\u00e1nt haszn\u00e1lhat\u00f3. Fejlett adal\u00e9kanyag-csomagja lehet\u0151v\u00e9 teszi reakt\u00edv g\u00e1zokat tartalmaz\u00f3 g\u00e1z\u00e1ramokban val\u00f3 haszn\u00e1lat\u00e1t is.<\/p>\n<p>A GPL MIN kiv\u00e1l\u00f3 v\u00edzelv\u00e1laszt\u00f3 tulajdons\u00e1gokkal rendelkezik, \u00edgy kiv\u00e1l\u00f3 v\u00e1laszt\u00e1s magas v\u00edztartalm\u00fa g\u00e1z\u00e1ramokhoz.<\/p>\n","protected":false},"featured_media":226550,"comment_status":"closed","ping_status":"closed","template":"","meta":[],"countries":[4674,4709,4756,4813,4831,4862],"product_brand":[],"product_cat":[9949,9958,13130,9347],"product_tag":[],"class_list":{"0":"post-226549","1":"product","2":"type-product","3":"status-publish","4":"has-post-thumbnail","6":"countries-by","7":"countries-cu","8":"countries-ir","9":"countries-kp","10":"countries-ru","11":"countries-sy","12":"product_cat-epuletek","13":"product_cat-energia","14":"product_cat-hutestechnika","15":"product_cat-asvanyi-olajok","16":"pa_packaging-hordo-208-l-hu-49","17":"pa_packaging-kanna-20-l-hu-36","19":"first","20":"instock","21":"shipping-taxable","22":"purchasable","23":"product-type-variable"},"_links":{"self":[{"href":"https:\/\/climalife.com\/hu\/wp-json\/wp\/v2\/product\/226549","targetHints":{"allow":["GET"]}}],"collection":[{"href":"https:\/\/climalife.com\/hu\/wp-json\/wp\/v2\/product"}],"about":[{"href":"https:\/\/climalife.com\/hu\/wp-json\/wp\/v2\/types\/product"}],"replies":[{"embeddable":true,"href":"https:\/\/climalife.com\/hu\/wp-json\/wp\/v2\/comments?post=226549"}],"wp:featuredmedia":[{"embeddable":true,"href":"https:\/\/climalife.com\/hu\/wp-json\/wp\/v2\/media\/226550"}],"wp:attachment":[{"href":"https:\/\/climalife.com\/hu\/wp-json\/wp\/v2\/media?parent=226549"}],"wp:term":[{"taxonomy":"countries","embeddable":true,"href":"https:\/\/climalife.com\/hu\/wp-json\/wp\/v2\/countries?post=226549"},{"taxonomy":"product_brand","embeddable":true,"href":"https:\/\/climalife.com\/hu\/wp-json\/wp\/v2\/product_brand?post=226549"},{"taxonomy":"product_cat","embeddable":true,"href":"https:\/\/climalife.com\/hu\/wp-json\/wp\/v2\/product_cat?post=226549"},{"taxonomy":"product_tag","embeddable":true,"href":"https:\/\/climalife.com\/hu\/wp-json\/wp\/v2\/product_tag?post=226549"}],"curies":[{"name":"wp","href":"https:\/\/api.w.org\/{rel}","templated":true}]}}