{"id":226551,"date":"2025-07-14T07:15:45","date_gmt":"2025-07-14T07:15:45","guid":{"rendered":"https:\/\/climalife.com\/product\/next-gpl-pao-sorozat\/"},"modified":"2025-08-11T08:02:38","modified_gmt":"2025-08-11T08:02:38","slug":"next-gpl-pao-sorozat","status":"publish","type":"product","link":"https:\/\/climalife.com\/hu\/product\/next-gpl-pao-sorozat\/","title":{"rendered":"NEXT GPL PAO Sorozat"},"content":{"rendered":"<p>Alkalmaz\u00e1sok:<\/p>\n<ul>\n<li>Dugatty\u00fas kompresszorok<\/li>\n<li>Forg\u00f3csavaros kompresszorok<\/li>\n<li>Centrifug\u00e1lis kompresszorok<\/li>\n<\/ul>\n<p>&nbsp;<\/p>\n<p>Kaphat\u00f3:<\/p>\n<ul>\n<li>NEXT GPL PAO 100<\/li>\n<li>NEXT GPL PAO 150<\/li>\n<\/ul>\n<p>Egy\u00e9b viszkozit\u00e1si oszt\u00e1lyokr\u00f3l k\u00e9rdezzen minket.<\/p>\n","protected":false},"excerpt":{"rendered":"<p>A NEXT GPL PAO egy g\u00e1zkompresszor-ken\u0151anyag, amely polialfaolefint \u00e9s fejlett adal\u00e9kokat tartalmaz. Ez a kombin\u00e1ci\u00f3 kiv\u00e1l\u00f3 stabilit\u00e1st \u00e9s tisztas\u00e1got biztos\u00edt sz\u00e9les \u00fczemi tartom\u00e1nyban.<\/p>\n<p>A GPL PAO ide\u00e1lis olyan alkalmaz\u00e1sokhoz, amelyek hajlamosak a sz\u00e9n- \u00e9s lakkr\u00e9teg k\u00e9pz\u0151d\u00e9s\u00e9re. A GPL PAO jobb stabilit\u00e1st \u00e9s v\u00edzszepar\u00e1ci\u00f3t biztos\u00edt az \u00e9szter- \u00e9s PAG-k\u00e9sz\u00edtm\u00e9nyekhez k\u00e9pest, ha magas v\u00edztartalm\u00fa g\u00e1z\u00e1ramokban haszn\u00e1lj\u00e1k.<\/p>\n<p>A GPL PAO magas viszkozit\u00e1si indexszel \u00e9s nagyon alacsony foly\u00e1sponttal rendelkezik, ami sz\u00e9les h\u0151m\u00e9rs\u00e9kleti tartom\u00e1nyban t\u00f6rt\u00e9n\u0151 m\u0171k\u00f6d\u00e9st tesz lehet\u0151v\u00e9.<\/p>\n","protected":false},"featured_media":226552,"comment_status":"closed","ping_status":"closed","template":"","meta":[],"countries":[4674,4709,4756,4813,4831,4862],"product_brand":[],"product_cat":[9949,9958,9994,13130,13457],"product_tag":[],"class_list":{"0":"post-226551","1":"product","2":"type-product","3":"status-publish","4":"has-post-thumbnail","6":"countries-by","7":"countries-cu","8":"countries-ir","9":"countries-kp","10":"countries-ru","11":"countries-sy","12":"product_cat-epuletek","13":"product_cat-energia","14":"product_cat-egyeb-iparagak","15":"product_cat-hutestechnika","16":"product_cat-pao-hu","17":"pa_packaging-hordo-208-l-hu-49","18":"pa_packaging-kanna-20-l-hu-36","20":"first","21":"instock","22":"shipping-taxable","23":"purchasable","24":"product-type-variable"},"_links":{"self":[{"href":"https:\/\/climalife.com\/hu\/wp-json\/wp\/v2\/product\/226551","targetHints":{"allow":["GET"]}}],"collection":[{"href":"https:\/\/climalife.com\/hu\/wp-json\/wp\/v2\/product"}],"about":[{"href":"https:\/\/climalife.com\/hu\/wp-json\/wp\/v2\/types\/product"}],"replies":[{"embeddable":true,"href":"https:\/\/climalife.com\/hu\/wp-json\/wp\/v2\/comments?post=226551"}],"wp:featuredmedia":[{"embeddable":true,"href":"https:\/\/climalife.com\/hu\/wp-json\/wp\/v2\/media\/226552"}],"wp:attachment":[{"href":"https:\/\/climalife.com\/hu\/wp-json\/wp\/v2\/media?parent=226551"}],"wp:term":[{"taxonomy":"countries","embeddable":true,"href":"https:\/\/climalife.com\/hu\/wp-json\/wp\/v2\/countries?post=226551"},{"taxonomy":"product_brand","embeddable":true,"href":"https:\/\/climalife.com\/hu\/wp-json\/wp\/v2\/product_brand?post=226551"},{"taxonomy":"product_cat","embeddable":true,"href":"https:\/\/climalife.com\/hu\/wp-json\/wp\/v2\/product_cat?post=226551"},{"taxonomy":"product_tag","embeddable":true,"href":"https:\/\/climalife.com\/hu\/wp-json\/wp\/v2\/product_tag?post=226551"}],"curies":[{"name":"wp","href":"https:\/\/api.w.org\/{rel}","templated":true}]}}