{"id":227413,"date":"2025-08-01T08:24:40","date_gmt":"2025-08-01T08:24:40","guid":{"rendered":"https:\/\/climalife.com\/product\/novexpans-isobutane-dme-10-90\/"},"modified":"2025-09-03T06:10:13","modified_gmt":"2025-09-03T06:10:13","slug":"novexpans-isobutane-dme-10-90","status":"publish","type":"product","link":"https:\/\/climalife.com\/hu\/product\/novexpans-isobutane-dme-10-90\/","title":{"rendered":"NOVEXPANS\u2122 isobutane\/DME (10\/90)"},"content":{"rendered":"<p>Ennek k\u00f6vetkezt\u00e9ben nem tartozik a Kiot\u00f3i Jegyz\u0151k\u00f6nyv \u00e9s az F-G\u00e1z III rendelet (2024\/573) hat\u00e1lya al\u00e1.<\/p>\n","protected":false},"excerpt":{"rendered":"<p>A NOVEXPANS\u2122 izobutane\/DME (10\/90) egy garant\u00e1lt tulajdons\u00e1gokkal rendelkez\u0151 g\u00e1z, amelyet poliuret\u00e1n habok \u00e9s extrud\u00e1lt polisztirol habok habos\u00edt\u00e1s\u00e1ra haszn\u00e1lnak. Nincs hat\u00e1sa az \u00f3zonr\u00e9tegre, \u00e9s elhanyagolhat\u00f3 hat\u00e1sa van az \u00fcvegh\u00e1zhat\u00e1sra.<\/p>\n","protected":false},"featured_media":227414,"comment_status":"closed","ping_status":"closed","template":"","meta":[],"countries":[4674,4709,4756,4813,4831,4862],"product_brand":[],"product_cat":[9994,9958,9949,9506,13105],"product_tag":[],"class_list":{"0":"post-227413","1":"product","2":"type-product","3":"status-publish","4":"has-post-thumbnail","6":"countries-by","7":"countries-cu","8":"countries-ir","9":"countries-kp","10":"countries-ru","11":"countries-sy","12":"product_cat-egyeb-iparagak","13":"product_cat-energia","14":"product_cat-epuletek","15":"product_cat-szenhidrogenek","16":"product_cat-szigeteles","17":"pa_packaging-tartaly-930-l-hu-76","18":"pa_packaging-tartalyos-hu-168","20":"first","21":"instock","22":"shipping-taxable","23":"purchasable","24":"product-type-variable"},"_links":{"self":[{"href":"https:\/\/climalife.com\/hu\/wp-json\/wp\/v2\/product\/227413","targetHints":{"allow":["GET"]}}],"collection":[{"href":"https:\/\/climalife.com\/hu\/wp-json\/wp\/v2\/product"}],"about":[{"href":"https:\/\/climalife.com\/hu\/wp-json\/wp\/v2\/types\/product"}],"replies":[{"embeddable":true,"href":"https:\/\/climalife.com\/hu\/wp-json\/wp\/v2\/comments?post=227413"}],"wp:featuredmedia":[{"embeddable":true,"href":"https:\/\/climalife.com\/hu\/wp-json\/wp\/v2\/media\/227414"}],"wp:attachment":[{"href":"https:\/\/climalife.com\/hu\/wp-json\/wp\/v2\/media?parent=227413"}],"wp:term":[{"taxonomy":"countries","embeddable":true,"href":"https:\/\/climalife.com\/hu\/wp-json\/wp\/v2\/countries?post=227413"},{"taxonomy":"product_brand","embeddable":true,"href":"https:\/\/climalife.com\/hu\/wp-json\/wp\/v2\/product_brand?post=227413"},{"taxonomy":"product_cat","embeddable":true,"href":"https:\/\/climalife.com\/hu\/wp-json\/wp\/v2\/product_cat?post=227413"},{"taxonomy":"product_tag","embeddable":true,"href":"https:\/\/climalife.com\/hu\/wp-json\/wp\/v2\/product_tag?post=227413"}],"curies":[{"name":"wp","href":"https:\/\/api.w.org\/{rel}","templated":true}]}}