{"id":230477,"date":"2026-01-28T14:15:54","date_gmt":"2026-01-28T14:15:54","guid":{"rendered":"https:\/\/climalife.com\/product\/frionett-activ-n-rtu-szorofejes-750ml\/"},"modified":"2026-03-26T07:21:27","modified_gmt":"2026-03-26T07:21:27","slug":"frionett-activ-n-rtu-szorofejes-750ml","status":"publish","type":"product","link":"https:\/\/climalife.com\/hu\/product\/frionett-activ-n-rtu-szorofejes-750ml\/","title":{"rendered":"Frionett\u00ae Activ\u2019 N RTU Sz\u00f3r\u00f3fejes 750 ml"},"content":{"rendered":"<p>Hat\u00e9konyan tiszt\u00edt \u00e9s zs\u00edrtalan\u00edt, elt\u00e1vol\u00edtja a bakt\u00e9riumokat, \u00e9leszt\u0151gomb\u00e1kat \u00e9s v\u00edrusokat, valamint megsz\u00fcnteti a szennyez\u0151d\u00e9seket \u00e9s a kellemetlen szagokat.<\/p>\n<p>A biocid szab\u00e1lyoz\u00e1s hat\u00e1lya al\u00e1 tartoz\u00f3 fert\u0151tlen\u00edt\u0151 szer.<br \/>\nEur\u00f3p\u00e1ban ez a term\u00e9k csak Franciaorsz\u00e1gban, N\u00e9metorsz\u00e1gban, Sv\u00e1jcban \u00e9s Magyarorsz\u00e1gon forgalmazhat\u00f3.<\/p>\n","protected":false},"excerpt":{"rendered":"<p>A Frionett<sup>\u00ae<\/sup> Activ\u2019 N term\u00e9kcsal\u00e1d tiszt\u00edt, fert\u0151tlen\u00edt, zs\u00edrtalan\u00edt \u00e9s szagtalan\u00edt. H\u0171t\u0151- \u00e9s l\u00e9gkondicion\u00e1l\u00f3 berendez\u00e9sek tiszt\u00edt\u00e1s\u00e1ra haszn\u00e1lhat\u00f3, p\u00e9ld\u00e1ul elp\u00e1rologtat\u00f3k, ventil\u00e1torok \u00e9s burkolatok eset\u00e9ben.<\/p>\n<p>Fert\u0151tlen\u00edt\u0151 \u00f6sszet\u00e9tele kifejezetten bakt\u00e9riumok, \u00e9leszt\u0151gomb\u00e1k \u00e9s v\u00edrusok hat\u00e9kony kezel\u00e9s\u00e9re lett kifejlesztve.<\/p>\n<p>A Frionett<sup>\u00ae<\/sup> Activ\u2019 N RTU egy felhaszn\u00e1l\u00e1sra k\u00e9sz sz\u00f3r\u00f3fejes fert\u0151tlen\u00edt\u0151, szagtalan\u00edt\u00f3 \u00e9s zs\u00edrtalan\u00edt\u00f3, melyet h\u0171t\u0151- \u00e9s l\u00e9gkondicion\u00e1l\u00f3 berendez\u00e9sek karbantart\u00e1s\u00e1hoz, k\u00fcl\u00f6n\u00f6sen h\u0151cser\u00e9l\u0151k, elp\u00e1rologtat\u00f3k \u00e9s nagy m\u00e9ret\u0171 h\u0171t\u00f6tt vitrinekhez haszn\u00e1lhat\u00f3.<\/p>\n","protected":false},"featured_media":230498,"comment_status":"closed","ping_status":"closed","template":"","meta":[],"countries":[4652,4657,4660,4668,4674,4675,4681,4683,4688,4708,4709,4710,4711,4713,4722,4725,4727,4730,4731,4732,4739,4740,4753,4756,4758,4760,9125,4770,4775,4776,4777,4779,4785,4794,4796,4804,4813,4815,4826,4827,4893,4831,4839,4843,4847,4848,4854,4858,4860,4862,4873,4880,4886],"product_brand":[],"product_cat":[9949,9940,9994,13061,13096,13130,9563],"product_tag":[],"class_list":{"0":"post-230477","1":"product","2":"type-product","3":"status-publish","4":"has-post-thumbnail","6":"countries-al","7":"countries-ad","8":"countries-aq","9":"countries-at","10":"countries-by","11":"countries-be","12":"countries-ba","13":"countries-bv","14":"countries-bg","15":"countries-hr","16":"countries-cu","17":"countries-cy","18":"countries-cz","19":"countries-dk","20":"countries-ee","21":"countries-fo","22":"countries-fi","23":"countries-gn","24":"countries-pf","25":"countries-tf","26":"countries-gr","27":"countries-gl","28":"countries-is","29":"countries-ir","30":"countries-ie","31":"countries-it","32":"countries-xk","33":"countries-lv","34":"countries-li","35":"countries-lt","36":"countries-lu","37":"countries-mk","38":"countries-mt","39":"countries-mc","40":"countries-me","41":"countries-nl","42":"countries-kp","43":"countries-no","44":"countries-pl","45":"countries-pt","46":"countries-ro","47":"countries-ru","48":"countries-sm","49":"countries-rs","50":"countries-sk","51":"countries-si","52":"countries-es","53":"countries-sj","54":"countries-se","55":"countries-sy","56":"countries-tr","57":"countries-gb","58":"countries-va","59":"product_cat-epuletek","60":"product_cat-elelmiszeripar","61":"product_cat-egyeb-iparagak","62":"product_cat-legkondicionalas","63":"product_cat-futes","64":"product_cat-hutestechnika","65":"product_cat-hutoberendezesek-kulso-tisztitasa","66":"pa_packaging-szorofej-750-ml-hu-206","68":"first","69":"instock","70":"shipping-taxable","71":"purchasable","72":"product-type-variable"},"_links":{"self":[{"href":"https:\/\/climalife.com\/hu\/wp-json\/wp\/v2\/product\/230477","targetHints":{"allow":["GET"]}}],"collection":[{"href":"https:\/\/climalife.com\/hu\/wp-json\/wp\/v2\/product"}],"about":[{"href":"https:\/\/climalife.com\/hu\/wp-json\/wp\/v2\/types\/product"}],"replies":[{"embeddable":true,"href":"https:\/\/climalife.com\/hu\/wp-json\/wp\/v2\/comments?post=230477"}],"wp:featuredmedia":[{"embeddable":true,"href":"https:\/\/climalife.com\/hu\/wp-json\/wp\/v2\/media\/230498"}],"wp:attachment":[{"href":"https:\/\/climalife.com\/hu\/wp-json\/wp\/v2\/media?parent=230477"}],"wp:term":[{"taxonomy":"countries","embeddable":true,"href":"https:\/\/climalife.com\/hu\/wp-json\/wp\/v2\/countries?post=230477"},{"taxonomy":"product_brand","embeddable":true,"href":"https:\/\/climalife.com\/hu\/wp-json\/wp\/v2\/product_brand?post=230477"},{"taxonomy":"product_cat","embeddable":true,"href":"https:\/\/climalife.com\/hu\/wp-json\/wp\/v2\/product_cat?post=230477"},{"taxonomy":"product_tag","embeddable":true,"href":"https:\/\/climalife.com\/hu\/wp-json\/wp\/v2\/product_tag?post=230477"}],"curies":[{"name":"wp","href":"https:\/\/api.w.org\/{rel}","templated":true}]}}