{"id":230478,"date":"2026-01-28T14:37:13","date_gmt":"2026-01-28T14:37:13","guid":{"rendered":"https:\/\/climalife.com\/product\/frionett-activ-n-koncentratum-5-l\/"},"modified":"2026-03-24T07:58:12","modified_gmt":"2026-03-24T07:58:12","slug":"frionett-activ-n-koncentratum-5-l","status":"publish","type":"product","link":"https:\/\/climalife.com\/hu\/product\/frionett-activ-n-koncentratum-5-l\/","title":{"rendered":"Frionett\u00ae Activ\u2019 N Koncentr\u00e1tum 5 l"},"content":{"rendered":"<p>A biocidekre vonatkoz\u00f3 szab\u00e1lyoz\u00e1s hat\u00e1lya al\u00e1 tartoz\u00f3 fert\u0151tlen\u00edt\u0151szer.<br \/>\nEur\u00f3p\u00e1ban ez a term\u00e9k csak Franciaorsz\u00e1gban, N\u00e9metorsz\u00e1gban, Sv\u00e1jcban \u00e9s Magyarorsz\u00e1gon forgalmazhat\u00f3.<\/p>\n","protected":false},"excerpt":{"rendered":"<p>A Frionett<sup>\u00ae<\/sup> Activ\u2019 N term\u00e9kcsal\u00e1d tiszt\u00edt, fert\u0151tlen\u00edt, zs\u00edrtalan\u00edt \u00e9s megsz\u00fcnteti a kellemetlen szagokat. H\u0171t\u0151- \u00e9s l\u00e9gkondicion\u00e1l\u00f3 berendez\u00e9sek tiszt\u00edt\u00e1s\u00e1ra haszn\u00e1lhat\u00f3, p\u00e9ld\u00e1ul elp\u00e1rologtat\u00f3k, ventil\u00e1torok \u00e9s burkolatok eset\u00e9ben.<\/p>\n<p>Fert\u0151tlen\u00edt\u0151 \u00f6sszet\u00e9tel\u00e9t \u00fagy fejlesztett\u00e9k ki, hogy hat\u00e9konyan elpuszt\u00edtsa a h\u0151cser\u00e9l\u0151k\u00f6n megjelen\u0151 bakt\u00e9riumokat, \u00e9leszt\u0151gomb\u00e1kat \u00e9s v\u00edrusokat.<\/p>\n<p>A Frionett<sup>\u00ae<\/sup> Activ\u2019 N Koncentr\u00e1tum (5 l) h\u00edg\u00edtva alkalmazhat\u00f3 h\u0171t\u0151rendszerek karbantart\u00e1s\u00e1hoz, k\u00fcl\u00f6n\u00f6sen elp\u00e1rologtat\u00f3k, h\u0151cser\u00e9l\u0151k \u00e9s nagym\u00e9ret\u0171 h\u0171t\u00f6tt vitrinek eset\u00e9ben. Hat\u00e9konyan tiszt\u00edt \u00e9s zs\u00edrtalan\u00edt, elt\u00e1vol\u00edtja a bakt\u00e9riumokat, \u00e9leszt\u0151gomb\u00e1kat \u00e9s v\u00edrusokat, valamint megsz\u00fcnteti a szennyez\u0151d\u00e9seket \u00e9s a kellemetlen szagokat.<\/p>\n","protected":false},"featured_media":230434,"comment_status":"closed","ping_status":"closed","template":"","meta":[],"countries":[],"product_brand":[],"product_cat":[9994,9940,9949,13096,13130,9563,13061],"product_tag":[],"class_list":{"0":"post-230478","1":"product","2":"type-product","3":"status-publish","4":"has-post-thumbnail","6":"product_cat-egyeb-iparagak","7":"product_cat-elelmiszeripar","8":"product_cat-epuletek","9":"product_cat-futes","10":"product_cat-hutestechnika","11":"product_cat-hutoberendezesek-kulso-tisztitasa","12":"product_cat-legkondicionalas","13":"pa_packaging-kanna-5-l-hu-35","15":"first","16":"instock","17":"shipping-taxable","18":"purchasable","19":"product-type-variable"},"_links":{"self":[{"href":"https:\/\/climalife.com\/hu\/wp-json\/wp\/v2\/product\/230478","targetHints":{"allow":["GET"]}}],"collection":[{"href":"https:\/\/climalife.com\/hu\/wp-json\/wp\/v2\/product"}],"about":[{"href":"https:\/\/climalife.com\/hu\/wp-json\/wp\/v2\/types\/product"}],"replies":[{"embeddable":true,"href":"https:\/\/climalife.com\/hu\/wp-json\/wp\/v2\/comments?post=230478"}],"wp:featuredmedia":[{"embeddable":true,"href":"https:\/\/climalife.com\/hu\/wp-json\/wp\/v2\/media\/230434"}],"wp:attachment":[{"href":"https:\/\/climalife.com\/hu\/wp-json\/wp\/v2\/media?parent=230478"}],"wp:term":[{"taxonomy":"countries","embeddable":true,"href":"https:\/\/climalife.com\/hu\/wp-json\/wp\/v2\/countries?post=230478"},{"taxonomy":"product_brand","embeddable":true,"href":"https:\/\/climalife.com\/hu\/wp-json\/wp\/v2\/product_brand?post=230478"},{"taxonomy":"product_cat","embeddable":true,"href":"https:\/\/climalife.com\/hu\/wp-json\/wp\/v2\/product_cat?post=230478"},{"taxonomy":"product_tag","embeddable":true,"href":"https:\/\/climalife.com\/hu\/wp-json\/wp\/v2\/product_tag?post=230478"}],"curies":[{"name":"wp","href":"https:\/\/api.w.org\/{rel}","templated":true}]}}