{"id":231249,"date":"2026-03-04T17:07:16","date_gmt":"2026-03-04T17:07:16","guid":{"rendered":"https:\/\/climalife.com\/product\/next-717-syn\/"},"modified":"2026-03-04T17:20:52","modified_gmt":"2026-03-04T17:20:52","slug":"next-717-syn","status":"publish","type":"product","link":"https:\/\/climalife.com\/hu\/product\/next-717-syn\/","title":{"rendered":"NEXT 717-SYN"},"content":{"rendered":"<p>Alkalmaz\u00e1sok:<\/p>\n<ul>\n<li>Dugatty\u00fas kompresszorok<\/li>\n<li>Csavarkompresszorok<\/li>\n<li>-57 \u00b0C-ig \u00fczemel\u0151 alkalmaz\u00e1sokban<\/li>\n<\/ul>\n<p>El\u00e9rhet\u0151:<\/p>\n<ul>\n<li>NEXT 717-68-SYN<\/li>\n<\/ul>\n","protected":false},"excerpt":{"rendered":"<p>A NEXT SYN 717-68 egy polialfaolefin (PAO) alap\u00fa kompresszorolaj, amelyet kifejezetten ultraalacsony h\u0151m\u00e9rs\u00e9kleten m\u0171k\u00f6d\u0151 amm\u00f3ni\u00e1s h\u0171t\u0151rendszerekhez fejlesztettek ki. A rendk\u00edv\u00fcl stabil PAO alapolajok haszn\u00e1lat\u00e1nak k\u00f6sz\u00f6nhet\u0151en a SYN 717-68 alacsonyabb olaj\u00e1tvitel-ar\u00e1nyt biztos\u00edt, mint a \u00e1sv\u00e1nyi olajok \u00e9s a PAO\/AB kever\u00e9kekb\u0151l \u00e1ll\u00f3 k\u00e9sz\u00edtm\u00e9nyek.<\/p>\n","protected":false},"featured_media":228157,"comment_status":"closed","ping_status":"closed","template":"","meta":[],"countries":[],"product_brand":[],"product_cat":[9958,9940,9994,13130,13457],"product_tag":[],"class_list":{"0":"post-231249","1":"product","2":"type-product","3":"status-publish","4":"has-post-thumbnail","6":"product_cat-energia","7":"product_cat-elelmiszeripar","8":"product_cat-egyeb-iparagak","9":"product_cat-hutestechnika","10":"product_cat-pao-hu","11":"pa_packaging-hordo-208-l-hu-49","12":"pa_packaging-kanna-19-l-hu-336","14":"first","15":"instock","16":"shipping-taxable","17":"purchasable","18":"product-type-variable"},"_links":{"self":[{"href":"https:\/\/climalife.com\/hu\/wp-json\/wp\/v2\/product\/231249","targetHints":{"allow":["GET"]}}],"collection":[{"href":"https:\/\/climalife.com\/hu\/wp-json\/wp\/v2\/product"}],"about":[{"href":"https:\/\/climalife.com\/hu\/wp-json\/wp\/v2\/types\/product"}],"replies":[{"embeddable":true,"href":"https:\/\/climalife.com\/hu\/wp-json\/wp\/v2\/comments?post=231249"}],"wp:featuredmedia":[{"embeddable":true,"href":"https:\/\/climalife.com\/hu\/wp-json\/wp\/v2\/media\/228157"}],"wp:attachment":[{"href":"https:\/\/climalife.com\/hu\/wp-json\/wp\/v2\/media?parent=231249"}],"wp:term":[{"taxonomy":"countries","embeddable":true,"href":"https:\/\/climalife.com\/hu\/wp-json\/wp\/v2\/countries?post=231249"},{"taxonomy":"product_brand","embeddable":true,"href":"https:\/\/climalife.com\/hu\/wp-json\/wp\/v2\/product_brand?post=231249"},{"taxonomy":"product_cat","embeddable":true,"href":"https:\/\/climalife.com\/hu\/wp-json\/wp\/v2\/product_cat?post=231249"},{"taxonomy":"product_tag","embeddable":true,"href":"https:\/\/climalife.com\/hu\/wp-json\/wp\/v2\/product_tag?post=231249"}],"curies":[{"name":"wp","href":"https:\/\/api.w.org\/{rel}","templated":true}]}}