{"id":231254,"date":"2026-03-04T17:29:00","date_gmt":"2026-03-04T17:29:00","guid":{"rendered":"https:\/\/climalife.com\/product\/next-744-pag\/"},"modified":"2026-03-04T17:34:37","modified_gmt":"2026-03-04T17:34:37","slug":"next-744-pag","status":"publish","type":"product","link":"https:\/\/climalife.com\/hu\/product\/next-744-pag\/","title":{"rendered":"NEXT 744-PAG"},"content":{"rendered":"<p>A NEXT 744-PAG fejlett kop\u00e1sg\u00e1tl\u00f3 \u00e9s korr\u00f3zi\u00f3g\u00e1tl\u00f3 tulajdons\u00e1gokkal rendelkezik, \u00edgy kiv\u00e1l\u00f3 teljes\u00edtm\u00e9nyt biztos\u00edt transzkritikus \u00e9s szubkritikus CO\u2082-h\u0171t\u0151rendszerekben.<\/p>\n","protected":false},"excerpt":{"rendered":"<p>A NEXT 744-PAG egy polialk\u00e9n-glikol (PAG) alap\u00fa olaj, ami kiv\u00e1l\u00f3 teljes\u00edtm\u00e9nyt ny\u00fajt kereskedelmi \u00e9s ipari h\u0171t\u0151rendszerekben. A NEXT 744-PAG ide\u00e1lis sz\u00e9n-dioxidos (CO\u2082) rendszerekben val\u00f3 haszn\u00e1lathoz.<\/p>\n","protected":false},"featured_media":230411,"comment_status":"closed","ping_status":"closed","template":"","meta":[],"countries":[],"product_brand":[],"product_cat":[9958,9940,9994,13448],"product_tag":[],"class_list":{"0":"post-231254","1":"product","2":"type-product","3":"status-publish","4":"has-post-thumbnail","6":"product_cat-energia","7":"product_cat-elelmiszeripar","8":"product_cat-egyeb-iparagak","9":"product_cat-pag-hu","10":"pa_packaging-kanna-1-l-hu-63","11":"pa_packaging-kanna-5-l-hu-35","13":"first","14":"instock","15":"shipping-taxable","16":"purchasable","17":"product-type-variable"},"_links":{"self":[{"href":"https:\/\/climalife.com\/hu\/wp-json\/wp\/v2\/product\/231254","targetHints":{"allow":["GET"]}}],"collection":[{"href":"https:\/\/climalife.com\/hu\/wp-json\/wp\/v2\/product"}],"about":[{"href":"https:\/\/climalife.com\/hu\/wp-json\/wp\/v2\/types\/product"}],"replies":[{"embeddable":true,"href":"https:\/\/climalife.com\/hu\/wp-json\/wp\/v2\/comments?post=231254"}],"wp:featuredmedia":[{"embeddable":true,"href":"https:\/\/climalife.com\/hu\/wp-json\/wp\/v2\/media\/230411"}],"wp:attachment":[{"href":"https:\/\/climalife.com\/hu\/wp-json\/wp\/v2\/media?parent=231254"}],"wp:term":[{"taxonomy":"countries","embeddable":true,"href":"https:\/\/climalife.com\/hu\/wp-json\/wp\/v2\/countries?post=231254"},{"taxonomy":"product_brand","embeddable":true,"href":"https:\/\/climalife.com\/hu\/wp-json\/wp\/v2\/product_brand?post=231254"},{"taxonomy":"product_cat","embeddable":true,"href":"https:\/\/climalife.com\/hu\/wp-json\/wp\/v2\/product_cat?post=231254"},{"taxonomy":"product_tag","embeddable":true,"href":"https:\/\/climalife.com\/hu\/wp-json\/wp\/v2\/product_tag?post=231254"}],"curies":[{"name":"wp","href":"https:\/\/api.w.org\/{rel}","templated":true}]}}