{"id":157154,"date":"2022-09-28T16:44:28","date_gmt":"2022-09-28T16:44:28","guid":{"rendered":"http:\/\/climalife.com\/product\/acitest-unipro-ww\/"},"modified":"2024-01-25T13:53:42","modified_gmt":"2024-01-25T13:53:42","slug":"acitest-unipro-ww","status":"publish","type":"product","link":"https:\/\/climalife.com\/it\/product\/acitest-unipro-ww\/","title":{"rendered":"Acitest Unipro WW"},"content":{"rendered":"<p>D\u00e0 un&#8217;indicazione del suo stato: buono, al limite, acido.<\/p>\n<p>Questo test di acidit\u00e0 fornisce una diagnosi rapida che aumenta la sicurezza e la produttivit\u00e0 degli impianti riducendo il rischio di rotture e di potenziali guasti legati all&#8217;acidit\u00e0 dell&#8217;olio.<\/p>\n<p><strong>Novit\u00e0: Acitest Unipro WW \u00e8 disponibile in tutto il mondo!<\/strong><\/p>\n","protected":false},"excerpt":{"rendered":"<p>Sviluppato da Climalife, l&#8217;Acitest Unipro WW permette di controllare istantaneamente il livello di acidit\u00e0 degli oli refrigeranti additivati e non additivati, indipendentemente dalla loro natura.<\/p>\n","protected":false},"featured_media":132165,"comment_status":"open","ping_status":"closed","template":"","meta":[],"countries":[4674,4709,4756,4813,4831,4862],"product_brand":[],"product_cat":[9986,9978,9951,9942,9969,9996,13060,13095,13129,9367],"product_tag":[],"class_list":{"0":"post-157154","1":"product","2":"type-product","3":"status-publish","4":"has-post-thumbnail","6":"countries-by","7":"countries-cu","8":"countries-ir","9":"countries-kp","10":"countries-ru","11":"countries-sy","12":"product_cat-aeronautica-aerospazio-difesa","13":"product_cat-trasporti","14":"product_cat-edifici","15":"product_cat-industria-alimentare","16":"product_cat-salute-benessere","17":"product_cat-altre-industrie","18":"product_cat-aria-condizionata","19":"product_cat-riscaldamento","20":"product_cat-refrigerazione","21":"product_cat-analisi-oli","22":"pa_packaging-cartone-da-6-it-1","24":"first","25":"instock","26":"shipping-taxable","27":"purchasable","28":"product-type-variable"},"_links":{"self":[{"href":"https:\/\/climalife.com\/it\/wp-json\/wp\/v2\/product\/157154","targetHints":{"allow":["GET"]}}],"collection":[{"href":"https:\/\/climalife.com\/it\/wp-json\/wp\/v2\/product"}],"about":[{"href":"https:\/\/climalife.com\/it\/wp-json\/wp\/v2\/types\/product"}],"replies":[{"embeddable":true,"href":"https:\/\/climalife.com\/it\/wp-json\/wp\/v2\/comments?post=157154"}],"wp:featuredmedia":[{"embeddable":true,"href":"https:\/\/climalife.com\/it\/wp-json\/wp\/v2\/media\/132165"}],"wp:attachment":[{"href":"https:\/\/climalife.com\/it\/wp-json\/wp\/v2\/media?parent=157154"}],"wp:term":[{"taxonomy":"countries","embeddable":true,"href":"https:\/\/climalife.com\/it\/wp-json\/wp\/v2\/countries?post=157154"},{"taxonomy":"product_brand","embeddable":true,"href":"https:\/\/climalife.com\/it\/wp-json\/wp\/v2\/product_brand?post=157154"},{"taxonomy":"product_cat","embeddable":true,"href":"https:\/\/climalife.com\/it\/wp-json\/wp\/v2\/product_cat?post=157154"},{"taxonomy":"product_tag","embeddable":true,"href":"https:\/\/climalife.com\/it\/wp-json\/wp\/v2\/product_tag?post=157154"}],"curies":[{"name":"wp","href":"https:\/\/api.w.org\/{rel}","templated":true}]}}