{"id":160249,"date":"2022-09-28T17:40:33","date_gmt":"2022-09-28T17:40:33","guid":{"rendered":"http:\/\/climalife.com\/product\/mobil-gargoyle-arctic-68-nh\/"},"modified":"2024-02-12T09:51:38","modified_gmt":"2024-02-12T09:51:38","slug":"mobil-gargoyle-arctic-68-nh","status":"publish","type":"product","link":"https:\/\/climalife.com\/it\/product\/mobil-gargoyle-arctic-68-nh\/","title":{"rendered":"MOBIL GARGOYLE ARCTIC 68 NH"},"content":{"rendered":"<p><strong>Caratteristiche e vantaggi<br \/>\n<\/strong><\/p>\n<p>&#8211; Bassa volatilit\u00e0 per ridurre il consumo di olio (riduzione del numero di aggiunte) limitando la fluidificazione dell&#8217;olio a seguito del frazionamento<br \/>\n&#8211; Bassa viscosit\u00e0 Brookfield che contribuisce al buon flusso dell&#8217;olio e al suo buon ritorno dell&#8217;evaporatore<br \/>\n&#8211; Protezione della superficie per prolungare la durata delle apparecchiature, ridurre i costi di riparazione<br \/>\n&#8211; Indice di viscosit\u00e0 elevato per una buona lubrificazione del compressore in una vasta gamma di temperature di servizio<br \/>\n&#8211; Compatibilit\u00e0 del refrigerante che contribuisce a una buona separazione (miscibilit\u00e0 molto bassa con NH3)<\/p>\n<p>&nbsp;<\/p>\n<p>&nbsp;<\/p>\n","protected":false},"excerpt":{"rendered":"<p>Mobil Gargoyle Arctic 68 NH \u00e8 un olio ad alte prestazioni appositamente progettato per la lubrificazione dei compressori frigoriferi a pistone e a vite che utilizzano ammoniaca (NH3, R-717). \u00c8 formulato da un olio a base paraffinica minerale di alta qualit\u00e0 che mostra eccellenti prestazioni a basse temperature, bassa volatilit\u00e0 e buona stabilit\u00e0 termica.<\/p>\n","protected":false},"featured_media":125010,"comment_status":"open","ping_status":"closed","template":"","meta":[],"countries":[4674,4709,4756,4813,4831,4862],"product_brand":[],"product_cat":[9986,9942,9969,9996,13095,13129,9349],"product_tag":[],"class_list":{"0":"post-160249","1":"product","2":"type-product","3":"status-publish","4":"has-post-thumbnail","6":"countries-by","7":"countries-cu","8":"countries-ir","9":"countries-kp","10":"countries-ru","11":"countries-sy","12":"product_cat-aeronautica-aerospazio-difesa","13":"product_cat-industria-alimentare","14":"product_cat-salute-benessere","15":"product_cat-altre-industrie","16":"product_cat-riscaldamento","17":"product_cat-refrigerazione","18":"product_cat-oli-minerali","19":"pa_packaging-fusto-da-208-l-it-49","21":"first","22":"instock","23":"shipping-taxable","24":"purchasable","25":"product-type-variable"},"_links":{"self":[{"href":"https:\/\/climalife.com\/it\/wp-json\/wp\/v2\/product\/160249","targetHints":{"allow":["GET"]}}],"collection":[{"href":"https:\/\/climalife.com\/it\/wp-json\/wp\/v2\/product"}],"about":[{"href":"https:\/\/climalife.com\/it\/wp-json\/wp\/v2\/types\/product"}],"replies":[{"embeddable":true,"href":"https:\/\/climalife.com\/it\/wp-json\/wp\/v2\/comments?post=160249"}],"wp:featuredmedia":[{"embeddable":true,"href":"https:\/\/climalife.com\/it\/wp-json\/wp\/v2\/media\/125010"}],"wp:attachment":[{"href":"https:\/\/climalife.com\/it\/wp-json\/wp\/v2\/media?parent=160249"}],"wp:term":[{"taxonomy":"countries","embeddable":true,"href":"https:\/\/climalife.com\/it\/wp-json\/wp\/v2\/countries?post=160249"},{"taxonomy":"product_brand","embeddable":true,"href":"https:\/\/climalife.com\/it\/wp-json\/wp\/v2\/product_brand?post=160249"},{"taxonomy":"product_cat","embeddable":true,"href":"https:\/\/climalife.com\/it\/wp-json\/wp\/v2\/product_cat?post=160249"},{"taxonomy":"product_tag","embeddable":true,"href":"https:\/\/climalife.com\/it\/wp-json\/wp\/v2\/product_tag?post=160249"}],"curies":[{"name":"wp","href":"https:\/\/api.w.org\/{rel}","templated":true}]}}