{"id":161241,"date":"2022-09-28T17:48:34","date_gmt":"2022-09-28T17:48:34","guid":{"rendered":"http:\/\/climalife.com\/product\/novaspray-dme\/"},"modified":"2025-06-17T09:51:16","modified_gmt":"2025-06-17T09:51:16","slug":"novaspray-dme","status":"publish","type":"product","link":"https:\/\/climalife.com\/it\/product\/novaspray-dme\/","title":{"rendered":"NovaSpray\u2122 DME"},"content":{"rendered":"<p>Il suo eccellente potere solvente, la sua totale miscibilit\u00e0 con alcoli, solventi usuali e altri propellenti (HFC e idrocarburi) cos\u00ec come la sua buona solubilit\u00e0 in acqua gli conferiscono ampie possibilit\u00e0 di utilizzo in formulazioni aerosol (lacche per capelli, deodoranti, dipinti\u2026).<br \/>\nGrazie alla sua ottima miscibilit\u00e0 con l&#8217;acqua, permette di ottenere formulazioni poco infiammabili (o addirittura non infiammabili) con livelli ridotti di composti organici volatili. Non ha alcun effetto sullo strato di ozono e ha un impatto trascurabile sull&#8217;effetto serra.<\/p>\n","protected":false},"excerpt":{"rendered":"<p>NovaSpray\u2122 DME \u00e8 un dimetil etere per aerosol. \u00c8 anche noto come etere metilico o ossido di metile. Di qualit\u00e0 costante, soddisfa tutti i requisiti per un propulsore.<\/p>\n","protected":false},"featured_media":126369,"comment_status":"open","ping_status":"closed","template":"","meta":[],"countries":[4674,4709,4756,4813,4831,4862],"product_brand":[],"product_cat":[9996,9283,9951,13121,9969],"product_tag":[],"class_list":{"0":"post-161241","1":"product","2":"type-product","3":"status-publish","4":"has-post-thumbnail","6":"countries-by","7":"countries-cu","8":"countries-ir","9":"countries-kp","10":"countries-ru","11":"countries-sy","12":"product_cat-altre-industrie","13":"product_cat-dme-propellenti-aerosol","14":"product_cat-edifici","15":"product_cat-propellenti","16":"product_cat-salute-benessere","17":"pa_packaging-bombola-da-88-l-it-122","18":"pa_packaging-bombole-26-l-it-32","19":"pa_packaging-bombolone-da-930-l-it-76","20":"pa_packaging-cisterna-it-168","22":"first","23":"instock","24":"shipping-taxable","25":"purchasable","26":"product-type-variable"},"_links":{"self":[{"href":"https:\/\/climalife.com\/it\/wp-json\/wp\/v2\/product\/161241","targetHints":{"allow":["GET"]}}],"collection":[{"href":"https:\/\/climalife.com\/it\/wp-json\/wp\/v2\/product"}],"about":[{"href":"https:\/\/climalife.com\/it\/wp-json\/wp\/v2\/types\/product"}],"replies":[{"embeddable":true,"href":"https:\/\/climalife.com\/it\/wp-json\/wp\/v2\/comments?post=161241"}],"wp:featuredmedia":[{"embeddable":true,"href":"https:\/\/climalife.com\/it\/wp-json\/wp\/v2\/media\/126369"}],"wp:attachment":[{"href":"https:\/\/climalife.com\/it\/wp-json\/wp\/v2\/media?parent=161241"}],"wp:term":[{"taxonomy":"countries","embeddable":true,"href":"https:\/\/climalife.com\/it\/wp-json\/wp\/v2\/countries?post=161241"},{"taxonomy":"product_brand","embeddable":true,"href":"https:\/\/climalife.com\/it\/wp-json\/wp\/v2\/product_brand?post=161241"},{"taxonomy":"product_cat","embeddable":true,"href":"https:\/\/climalife.com\/it\/wp-json\/wp\/v2\/product_cat?post=161241"},{"taxonomy":"product_tag","embeddable":true,"href":"https:\/\/climalife.com\/it\/wp-json\/wp\/v2\/product_tag?post=161241"}],"curies":[{"name":"wp","href":"https:\/\/api.w.org\/{rel}","templated":true}]}}