{"id":161312,"date":"2022-09-28T17:49:18","date_gmt":"2022-09-28T17:49:18","guid":{"rendered":"http:\/\/climalife.com\/product\/novaspray-isobutano\/"},"modified":"2024-05-06T09:14:38","modified_gmt":"2024-05-06T09:14:38","slug":"novaspray-isobutano","status":"publish","type":"product","link":"https:\/\/climalife.com\/it\/product\/novaspray-isobutano\/","title":{"rendered":"NovaSpray\u2122 isobutano"},"content":{"rendered":"<p>Pu\u00f2 essere miscelato con NovaSpray\u2122 propano o NovaSpray\u2122 n-butano, ampiamente utilizzato nei cosmetici, e miscelato con NovaSpray\u2122 isopentano per gel styling e gel da barba. \u00c8 particolarmente indicato per formulazioni in schiuma cosmetica.<br \/>\nEconomico per la sua bassa densit\u00e0, riduce notevolmente il peso del propellente da utilizzare.<br \/>\nLa sua eccellente miscibilit\u00e0 con la maggior parte dei solventi gli conferisce una grande flessibilit\u00e0 di formulazione. Non ha alcun effetto sullo strato di ozono e ha un impatto trascurabile sull&#8217;effetto serra.<\/p>\n","protected":false},"excerpt":{"rendered":"<p>NovaSpray\u2122 isobutano \u00e8 un isobutano di grado aerosol appositamente deodorato. \u00c8 anche chiamato metilpropano. Di qualit\u00e0 costante, soddisfa tutti i requisiti per un propulsore. NovaSpray\u2122 isobutano \u00e8 un isobutano di grado aerosol appositamente deodorato. \u00c8 anche chiamato metilpropano. Di qualit\u00e0 costante, soddisfa tutti i requisiti per un propulsore.<\/p>\n","protected":false},"featured_media":126369,"comment_status":"open","ping_status":"closed","template":"","meta":[],"countries":[4674,4709,4756,4813,4831,4862],"product_brand":[],"product_cat":[9978,9951,9942,9969,9996,13121,9598],"product_tag":[],"class_list":{"0":"post-161312","1":"product","2":"type-product","3":"status-publish","4":"has-post-thumbnail","6":"countries-by","7":"countries-cu","8":"countries-ir","9":"countries-kp","10":"countries-ru","11":"countries-sy","12":"product_cat-trasporti","13":"product_cat-edifici","14":"product_cat-industria-alimentare","15":"product_cat-salute-benessere","16":"product_cat-altre-industrie","17":"product_cat-propellenti","18":"product_cat-idrocarburi-it-83","19":"pa_packaging-bombola-da-88-l-it-122","20":"pa_packaging-bombole-26-l-it-32","21":"pa_packaging-bombolone-da-930-l-it-76","22":"pa_packaging-cisterna-da-20-t-it-141","24":"first","25":"instock","26":"shipping-taxable","27":"purchasable","28":"product-type-variable"},"_links":{"self":[{"href":"https:\/\/climalife.com\/it\/wp-json\/wp\/v2\/product\/161312","targetHints":{"allow":["GET"]}}],"collection":[{"href":"https:\/\/climalife.com\/it\/wp-json\/wp\/v2\/product"}],"about":[{"href":"https:\/\/climalife.com\/it\/wp-json\/wp\/v2\/types\/product"}],"replies":[{"embeddable":true,"href":"https:\/\/climalife.com\/it\/wp-json\/wp\/v2\/comments?post=161312"}],"wp:featuredmedia":[{"embeddable":true,"href":"https:\/\/climalife.com\/it\/wp-json\/wp\/v2\/media\/126369"}],"wp:attachment":[{"href":"https:\/\/climalife.com\/it\/wp-json\/wp\/v2\/media?parent=161312"}],"wp:term":[{"taxonomy":"countries","embeddable":true,"href":"https:\/\/climalife.com\/it\/wp-json\/wp\/v2\/countries?post=161312"},{"taxonomy":"product_brand","embeddable":true,"href":"https:\/\/climalife.com\/it\/wp-json\/wp\/v2\/product_brand?post=161312"},{"taxonomy":"product_cat","embeddable":true,"href":"https:\/\/climalife.com\/it\/wp-json\/wp\/v2\/product_cat?post=161312"},{"taxonomy":"product_tag","embeddable":true,"href":"https:\/\/climalife.com\/it\/wp-json\/wp\/v2\/product_tag?post=161312"}],"curies":[{"name":"wp","href":"https:\/\/api.w.org\/{rel}","templated":true}]}}