{"id":161599,"date":"2022-09-28T17:52:55","date_gmt":"2022-09-28T17:52:55","guid":{"rendered":"http:\/\/climalife.com\/product\/cloruro-di-etile\/"},"modified":"2024-01-25T13:52:53","modified_gmt":"2024-01-25T13:52:53","slug":"cloruro-di-etile","status":"publish","type":"product","link":"https:\/\/climalife.com\/it\/product\/cloruro-di-etile\/","title":{"rendered":"Cloruro di etile"},"content":{"rendered":"<p>\u00c8 usato come:<br \/>\n&#8211; Agente di etilazione<br \/>\n&#8211; Refrigerante<br \/>\n&#8211; Solvente<\/p>\n","protected":false},"excerpt":{"rendered":"<p>Il cloruro di etile (C2H5Cl) chiamato anche monocloroetano \u00e8 un gas volatile, di bassa tossicit\u00e0 e molto infiammabile. \u00c8 anche noto con il riferimento monografico R 160.<\/p>\n","protected":false},"featured_media":127413,"comment_status":"open","ping_status":"closed","template":"","meta":[],"countries":[4674,4709,4756,4813,4831,4862],"product_brand":[],"product_cat":[9275],"product_tag":[],"class_list":{"0":"post-161599","1":"product","2":"type-product","3":"status-publish","4":"has-post-thumbnail","6":"countries-by","7":"countries-cu","8":"countries-ir","9":"countries-kp","10":"countries-ru","11":"countries-sy","12":"product_cat-gas-clurorati","13":"pa_packaging-bombola-da-88-l-it-122","14":"pa_packaging-bombole-26-l-it-32","15":"pa_packaging-bombolone-da-930-l-it-76","16":"pa_packaging-cisterna-da-20-t-it-141","17":"pa_packaging-fusto-217-l-it-30","19":"first","20":"instock","21":"shipping-taxable","22":"purchasable","23":"product-type-variable"},"_links":{"self":[{"href":"https:\/\/climalife.com\/it\/wp-json\/wp\/v2\/product\/161599","targetHints":{"allow":["GET"]}}],"collection":[{"href":"https:\/\/climalife.com\/it\/wp-json\/wp\/v2\/product"}],"about":[{"href":"https:\/\/climalife.com\/it\/wp-json\/wp\/v2\/types\/product"}],"replies":[{"embeddable":true,"href":"https:\/\/climalife.com\/it\/wp-json\/wp\/v2\/comments?post=161599"}],"wp:featuredmedia":[{"embeddable":true,"href":"https:\/\/climalife.com\/it\/wp-json\/wp\/v2\/media\/127413"}],"wp:attachment":[{"href":"https:\/\/climalife.com\/it\/wp-json\/wp\/v2\/media?parent=161599"}],"wp:term":[{"taxonomy":"countries","embeddable":true,"href":"https:\/\/climalife.com\/it\/wp-json\/wp\/v2\/countries?post=161599"},{"taxonomy":"product_brand","embeddable":true,"href":"https:\/\/climalife.com\/it\/wp-json\/wp\/v2\/product_brand?post=161599"},{"taxonomy":"product_cat","embeddable":true,"href":"https:\/\/climalife.com\/it\/wp-json\/wp\/v2\/product_cat?post=161599"},{"taxonomy":"product_tag","embeddable":true,"href":"https:\/\/climalife.com\/it\/wp-json\/wp\/v2\/product_tag?post=161599"}],"curies":[{"name":"wp","href":"https:\/\/api.w.org\/{rel}","templated":true}]}}