{"id":161859,"date":"2022-09-28T17:56:06","date_gmt":"2022-09-28T17:56:06","guid":{"rendered":"http:\/\/climalife.com\/product\/r-408a\/"},"modified":"2025-08-01T09:31:37","modified_gmt":"2025-08-01T09:31:37","slug":"r-408a","status":"publish","type":"product","link":"https:\/\/climalife.com\/it\/product\/r-408a\/","title":{"rendered":"R-408A"},"content":{"rendered":"<p><span id=\"result_box\" lang=\"it\"><span class=\"hps\">&Egrave; consigliabile <\/span><span class=\"hps atn\">utilizzare l&#8217;R-<\/span>408A <span class=\"hps\">per<\/span> <span class=\"hps\">riconversioni<\/span> <span class=\"hps\">di unit&agrave;<\/span> <span class=\"hps\">di refrigerazione<\/span> <span class=\"hps\">di<\/span> <span class=\"hps\">supermercati,<\/span> <span class=\"hps\">del magazzino<\/span> <span class=\"hps\">refrigerato<\/span>, <span class=\"hps\">per i sistemi di<\/span> <span class=\"hps\">congelamento di alimenti<\/span> <span class=\"hps\">e<\/span> <span class=\"hps\">per armadi<\/span> <span class=\"hps\">di raffreddamento per<\/span> <span class=\"hps\">alimenti refrigerati<\/span>.<\/span><\/p>\n","protected":false},"excerpt":{"rendered":"<p>L&#8217;R-408A \u00e8 una miscela quasi-azeotropica, il cui uso \u00e8 limitato nel tempo dal Protocollo di Montreal. Questo HCFC \u00e8 stato sviluppato per sostituire l&#8217;R-502 (CFC) per applicazioni commerciali e industriali.<\/p>\n","protected":false},"featured_media":108027,"comment_status":"open","ping_status":"closed","template":"","meta":[],"countries":[4652,4657,4660,4668,4674,4675,4681,4683,4688,4708,4709,4710,4711,4713,4722,4651,4725,4727,4728,4729,4730,4731,4732,4736,4739,4740,4752,4753,4756,4758,4760,9125,4770,4775,4776,4777,4779,4785,4794,4796,4804,4813,4815,4826,4827,4893,4831,4839,4843,4847,4848,4854,4858,4860,4861,4862,4873,4880,4886],"product_brand":[],"product_cat":[9331],"product_tag":[],"class_list":{"0":"post-161859","1":"product","2":"type-product","3":"status-publish","4":"has-post-thumbnail","6":"countries-al","7":"countries-ad","8":"countries-aq","9":"countries-at","10":"countries-by","11":"countries-be","12":"countries-ba","13":"countries-bv","14":"countries-bg","15":"countries-hr","16":"countries-cu","17":"countries-cy","18":"countries-cz","19":"countries-dk","20":"countries-ee","21":"countries-europe","22":"countries-fo","23":"countries-fi","24":"countries-fr","25":"countries-fr-gf-gp-mq-yt-re","26":"countries-gn","27":"countries-pf","28":"countries-tf","29":"countries-de","30":"countries-gr","31":"countries-gl","32":"countries-hu","33":"countries-is","34":"countries-ir","35":"countries-ie","36":"countries-it","37":"countries-xk","38":"countries-lv","39":"countries-li","40":"countries-lt","41":"countries-lu","42":"countries-mk","43":"countries-mt","44":"countries-mc","45":"countries-me","46":"countries-nl","47":"countries-kp","48":"countries-no","49":"countries-pl","50":"countries-pt","51":"countries-ro","52":"countries-ru","53":"countries-sm","54":"countries-rs","55":"countries-sk","56":"countries-si","57":"countries-es","58":"countries-sj","59":"countries-se","60":"countries-ch","61":"countries-sy","62":"countries-tr","63":"countries-gb","64":"countries-va","65":"product_cat-hcfc-refrigeranti","66":"pa_packaging-bombola-da-52-l-it-72","68":"first","69":"instock","70":"shipping-taxable","71":"purchasable","72":"product-type-variable"},"_links":{"self":[{"href":"https:\/\/climalife.com\/it\/wp-json\/wp\/v2\/product\/161859","targetHints":{"allow":["GET"]}}],"collection":[{"href":"https:\/\/climalife.com\/it\/wp-json\/wp\/v2\/product"}],"about":[{"href":"https:\/\/climalife.com\/it\/wp-json\/wp\/v2\/types\/product"}],"replies":[{"embeddable":true,"href":"https:\/\/climalife.com\/it\/wp-json\/wp\/v2\/comments?post=161859"}],"wp:featuredmedia":[{"embeddable":true,"href":"https:\/\/climalife.com\/it\/wp-json\/wp\/v2\/media\/108027"}],"wp:attachment":[{"href":"https:\/\/climalife.com\/it\/wp-json\/wp\/v2\/media?parent=161859"}],"wp:term":[{"taxonomy":"countries","embeddable":true,"href":"https:\/\/climalife.com\/it\/wp-json\/wp\/v2\/countries?post=161859"},{"taxonomy":"product_brand","embeddable":true,"href":"https:\/\/climalife.com\/it\/wp-json\/wp\/v2\/product_brand?post=161859"},{"taxonomy":"product_cat","embeddable":true,"href":"https:\/\/climalife.com\/it\/wp-json\/wp\/v2\/product_cat?post=161859"},{"taxonomy":"product_tag","embeddable":true,"href":"https:\/\/climalife.com\/it\/wp-json\/wp\/v2\/product_tag?post=161859"}],"curies":[{"name":"wp","href":"https:\/\/api.w.org\/{rel}","templated":true}]}}