{"id":161878,"date":"2022-09-28T17:56:24","date_gmt":"2022-09-28T17:56:24","guid":{"rendered":"http:\/\/climalife.com\/product\/r-409b\/"},"modified":"2025-08-01T10:25:35","modified_gmt":"2025-08-01T10:25:35","slug":"r-409b","status":"publish","type":"product","link":"https:\/\/climalife.com\/it\/product\/r-409b\/","title":{"rendered":"R-409B"},"content":{"rendered":"<p><span id=\"result_box\" lang=\"it\"><span class=\"hps\">\u00c8 preferibile<\/span> <span class=\"hps atn\">utilizzare l&#8217;R-<\/span>409B <span class=\"hps\">al fine di eliminare<\/span> l&#8217;<span class=\"hps\">R<\/span>-500 <span class=\"hps\">e quindi<\/span> <span class=\"hps\">favorire la protezione dello strato<\/span> <span class=\"hps\">di ozono<\/span> <span class=\"hps\">stratosferic<\/span>o.<\/span><\/p>\n","protected":false},"excerpt":{"rendered":"<p>L&#8217;R-409B \u00e8 una miscela zeotropica, il cui uso \u00e8 limitato nel tempo dal Protocollo di Montreal. Questo HCFC \u00e8 stato sviluppato per sostituire l&#8217;R-500 (CFC), per la refrigerazione commerciale ed industriale.<\/p>\n","protected":false},"featured_media":108045,"comment_status":"open","ping_status":"closed","template":"","meta":[],"countries":[4652,4657,4660,4668,4674,4675,4681,4683,4688,4708,4709,4710,4711,4713,4722,4651,4725,4727,4728,4729,4730,4731,4732,4736,4739,4740,4752,4753,4756,4758,4760,9125,4770,4775,4776,4777,4779,4785,4794,4796,4804,4813,4815,4826,4827,4893,4831,4839,4843,4847,4848,4854,4858,4860,4861,4862,4873,4880,4886],"product_brand":[],"product_cat":[9331],"product_tag":[],"class_list":{"0":"post-161878","1":"product","2":"type-product","3":"status-publish","4":"has-post-thumbnail","6":"countries-al","7":"countries-ad","8":"countries-aq","9":"countries-at","10":"countries-by","11":"countries-be","12":"countries-ba","13":"countries-bv","14":"countries-bg","15":"countries-hr","16":"countries-cu","17":"countries-cy","18":"countries-cz","19":"countries-dk","20":"countries-ee","21":"countries-europe","22":"countries-fo","23":"countries-fi","24":"countries-fr","25":"countries-fr-gf-gp-mq-yt-re","26":"countries-gn","27":"countries-pf","28":"countries-tf","29":"countries-de","30":"countries-gr","31":"countries-gl","32":"countries-hu","33":"countries-is","34":"countries-ir","35":"countries-ie","36":"countries-it","37":"countries-xk","38":"countries-lv","39":"countries-li","40":"countries-lt","41":"countries-lu","42":"countries-mk","43":"countries-mt","44":"countries-mc","45":"countries-me","46":"countries-nl","47":"countries-kp","48":"countries-no","49":"countries-pl","50":"countries-pt","51":"countries-ro","52":"countries-ru","53":"countries-sm","54":"countries-rs","55":"countries-sk","56":"countries-si","57":"countries-es","58":"countries-sj","59":"countries-se","60":"countries-ch","61":"countries-sy","62":"countries-tr","63":"countries-gb","64":"countries-va","65":"product_cat-hcfc-refrigeranti","67":"first","68":"instock","69":"shipping-taxable","70":"purchasable","71":"product-type-variable"},"_links":{"self":[{"href":"https:\/\/climalife.com\/it\/wp-json\/wp\/v2\/product\/161878","targetHints":{"allow":["GET"]}}],"collection":[{"href":"https:\/\/climalife.com\/it\/wp-json\/wp\/v2\/product"}],"about":[{"href":"https:\/\/climalife.com\/it\/wp-json\/wp\/v2\/types\/product"}],"replies":[{"embeddable":true,"href":"https:\/\/climalife.com\/it\/wp-json\/wp\/v2\/comments?post=161878"}],"wp:featuredmedia":[{"embeddable":true,"href":"https:\/\/climalife.com\/it\/wp-json\/wp\/v2\/media\/108045"}],"wp:attachment":[{"href":"https:\/\/climalife.com\/it\/wp-json\/wp\/v2\/media?parent=161878"}],"wp:term":[{"taxonomy":"countries","embeddable":true,"href":"https:\/\/climalife.com\/it\/wp-json\/wp\/v2\/countries?post=161878"},{"taxonomy":"product_brand","embeddable":true,"href":"https:\/\/climalife.com\/it\/wp-json\/wp\/v2\/product_brand?post=161878"},{"taxonomy":"product_cat","embeddable":true,"href":"https:\/\/climalife.com\/it\/wp-json\/wp\/v2\/product_cat?post=161878"},{"taxonomy":"product_tag","embeddable":true,"href":"https:\/\/climalife.com\/it\/wp-json\/wp\/v2\/product_tag?post=161878"}],"curies":[{"name":"wp","href":"https:\/\/api.w.org\/{rel}","templated":true}]}}