{"id":162960,"date":"2022-09-28T18:13:35","date_gmt":"2022-09-28T18:13:35","guid":{"rendered":"http:\/\/climalife.com\/product\/novaspray-n-butano\/"},"modified":"2024-11-14T10:15:07","modified_gmt":"2024-11-14T10:15:07","slug":"novaspray-n-butano","status":"publish","type":"product","link":"https:\/\/climalife.com\/it\/product\/novaspray-n-butano\/","title":{"rendered":"NovaSpray\u2122 n-butano"},"content":{"rendered":"<p>Economico per la sua bassa densit\u00e0, riduce notevolmente il peso del propellente da utilizzare. La sua eccellente miscibilit\u00e0 con la maggior parte dei solventi gli conferisce una grande flessibilit\u00e0 di formulazione. Non ha alcun effetto sullo strato di ozono e ha un impatto trascurabile sull&#8217;effetto serra.<\/p>\n","protected":false},"excerpt":{"rendered":"<p>NovaSpray\u2122 n-Butane \u00e8 un n-butano di grado aerosol appositamente deodorato. Di qualit\u00e0 costante, soddisfa tutti i requisiti per un propulsore.<\/p>\n","protected":false},"featured_media":126369,"comment_status":"open","ping_status":"closed","template":"","meta":[],"countries":[4674,4709,4756,4813,4831,4862],"product_brand":[],"product_cat":[9942,9969,9996,13121,9598],"product_tag":[],"class_list":{"0":"post-162960","1":"product","2":"type-product","3":"status-publish","4":"has-post-thumbnail","6":"countries-by","7":"countries-cu","8":"countries-ir","9":"countries-kp","10":"countries-ru","11":"countries-sy","12":"product_cat-industria-alimentare","13":"product_cat-salute-benessere","14":"product_cat-altre-industrie","15":"product_cat-propellenti","16":"product_cat-idrocarburi-it-83","17":"pa_packaging-bombola-da-88-l-it-122","18":"pa_packaging-bombole-26-l-it-32","19":"pa_packaging-bombolone-da-930-l-it-76","20":"pa_packaging-cisterna-it-168","22":"first","23":"instock","24":"shipping-taxable","25":"purchasable","26":"product-type-variable"},"_links":{"self":[{"href":"https:\/\/climalife.com\/it\/wp-json\/wp\/v2\/product\/162960","targetHints":{"allow":["GET"]}}],"collection":[{"href":"https:\/\/climalife.com\/it\/wp-json\/wp\/v2\/product"}],"about":[{"href":"https:\/\/climalife.com\/it\/wp-json\/wp\/v2\/types\/product"}],"replies":[{"embeddable":true,"href":"https:\/\/climalife.com\/it\/wp-json\/wp\/v2\/comments?post=162960"}],"wp:featuredmedia":[{"embeddable":true,"href":"https:\/\/climalife.com\/it\/wp-json\/wp\/v2\/media\/126369"}],"wp:attachment":[{"href":"https:\/\/climalife.com\/it\/wp-json\/wp\/v2\/media?parent=162960"}],"wp:term":[{"taxonomy":"countries","embeddable":true,"href":"https:\/\/climalife.com\/it\/wp-json\/wp\/v2\/countries?post=162960"},{"taxonomy":"product_brand","embeddable":true,"href":"https:\/\/climalife.com\/it\/wp-json\/wp\/v2\/product_brand?post=162960"},{"taxonomy":"product_cat","embeddable":true,"href":"https:\/\/climalife.com\/it\/wp-json\/wp\/v2\/product_cat?post=162960"},{"taxonomy":"product_tag","embeddable":true,"href":"https:\/\/climalife.com\/it\/wp-json\/wp\/v2\/product_tag?post=162960"}],"curies":[{"name":"wp","href":"https:\/\/api.w.org\/{rel}","templated":true}]}}