{"id":197116,"date":"2023-05-05T07:28:15","date_gmt":"2023-05-05T07:28:15","guid":{"rendered":"https:\/\/climalife.com\/product\/systeme-charge-fluide-frigorigene\/"},"modified":"2026-01-29T13:51:00","modified_gmt":"2026-01-29T13:51:00","slug":"sistema-riempimento-gas","status":"publish","type":"product","link":"https:\/\/climalife.com\/it\/product\/sistema-riempimento-gas\/","title":{"rendered":"Sistema di riempimento del gas liquefatto"},"content":{"rendered":"<p>Singolo o multifluido, l&#8217;apparecchiatura pu\u00f2 essere collegata allo strumento di tracciabilit\u00e0 del cliente per ricevere i parametri del ciclo e inviare i risultati del ciclo. Pu\u00f2 essere installato in una cabina Atex ventilata per refrigeranti infiammabili.<\/p>\n","protected":false},"excerpt":{"rendered":"<p>Stazione di riempimento progettata su misura per il controllo automatico della pressione, il prelievo del vuoto e la carica con gas liquefatti infiammabili o non infiammabili (sistema di riempimento del refrigerante, gas propellente, agente di espansione).<\/p>\n","protected":false},"featured_media":202147,"comment_status":"open","ping_status":"closed","template":"","meta":[],"countries":[4674,4709,4756,4813,4831,4862],"product_brand":[],"product_cat":[9978,9951,9996,13060,13095,13129,13481],"product_tag":[],"class_list":{"0":"post-197116","1":"product","2":"type-product","3":"status-publish","4":"has-post-thumbnail","6":"countries-by","7":"countries-cu","8":"countries-ir","9":"countries-kp","10":"countries-ru","11":"countries-sy","12":"product_cat-trasporti","13":"product_cat-edifici","14":"product_cat-altre-industrie","15":"product_cat-aria-condizionata","16":"product_cat-riscaldamento","17":"product_cat-refrigerazione","18":"product_cat-stazioni-di-riempimento","20":"first","21":"instock","22":"shipping-taxable","23":"purchasable","24":"product-type-simple"},"_links":{"self":[{"href":"https:\/\/climalife.com\/it\/wp-json\/wp\/v2\/product\/197116","targetHints":{"allow":["GET"]}}],"collection":[{"href":"https:\/\/climalife.com\/it\/wp-json\/wp\/v2\/product"}],"about":[{"href":"https:\/\/climalife.com\/it\/wp-json\/wp\/v2\/types\/product"}],"replies":[{"embeddable":true,"href":"https:\/\/climalife.com\/it\/wp-json\/wp\/v2\/comments?post=197116"}],"wp:featuredmedia":[{"embeddable":true,"href":"https:\/\/climalife.com\/it\/wp-json\/wp\/v2\/media\/202147"}],"wp:attachment":[{"href":"https:\/\/climalife.com\/it\/wp-json\/wp\/v2\/media?parent=197116"}],"wp:term":[{"taxonomy":"countries","embeddable":true,"href":"https:\/\/climalife.com\/it\/wp-json\/wp\/v2\/countries?post=197116"},{"taxonomy":"product_brand","embeddable":true,"href":"https:\/\/climalife.com\/it\/wp-json\/wp\/v2\/product_brand?post=197116"},{"taxonomy":"product_cat","embeddable":true,"href":"https:\/\/climalife.com\/it\/wp-json\/wp\/v2\/product_cat?post=197116"},{"taxonomy":"product_tag","embeddable":true,"href":"https:\/\/climalife.com\/it\/wp-json\/wp\/v2\/product_tag?post=197116"}],"curies":[{"name":"wp","href":"https:\/\/api.w.org\/{rel}","templated":true}]}}