{"id":203422,"date":"2023-07-25T07:11:34","date_gmt":"2023-07-25T07:11:34","guid":{"rendered":"https:\/\/climalife.com\/product\/svuotamento-e-riempimento-dei-sistemi-di-refrigerazione\/"},"modified":"2026-01-29T13:50:57","modified_gmt":"2026-01-29T13:50:57","slug":"svuotamento-e-riempimento-dei-sistemi-di-refrigerazione","status":"publish","type":"product","link":"https:\/\/climalife.com\/it\/product\/svuotamento-e-riempimento-dei-sistemi-di-refrigerazione\/","title":{"rendered":"Svuotamento e riempimento dei sistemi di refrigerazione"},"content":{"rendered":"<p>Il nostro team pu\u00f2 anche riempire impianti per tutti i refrigeranti (HFO, HFC, HCFC, CFC e SF6) in qualsiasi quantit\u00e0. Il metodo di trattamento utilizzato nei nostri impianti ICPE \u00e8 adatto alla natura del fluido recuperato.<\/p>\n<p>Recupero e riempimento rapidi con attrezzature specifiche e imballaggi dedicati per tutti i sistemi: unit\u00e0 di refrigerazione, unit\u00e0 di condizionamento, sistemi compatti indipendenti, sistemi split, roof top, ecc.<\/p>\n","protected":false},"excerpt":{"rendered":"<p>Svuotamento dei fluidi refrigeranti, trattamento dei fluidi secondo le normative vigenti, recupero degli imballaggi sporchi da parte di tecnici certificati.<\/p>\n","protected":false},"featured_media":203423,"comment_status":"open","ping_status":"closed","template":"","meta":[],"countries":[4674,4709,4756,4813,4831,4862],"product_brand":[],"product_cat":[13060,9951,9960,9942,13582,13069,13129,13077,9978],"product_tag":[],"class_list":{"0":"post-203422","1":"product","2":"type-product","3":"status-publish","4":"has-post-thumbnail","6":"countries-by","7":"countries-cu","8":"countries-ir","9":"countries-kp","10":"countries-ru","11":"countries-sy","12":"product_cat-aria-condizionata","13":"product_cat-edifici","14":"product_cat-energia","15":"product_cat-industria-alimentare","16":"product_cat-interventi-in-loco","17":"product_cat-protezione-dielettrica-sf6","18":"product_cat-refrigerazione","19":"product_cat-smantellamento-distruzione","20":"product_cat-trasporti","22":"first","23":"instock","24":"shipping-taxable","25":"purchasable","26":"product-type-simple"},"_links":{"self":[{"href":"https:\/\/climalife.com\/it\/wp-json\/wp\/v2\/product\/203422","targetHints":{"allow":["GET"]}}],"collection":[{"href":"https:\/\/climalife.com\/it\/wp-json\/wp\/v2\/product"}],"about":[{"href":"https:\/\/climalife.com\/it\/wp-json\/wp\/v2\/types\/product"}],"replies":[{"embeddable":true,"href":"https:\/\/climalife.com\/it\/wp-json\/wp\/v2\/comments?post=203422"}],"wp:featuredmedia":[{"embeddable":true,"href":"https:\/\/climalife.com\/it\/wp-json\/wp\/v2\/media\/203423"}],"wp:attachment":[{"href":"https:\/\/climalife.com\/it\/wp-json\/wp\/v2\/media?parent=203422"}],"wp:term":[{"taxonomy":"countries","embeddable":true,"href":"https:\/\/climalife.com\/it\/wp-json\/wp\/v2\/countries?post=203422"},{"taxonomy":"product_brand","embeddable":true,"href":"https:\/\/climalife.com\/it\/wp-json\/wp\/v2\/product_brand?post=203422"},{"taxonomy":"product_cat","embeddable":true,"href":"https:\/\/climalife.com\/it\/wp-json\/wp\/v2\/product_cat?post=203422"},{"taxonomy":"product_tag","embeddable":true,"href":"https:\/\/climalife.com\/it\/wp-json\/wp\/v2\/product_tag?post=203422"}],"curies":[{"name":"wp","href":"https:\/\/api.w.org\/{rel}","templated":true}]}}