{"id":213013,"date":"2023-11-15T11:11:31","date_gmt":"2023-11-15T11:11:31","guid":{"rendered":"https:\/\/climalife.com\/product\/rilevatore-fisso-rmv-hfc\/"},"modified":"2026-01-29T13:50:57","modified_gmt":"2026-01-29T13:50:57","slug":"rilevatore-fisso-rmv-hfc","status":"publish","type":"product","link":"https:\/\/climalife.com\/it\/product\/rilevatore-fisso-rmv-hfc\/","title":{"rendered":"Rilevatore fisso RMV-HFC"},"content":{"rendered":"<p>\u00c8 stato progettato per fornire una sorveglianza continua ed estremamente efficace in una variet\u00e0 di applicazioni tipiche come hotel, uffici ed edifici residenziali. \u00c8 progettato per essere montato in una scatola a parete per la massima discrezione.<\/p>\n<p>Dispone di 3 livelli di allarme:<\/p>\n<ul>\n<li>Livello 1: se la concentrazione \u00e8 compresa tra 1000 e 4000 ppm per un periodo inferiore a 30 minuti: nessun allarme acustico e pulsazione del LED rosso.<\/li>\n<li>Livello 2: se la concentrazione \u00e8 compresa tra 1000 e 4000 ppm per un periodo superiore a 30 minuti: 2 avvisi acustici al minuto e pulsazione del LED rosso.<\/li>\n<li>Livello 3: se la concentrazione supera i 4000 ppm per un periodo di almeno 30 secondi: 4 allarmi acustici\/minuto e lampeggiamento del LED rosso.<\/li>\n<\/ul>\n<p>Gli allarmi acustici e visivi comunicano simultaneamente con i sistemi di monitoraggio della stanza tramite un rel\u00e8 di allarme SPDT (Single Pole Double Throw) e un&#8217;uscita comune a rel\u00e8.<\/p>\n","protected":false},"excerpt":{"rendered":"<p>Il controller ambiente SAMON RMV-HFC \u00e8 un rilevatore di perdite di refrigerante utilizzato nei sistemi di refrigerazione e condizionamento dell&#8217;aria di grandi dimensioni, come i VRF\/VRV.<\/p>\n","protected":false},"featured_media":213014,"comment_status":"open","ping_status":"closed","template":"","meta":[],"countries":[4674,4709,4756,4813,4831,4862],"product_brand":[],"product_cat":[9951,13060,13129,9267],"product_tag":[],"class_list":{"0":"post-213013","1":"product","2":"type-product","3":"status-publish","4":"has-post-thumbnail","6":"countries-by","7":"countries-cu","8":"countries-ir","9":"countries-kp","10":"countries-ru","11":"countries-sy","12":"product_cat-edifici","13":"product_cat-aria-condizionata","14":"product_cat-refrigerazione","15":"product_cat-rilevamento-perdite-fisso","17":"first","18":"instock","19":"shipping-taxable","20":"purchasable","21":"product-type-simple"},"_links":{"self":[{"href":"https:\/\/climalife.com\/it\/wp-json\/wp\/v2\/product\/213013","targetHints":{"allow":["GET"]}}],"collection":[{"href":"https:\/\/climalife.com\/it\/wp-json\/wp\/v2\/product"}],"about":[{"href":"https:\/\/climalife.com\/it\/wp-json\/wp\/v2\/types\/product"}],"replies":[{"embeddable":true,"href":"https:\/\/climalife.com\/it\/wp-json\/wp\/v2\/comments?post=213013"}],"wp:featuredmedia":[{"embeddable":true,"href":"https:\/\/climalife.com\/it\/wp-json\/wp\/v2\/media\/213014"}],"wp:attachment":[{"href":"https:\/\/climalife.com\/it\/wp-json\/wp\/v2\/media?parent=213013"}],"wp:term":[{"taxonomy":"countries","embeddable":true,"href":"https:\/\/climalife.com\/it\/wp-json\/wp\/v2\/countries?post=213013"},{"taxonomy":"product_brand","embeddable":true,"href":"https:\/\/climalife.com\/it\/wp-json\/wp\/v2\/product_brand?post=213013"},{"taxonomy":"product_cat","embeddable":true,"href":"https:\/\/climalife.com\/it\/wp-json\/wp\/v2\/product_cat?post=213013"},{"taxonomy":"product_tag","embeddable":true,"href":"https:\/\/climalife.com\/it\/wp-json\/wp\/v2\/product_tag?post=213013"}],"curies":[{"name":"wp","href":"https:\/\/api.w.org\/{rel}","templated":true}]}}