{"id":223814,"date":"2025-04-11T07:00:59","date_gmt":"2025-04-11T07:00:59","guid":{"rendered":"https:\/\/climalife.com\/product\/polarbox-polarvisor\/"},"modified":"2026-01-29T13:50:56","modified_gmt":"2026-01-29T13:50:56","slug":"polarbox-polarvisor","status":"publish","type":"product","link":"https:\/\/climalife.com\/it\/product\/polarbox-polarvisor\/","title":{"rendered":"PolarBox &#038; PolarVisor"},"content":{"rendered":"<p>Include:<\/p>\n<ul>\n<li>un modulo di rilevamento automatico delle perdite, che utilizza metodi di misurazione indiretti (obbligatorio per oltre 500 t CO2 eq. o 100 kg per gli HFO);<\/li>\n<li>un modulo energetico per il calcolo del consumo energetico in tempo reale.<\/li>\n<\/ul>\n<p>Collegato all&#8217;applicazione web PolarVisor, il PolarBox avvisa:<\/p>\n<ul>\n<li>Per e-mail o online in caso di perdita di refrigerante (60,2 giorni prima rispetto ai metodi tradizionali);<\/li>\n<li>Online per deviazioni energetiche o rischio di guasto del compressore.<\/li>\n<\/ul>\n<p>Con PolarBox e PolarVisor, gli utenti possono accedere alle curve del livello del refrigerante, al COP, ai dati operativi e all&#8217;efficienza della produzione di refrigerazione da remoto e in tempo reale. Un PolarBox pu\u00f2 monitorare fino a 4 unit\u00e0 di refrigerazione e dispone di connettivit\u00e0 4G integrata.<\/p>\n<p>Maggiori informazioni su <a href=\u201chttps:\/\/www.matelex.com\/us\/solutions\/polarbox\/\u201d>matelex.com<\/a><\/p>\n","protected":false},"excerpt":{"rendered":"<p>Il PolarBox \u00e8 un sistema di monitoraggio per la refrigerazione, abbinato a un&#8217;interfaccia web per il monitoraggio remoto.<\/p>\n<p><span class=\u201cTextRun Highlight SCXW157379787 BCX2\u201d lang=\u201cEN-GB\u201d xml: lang=\u201cEN-GB\u201d data-contrast=\u201cauto\u201d><span class=\u201cNormalTextRun SCXW157379787 BCX2\u201d>Aiuta a ridurre l&#8217;impatto ambientale degli impianti di refrigerazione e a semplificarne la gestione .<\/span><span class=\u201cNormalTextRun ContextualSpellingAndGrammarErrorV2Themed SCXW157379787 BCX2\u201d><\/span><\/span><\/p>\n","protected":false},"featured_media":223815,"comment_status":"closed","ping_status":"closed","template":"","meta":[],"countries":[4674,4709,4756,4813,4831,4862],"product_brand":[],"product_cat":[9951,9960,9942,9969,9996,13129,9628,9267],"product_tag":[],"class_list":{"0":"post-223814","1":"product","2":"type-product","3":"status-publish","4":"has-post-thumbnail","6":"countries-by","7":"countries-cu","8":"countries-ir","9":"countries-kp","10":"countries-ru","11":"countries-sy","12":"product_cat-edifici","13":"product_cat-energia","14":"product_cat-industria-alimentare","15":"product_cat-salute-benessere","16":"product_cat-altre-industrie","17":"product_cat-refrigerazione","18":"product_cat-rilevamento-perdite","19":"product_cat-rilevamento-perdite-fisso","21":"first","22":"instock","23":"shipping-taxable","24":"purchasable","25":"product-type-simple"},"_links":{"self":[{"href":"https:\/\/climalife.com\/it\/wp-json\/wp\/v2\/product\/223814","targetHints":{"allow":["GET"]}}],"collection":[{"href":"https:\/\/climalife.com\/it\/wp-json\/wp\/v2\/product"}],"about":[{"href":"https:\/\/climalife.com\/it\/wp-json\/wp\/v2\/types\/product"}],"replies":[{"embeddable":true,"href":"https:\/\/climalife.com\/it\/wp-json\/wp\/v2\/comments?post=223814"}],"wp:featuredmedia":[{"embeddable":true,"href":"https:\/\/climalife.com\/it\/wp-json\/wp\/v2\/media\/223815"}],"wp:attachment":[{"href":"https:\/\/climalife.com\/it\/wp-json\/wp\/v2\/media?parent=223814"}],"wp:term":[{"taxonomy":"countries","embeddable":true,"href":"https:\/\/climalife.com\/it\/wp-json\/wp\/v2\/countries?post=223814"},{"taxonomy":"product_brand","embeddable":true,"href":"https:\/\/climalife.com\/it\/wp-json\/wp\/v2\/product_brand?post=223814"},{"taxonomy":"product_cat","embeddable":true,"href":"https:\/\/climalife.com\/it\/wp-json\/wp\/v2\/product_cat?post=223814"},{"taxonomy":"product_tag","embeddable":true,"href":"https:\/\/climalife.com\/it\/wp-json\/wp\/v2\/product_tag?post=223814"}],"curies":[{"name":"wp","href":"https:\/\/api.w.org\/{rel}","templated":true}]}}