{"id":224982,"date":"2025-06-10T07:02:40","date_gmt":"2025-06-10T07:02:40","guid":{"rendered":"https:\/\/climalife.com\/product\/glaciar-x5-atex-rilevatore-di-perdite-fisso\/"},"modified":"2026-01-29T13:50:56","modified_gmt":"2026-01-29T13:50:56","slug":"glaciar-x5-atex-rilevatore-di-perdite-fisso","status":"publish","type":"product","link":"https:\/\/climalife.com\/it\/product\/glaciar-x5-atex-rilevatore-di-perdite-fisso\/","title":{"rendered":"GLACI\u00c4R X5 (ATEX) RILEVATORE DI PERDITE FISSO"},"content":{"rendered":"<p>Configurazione semplice e veloce:<\/p>\n<ul>\n<li>Display digitale integrato: visualizzazione in tempo reale delle concentrazioni, degli allarmi e dei guasti.<\/li>\n<li>Sensore facilmente sostituibile.<\/li>\n<li>Massima flessibilit\u00e0: sensore singolo o doppio, integrato o remoto, a seconda delle esigenze di installazione.<\/li>\n<\/ul>\n<p>Scelta delle sonde:<\/p>\n<ul>\n<li>Sensore elettrochimico a lunga durata per il rilevamento dell&#8217;ammoniaca<\/li>\n<li>Sensore di CO\u2082 a infrarossi<\/li>\n<li>Sensore a infrarossi o catalitico per R-290<\/li>\n<li>Sensore a semiconduttore o a infrarossi per HFC, HFO, compresi i refrigeranti A2L.<\/li>\n<\/ul>\n","protected":false},"excerpt":{"rendered":"<p>GLACI\u00c4R X5 \u00e8 un rilevatore di fughe fisso progettato per resistere agli ambienti industriali pi\u00f9 esigenti. \u00c8 certificato ATEX per l&#8217;uso in atmosfere potenzialmente esplosive (zone 1 e 2) e dotato di un involucro con grado di protezione IP66. Rileva ammoniaca (NH\u2083), anidride carbonica (CO\u2082), propano (R-290), HFC, HFO, A2L e solventi come l&#8217;etanolo. Il design modulare consente l&#8217;integrazione di 1 o 2 sensori integrati e\/o remoti per il monitoraggio continuo.<\/p>\n","protected":false},"featured_media":224983,"comment_status":"closed","ping_status":"closed","template":"","meta":[],"countries":[4674,4709,4756,4813,4831,4862],"product_brand":[],"product_cat":[13060,9951,9942,13129,9267],"product_tag":[],"class_list":{"0":"post-224982","1":"product","2":"type-product","3":"status-publish","4":"has-post-thumbnail","6":"countries-by","7":"countries-cu","8":"countries-ir","9":"countries-kp","10":"countries-ru","11":"countries-sy","12":"product_cat-aria-condizionata","13":"product_cat-edifici","14":"product_cat-industria-alimentare","15":"product_cat-refrigerazione","16":"product_cat-rilevamento-perdite-fisso","18":"first","19":"instock","20":"shipping-taxable","21":"purchasable","22":"product-type-simple"},"_links":{"self":[{"href":"https:\/\/climalife.com\/it\/wp-json\/wp\/v2\/product\/224982","targetHints":{"allow":["GET"]}}],"collection":[{"href":"https:\/\/climalife.com\/it\/wp-json\/wp\/v2\/product"}],"about":[{"href":"https:\/\/climalife.com\/it\/wp-json\/wp\/v2\/types\/product"}],"replies":[{"embeddable":true,"href":"https:\/\/climalife.com\/it\/wp-json\/wp\/v2\/comments?post=224982"}],"wp:featuredmedia":[{"embeddable":true,"href":"https:\/\/climalife.com\/it\/wp-json\/wp\/v2\/media\/224983"}],"wp:attachment":[{"href":"https:\/\/climalife.com\/it\/wp-json\/wp\/v2\/media?parent=224982"}],"wp:term":[{"taxonomy":"countries","embeddable":true,"href":"https:\/\/climalife.com\/it\/wp-json\/wp\/v2\/countries?post=224982"},{"taxonomy":"product_brand","embeddable":true,"href":"https:\/\/climalife.com\/it\/wp-json\/wp\/v2\/product_brand?post=224982"},{"taxonomy":"product_cat","embeddable":true,"href":"https:\/\/climalife.com\/it\/wp-json\/wp\/v2\/product_cat?post=224982"},{"taxonomy":"product_tag","embeddable":true,"href":"https:\/\/climalife.com\/it\/wp-json\/wp\/v2\/product_tag?post=224982"}],"curies":[{"name":"wp","href":"https:\/\/api.w.org\/{rel}","templated":true}]}}