{"id":163609,"date":"2022-09-28T18:25:21","date_gmt":"2022-09-28T18:25:21","guid":{"rendered":"http:\/\/climalife.com\/product\/r-438a-freontm-mo99\/"},"modified":"2024-11-22T14:34:25","modified_gmt":"2024-11-22T14:34:25","slug":"r-438a-freontm-mo99","status":"publish","type":"product","link":"https:\/\/climalife.com\/nl\/product\/r-438a-freontm-mo99\/","title":{"rendered":"R-438A (Freon\u2122 MO99)"},"content":{"rendered":"<p>Het product is niet geschikt voor gebruik bij natte verdampers of centrifugaalgroepen.<\/p>\n<p>Gebruik een minerale (MO), alkylbenzeen (AB) of polyolester (POE) olie ( informatie van de producent). Climalife raadt zoals voor alle HFK&#8217;s een polyolester olie (POE) aan.<\/p>\n","protected":false},"excerpt":{"rendered":"<p>R-438A (Freon<sup>TM<\/sup> MO99) is een zeotropisch mengsel van het HFK type en is bedoeld om R-22 (HCFK) te vervangen in residenti\u00eble en commerci\u00eble airconditioning installaties, in chillers en in commerci\u00eble koelinstallaties van lage en gemiddelde temperatuur .<\/p>\n","protected":false},"featured_media":205998,"comment_status":"open","ping_status":"closed","template":"","meta":[],"countries":[4674,4709,4756,4813,4831,4862],"product_brand":[],"product_cat":[9948,9939,13059,13128,9443],"product_tag":[],"class_list":{"0":"post-163609","1":"product","2":"type-product","3":"status-publish","4":"has-post-thumbnail","6":"countries-by","7":"countries-cu","8":"countries-ir","9":"countries-kp","10":"countries-ru","11":"countries-sy","12":"product_cat-gebouwen","13":"product_cat-voedingsindustrie","14":"product_cat-airconditioning","15":"product_cat-koeling","16":"product_cat-hfks-nl-33","17":"pa_packaging-cilinder-61-l-nl-300","19":"first","20":"instock","21":"shipping-taxable","22":"purchasable","23":"product-type-variable"},"_links":{"self":[{"href":"https:\/\/climalife.com\/nl\/wp-json\/wp\/v2\/product\/163609","targetHints":{"allow":["GET"]}}],"collection":[{"href":"https:\/\/climalife.com\/nl\/wp-json\/wp\/v2\/product"}],"about":[{"href":"https:\/\/climalife.com\/nl\/wp-json\/wp\/v2\/types\/product"}],"replies":[{"embeddable":true,"href":"https:\/\/climalife.com\/nl\/wp-json\/wp\/v2\/comments?post=163609"}],"wp:featuredmedia":[{"embeddable":true,"href":"https:\/\/climalife.com\/nl\/wp-json\/wp\/v2\/media\/205998"}],"wp:attachment":[{"href":"https:\/\/climalife.com\/nl\/wp-json\/wp\/v2\/media?parent=163609"}],"wp:term":[{"taxonomy":"countries","embeddable":true,"href":"https:\/\/climalife.com\/nl\/wp-json\/wp\/v2\/countries?post=163609"},{"taxonomy":"product_brand","embeddable":true,"href":"https:\/\/climalife.com\/nl\/wp-json\/wp\/v2\/product_brand?post=163609"},{"taxonomy":"product_cat","embeddable":true,"href":"https:\/\/climalife.com\/nl\/wp-json\/wp\/v2\/product_cat?post=163609"},{"taxonomy":"product_tag","embeddable":true,"href":"https:\/\/climalife.com\/nl\/wp-json\/wp\/v2\/product_tag?post=163609"}],"curies":[{"name":"wp","href":"https:\/\/api.w.org\/{rel}","templated":true}]}}