{"id":157149,"date":"2022-09-28T16:44:28","date_gmt":"2022-09-28T16:44:28","guid":{"rendered":"http:\/\/climalife.com\/product\/acitest-unipro-ww\/"},"modified":"2025-08-19T15:43:25","modified_gmt":"2025-08-19T15:43:25","slug":"acitest-unipro-ww","status":"publish","type":"product","link":"https:\/\/climalife.com\/ro\/product\/acitest-unipro-ww\/","title":{"rendered":"Acitest Unipro WW"},"content":{"rendered":"<p>Acesta ofer\u0103 o indica\u021bie a st\u0103rii sale: bun\u0103, la limit\u0103, acid\u0103.<\/p>\n<p>&nbsp;<\/p>\n<p>Acest test de aciditate ofer\u0103 un diagnostic rapid care spore\u0219te siguran\u021ba \u0219i productivitatea instala\u021biilor prin reducerea riscului de defec\u021biuni \u0219i a poten\u021bialelor defec\u021biuni legate de aciditatea uleiului.<\/p>\n<p>&nbsp;<\/p>\n<p><strong>Noutate: Acitest Unipro WW este disponibil \u00een toat\u0103 lumea!<\/strong><\/p>\n","protected":false},"excerpt":{"rendered":"<p>Dezvoltat de Climalife, Acitest Unipro WW permite verificarea instantanee a nivelului de aciditate al uleiului frigorific aditivat \u0219i neaditivat, indiferent de natura acestuia.<\/p>\n","protected":false},"featured_media":132165,"comment_status":"open","ping_status":"closed","template":"","meta":[],"countries":[4674,4709,4756,4813,4831,4862],"product_brand":[],"product_cat":[9989,9980,9953,9944,9971,9998,13062,13097,13131,9369],"product_tag":[],"class_list":{"0":"post-157149","1":"product","2":"type-product","3":"status-publish","4":"has-post-thumbnail","6":"countries-by","7":"countries-cu","8":"countries-ir","9":"countries-kp","10":"countries-ru","11":"countries-sy","12":"product_cat-aeronautica-aerospatiala-aparare","13":"product_cat-industria-auto-transport","14":"product_cat-cladiri","15":"product_cat-sector-agroalimentar","16":"product_cat-sanatate-bunastare","17":"product_cat-alte-industrii","18":"product_cat-aer-conditionat","19":"product_cat-incalzire","20":"product_cat-refrigerare","21":"product_cat-analiza-uleiuri","22":"pa_packaging-cutie-cu-6-bucati-ro-1","24":"first","25":"instock","26":"shipping-taxable","27":"purchasable","28":"product-type-variable"},"_links":{"self":[{"href":"https:\/\/climalife.com\/ro\/wp-json\/wp\/v2\/product\/157149","targetHints":{"allow":["GET"]}}],"collection":[{"href":"https:\/\/climalife.com\/ro\/wp-json\/wp\/v2\/product"}],"about":[{"href":"https:\/\/climalife.com\/ro\/wp-json\/wp\/v2\/types\/product"}],"replies":[{"embeddable":true,"href":"https:\/\/climalife.com\/ro\/wp-json\/wp\/v2\/comments?post=157149"}],"wp:featuredmedia":[{"embeddable":true,"href":"https:\/\/climalife.com\/ro\/wp-json\/wp\/v2\/media\/132165"}],"wp:attachment":[{"href":"https:\/\/climalife.com\/ro\/wp-json\/wp\/v2\/media?parent=157149"}],"wp:term":[{"taxonomy":"countries","embeddable":true,"href":"https:\/\/climalife.com\/ro\/wp-json\/wp\/v2\/countries?post=157149"},{"taxonomy":"product_brand","embeddable":true,"href":"https:\/\/climalife.com\/ro\/wp-json\/wp\/v2\/product_brand?post=157149"},{"taxonomy":"product_cat","embeddable":true,"href":"https:\/\/climalife.com\/ro\/wp-json\/wp\/v2\/product_cat?post=157149"},{"taxonomy":"product_tag","embeddable":true,"href":"https:\/\/climalife.com\/ro\/wp-json\/wp\/v2\/product_tag?post=157149"}],"curies":[{"name":"wp","href":"https:\/\/api.w.org\/{rel}","templated":true}]}}