{"id":160089,"date":"2022-09-28T16:44:33","date_gmt":"2022-09-28T16:44:33","guid":{"rendered":"http:\/\/climalife.com\/product\/mobil-eal-arctic\/"},"modified":"2025-08-19T15:37:02","modified_gmt":"2025-08-19T15:37:02","slug":"mobil-eal-arctic","status":"publish","type":"product","link":"https:\/\/climalife.com\/ro\/product\/mobil-eal-arctic\/","title":{"rendered":"Mobil EAL Arctic"},"content":{"rendered":"<p>Formulate cu POE sintetice \u0219i aditivi special selecta\u021bi, acestea ofer\u0103 o lubrifiere remarcabil\u0103 \u0219i, \u00een plus fa\u021b\u0103 de stabilitatea chimic\u0103, termic\u0103 \u0219i de hidroliz\u0103 excelent\u0103, sunt foarte eficiente \u00een protejarea echipamentelor \u00eempotriva uzurii.<\/p>\n","protected":false},"excerpt":{"rendered":"<p>Gama de uleiuri Mobil EAL Arctic \u0219i Mobil SHC\u2122 Gargoyle 32 este format\u0103 din lubrifian\u021bi de \u00eenalt\u0103 performan\u021b\u0103, complet sintetici, concepu\u021bi special pentru lubrifierea compresoarelor pentru sistemele de refrigerare care func\u021bioneaz\u0103 cu HFC, HFO \u0219i amestecuri de HFO, inclusiv cu agen\u021bi frigorifici A1 \u0219i A2L, \u00een conformitate cu specifica\u021biile de siguran\u021b\u0103 ASHRAE 34\/ISO 817. <\/p>\n<p>Uleiurile Mobil EAL Arctic sunt disponibile \u00een clasele de v\u00e2scozitate ISO de la 15 la 220.<\/p>\n","protected":false},"featured_media":121860,"comment_status":"open","ping_status":"closed","template":"","meta":[],"countries":[4674,4709,4756,4813,4831,4862],"product_brand":[],"product_cat":[13062,9989,9998,9953,13097,9980,13423,13131,9971,9944],"product_tag":[],"class_list":{"0":"post-160089","1":"product","2":"type-product","3":"status-publish","4":"has-post-thumbnail","6":"countries-by","7":"countries-cu","8":"countries-ir","9":"countries-kp","10":"countries-ru","11":"countries-sy","12":"product_cat-aer-conditionat","13":"product_cat-aeronautica-aerospatiala-aparare","14":"product_cat-alte-industrii","15":"product_cat-cladiri","16":"product_cat-incalzire","17":"product_cat-industria-auto-transport","18":"product_cat-poe-ro","19":"product_cat-refrigerare","20":"product_cat-sanatate-bunastare","21":"product_cat-sector-agroalimentar","22":"pa_packaging-butoi-208-l-ro-49","23":"pa_packaging-canistra-de-20-l-ro-36","24":"pa_packaging-canistra-de-5-l-ro-35","26":"first","27":"instock","28":"shipping-taxable","29":"purchasable","30":"product-type-variable"},"_links":{"self":[{"href":"https:\/\/climalife.com\/ro\/wp-json\/wp\/v2\/product\/160089","targetHints":{"allow":["GET"]}}],"collection":[{"href":"https:\/\/climalife.com\/ro\/wp-json\/wp\/v2\/product"}],"about":[{"href":"https:\/\/climalife.com\/ro\/wp-json\/wp\/v2\/types\/product"}],"replies":[{"embeddable":true,"href":"https:\/\/climalife.com\/ro\/wp-json\/wp\/v2\/comments?post=160089"}],"wp:featuredmedia":[{"embeddable":true,"href":"https:\/\/climalife.com\/ro\/wp-json\/wp\/v2\/media\/121860"}],"wp:attachment":[{"href":"https:\/\/climalife.com\/ro\/wp-json\/wp\/v2\/media?parent=160089"}],"wp:term":[{"taxonomy":"countries","embeddable":true,"href":"https:\/\/climalife.com\/ro\/wp-json\/wp\/v2\/countries?post=160089"},{"taxonomy":"product_brand","embeddable":true,"href":"https:\/\/climalife.com\/ro\/wp-json\/wp\/v2\/product_brand?post=160089"},{"taxonomy":"product_cat","embeddable":true,"href":"https:\/\/climalife.com\/ro\/wp-json\/wp\/v2\/product_cat?post=160089"},{"taxonomy":"product_tag","embeddable":true,"href":"https:\/\/climalife.com\/ro\/wp-json\/wp\/v2\/product_tag?post=160089"}],"curies":[{"name":"wp","href":"https:\/\/api.w.org\/{rel}","templated":true}]}}