{"id":160100,"date":"2022-09-28T17:39:23","date_gmt":"2022-09-28T17:39:23","guid":{"rendered":"http:\/\/climalife.com\/product\/mgs-402-mgs-408-unitati-de-control-pentru-detectoare-de-scurgere\/"},"modified":"2025-08-19T16:20:22","modified_gmt":"2025-08-19T16:20:22","slug":"mgs-402-mgs-408-unitati-de-control-pentru-detectoare-de-scurgere","status":"publish","type":"product","link":"https:\/\/climalife.com\/ro\/product\/mgs-402-mgs-408-unitati-de-control-pentru-detectoare-de-scurgere\/","title":{"rendered":"MGS-402 | MGS-408: unit\u0103\u021bi de control pentru detectoare de scurgere"},"content":{"rendered":"<p>Instalarea unui sistem de detectare a scurgerilor nu numai c\u0103 asigur\u0103 respectarea reglement\u0103rilor, ci \u0219i <strong>siguran\u021ba oamenilor<\/strong> (operatori, manageri, angaja\u021bi),<strong> respectul pentru mediu<\/strong> \u0219i <strong>economii financiare<\/strong>.<\/p>\n<p>\u00a0<\/p>\n<p><strong>Controlerul MGS-402 permite conectarea a p\u00e2n\u0103 la 2 detectoare\u00a0<\/strong><a href=\"https:\/\/climalife.dehon.ro\/detector-de-scurgeri-stationar-seria-mgs-400\" target=\"_blank\" rel=\"noopener\">MGS-410<\/a> pentru a forma o unitate de detec\u021bie cu 2 sonde \u0219i 2 niveluri.<\/p>\n<p>\u00a0<\/p>\n<p><strong>Controlerul MGS-408 permite conectarea a p\u00e2n\u0103 la 8 detectoare <\/strong><a href=\"https:\/\/climalife.dehon.ro\/detector-de-scurgeri-stationar-seria-mgs-400\" target=\"_blank\" rel=\"noopener\">MGS-410<\/a>, <a href=\"https:\/\/climalife.dehon.ro\/detector-de-scurgeri-stationar-seria-mgs-400\" target=\"_blank\" rel=\"noopener\">MGS-450<\/a>,\u00a0<a href=\"https:\/\/climalife.dehon.ro\/detector-de-scurgeri-stationar-seria-mgs-400\" target=\"_blank\" rel=\"noopener\">MGS-460<\/a> sau\u00a0<a href=\"https:\/\/climalife.dehon.ro\/detector-de-scurgere-stationar-mgs-550\" target=\"_blank\" rel=\"noopener\">MGS-550<\/a> pentru a forma o unitate central\u0103 de detec\u021bie cu 8 sonde cu 2 niveluri de detec\u021bie.<\/p>\n<p>\u00a0<\/p>\n<p>Aceste echipamente pot fi conectate la un sistem centralizat de gestionare a cl\u0103dirii.<\/p>\n<p>\u00a0<\/p>\n<p><em>Acestea \u00eendeplinesc recomand\u0103rile standardelor de siguran\u021b\u0103 EN 378 \u0219i ASHRAE 15 pentru detectarea scurgerilor.<\/em><\/p>\n<p>\u00a0<\/p>\n<p><strong>Video &#8211; Prezentare MGS 402:<\/strong><\/p>\n<p>\u00a0<\/p>\n<p><iframe loading=\"lazy\" src=\"https:\/\/www.youtube.com\/embed\/6YpxnOo5NPA\" width=\"425\" height=\"350\"><\/iframe><\/p>\n<p>\u00a0<\/p>\n<p>\u00a0<\/p>\n","protected":false},"excerpt":{"rendered":"<p>Controlerele Bacharach MGS-402 \u0219i MGS-408 pot fi utilizate pentru a conecta detectoarele din\u00a0seriile MGS-400 \u0219i MGS-550 pentru a forma unit\u0103\u021bi de detectare a scurgerilor pentru refrigeran\u021bi19:51:55, gaze toxice \u0219i combustibile.<\/p>\n","protected":false},"featured_media":132255,"comment_status":"open","ping_status":"closed","template":"","meta":[],"countries":[4674,4709,4756,4813,4831,4862],"product_brand":[],"product_cat":[13062,9989,9998,9953,9269,13097,13131,9971,9944],"product_tag":[],"class_list":{"0":"post-160100","1":"product","2":"type-product","3":"status-publish","4":"has-post-thumbnail","6":"countries-by","7":"countries-cu","8":"countries-ir","9":"countries-kp","10":"countries-ru","11":"countries-sy","12":"product_cat-aer-conditionat","13":"product_cat-aeronautica-aerospatiala-aparare","14":"product_cat-alte-industrii","15":"product_cat-cladiri","16":"product_cat-detectare-fixa-a-scurgerilor","17":"product_cat-incalzire","18":"product_cat-refrigerare","19":"product_cat-sanatate-bunastare","20":"product_cat-sector-agroalimentar","22":"first","23":"instock","24":"shipping-taxable","25":"purchasable","26":"product-type-variable"},"_links":{"self":[{"href":"https:\/\/climalife.com\/ro\/wp-json\/wp\/v2\/product\/160100","targetHints":{"allow":["GET"]}}],"collection":[{"href":"https:\/\/climalife.com\/ro\/wp-json\/wp\/v2\/product"}],"about":[{"href":"https:\/\/climalife.com\/ro\/wp-json\/wp\/v2\/types\/product"}],"replies":[{"embeddable":true,"href":"https:\/\/climalife.com\/ro\/wp-json\/wp\/v2\/comments?post=160100"}],"wp:featuredmedia":[{"embeddable":true,"href":"https:\/\/climalife.com\/ro\/wp-json\/wp\/v2\/media\/132255"}],"wp:attachment":[{"href":"https:\/\/climalife.com\/ro\/wp-json\/wp\/v2\/media?parent=160100"}],"wp:term":[{"taxonomy":"countries","embeddable":true,"href":"https:\/\/climalife.com\/ro\/wp-json\/wp\/v2\/countries?post=160100"},{"taxonomy":"product_brand","embeddable":true,"href":"https:\/\/climalife.com\/ro\/wp-json\/wp\/v2\/product_brand?post=160100"},{"taxonomy":"product_cat","embeddable":true,"href":"https:\/\/climalife.com\/ro\/wp-json\/wp\/v2\/product_cat?post=160100"},{"taxonomy":"product_tag","embeddable":true,"href":"https:\/\/climalife.com\/ro\/wp-json\/wp\/v2\/product_tag?post=160100"}],"curies":[{"name":"wp","href":"https:\/\/api.w.org\/{rel}","templated":true}]}}