{"id":160110,"date":"2022-09-28T17:39:28","date_gmt":"2022-09-28T17:39:28","guid":{"rendered":"http:\/\/climalife.com\/product\/detector-d-tek-3-d-tek-3-co2\/"},"modified":"2025-08-19T16:18:38","modified_gmt":"2025-08-19T16:18:38","slug":"detector-d-tek-3-d-tek-3-co2","status":"publish","type":"product","link":"https:\/\/climalife.com\/ro\/product\/detector-d-tek-3-d-tek-3-co2\/","title":{"rendered":"Detector D-Tek 3 \/ D-tek 3 CO2"},"content":{"rendered":"<p>Pute\u021bi avea dou\u0103 instrumente \u00eentr-unul singur datorit\u0103 senzorilor interschimbabili de refrigerant \u0219i CO<sub>2<\/sub>.<\/p>\n","protected":false},"excerpt":{"rendered":"<p>D-TEK 3 ofer\u0103 caracteristici suplimentare pentru a v\u0103 sprijini \u00een detectarea scurgerilor. Un senzor u\u0219or de schimbat, o baterie litiu-ion cu \u00eenc\u0103rcare rapid\u0103 \u0219i un nou design ergonomic fac din D-TEK 3 un instrument versatil pentru \u00eentre\u021binerea \u0219i repararea zilnic\u0103 a sistemelor de refrigerare.<\/p>\n","protected":false},"featured_media":131130,"comment_status":"open","ping_status":"closed","template":"","meta":[],"countries":[4674,4709,4756,4813,4831,4862],"product_brand":[],"product_cat":[13062,9989,9998,13115,9953,9377,9980,13131,9971,9944],"product_tag":[],"class_list":{"0":"post-160110","1":"product","2":"type-product","3":"status-publish","4":"has-post-thumbnail","6":"countries-by","7":"countries-cu","8":"countries-ir","9":"countries-kp","10":"countries-ru","11":"countries-sy","12":"product_cat-aer-conditionat","13":"product_cat-aeronautica-aerospatiala-aparare","14":"product_cat-alte-industrii","15":"product_cat-ciclu-rankine-organic","16":"product_cat-cladiri","17":"product_cat-detectare-mobila-a-scurgerilor","18":"product_cat-industria-auto-transport","19":"product_cat-refrigerare","20":"product_cat-sanatate-bunastare","21":"product_cat-sector-agroalimentar","22":"pa_packaging-unitate-ro-25","24":"first","25":"instock","26":"shipping-taxable","27":"purchasable","28":"product-type-variable"},"_links":{"self":[{"href":"https:\/\/climalife.com\/ro\/wp-json\/wp\/v2\/product\/160110","targetHints":{"allow":["GET"]}}],"collection":[{"href":"https:\/\/climalife.com\/ro\/wp-json\/wp\/v2\/product"}],"about":[{"href":"https:\/\/climalife.com\/ro\/wp-json\/wp\/v2\/types\/product"}],"replies":[{"embeddable":true,"href":"https:\/\/climalife.com\/ro\/wp-json\/wp\/v2\/comments?post=160110"}],"wp:featuredmedia":[{"embeddable":true,"href":"https:\/\/climalife.com\/ro\/wp-json\/wp\/v2\/media\/131130"}],"wp:attachment":[{"href":"https:\/\/climalife.com\/ro\/wp-json\/wp\/v2\/media?parent=160110"}],"wp:term":[{"taxonomy":"countries","embeddable":true,"href":"https:\/\/climalife.com\/ro\/wp-json\/wp\/v2\/countries?post=160110"},{"taxonomy":"product_brand","embeddable":true,"href":"https:\/\/climalife.com\/ro\/wp-json\/wp\/v2\/product_brand?post=160110"},{"taxonomy":"product_cat","embeddable":true,"href":"https:\/\/climalife.com\/ro\/wp-json\/wp\/v2\/product_cat?post=160110"},{"taxonomy":"product_tag","embeddable":true,"href":"https:\/\/climalife.com\/ro\/wp-json\/wp\/v2\/product_tag?post=160110"}],"curies":[{"name":"wp","href":"https:\/\/api.w.org\/{rel}","templated":true}]}}