{"id":160143,"date":"2022-09-28T17:39:45","date_gmt":"2022-09-28T17:39:45","guid":{"rendered":"http:\/\/climalife.com\/product\/detector-de-scurgere-stationar-seria-mgs-400\/"},"modified":"2025-08-19T16:15:24","modified_gmt":"2025-08-19T16:15:24","slug":"detector-de-scurgere-stationar-seria-mgs-400","status":"publish","type":"product","link":"https:\/\/climalife.com\/ro\/product\/detector-de-scurgere-stationar-seria-mgs-400\/","title":{"rendered":"Detector de scurgere sta\u021bionar: seria MGS 400"},"content":{"rendered":"<p class=\"offset-left\"><strong>\u00a0<\/strong><\/p>\n<p>Aceste detectoare sunt conforme cu standardele actuale (ASHRAE 15, EN 378, CSA-B52). U\u0219or de instalat \u0219i configurat, acestea sunt eficiente \u0219i economisesc timp \u0219i bani pentru echipamente \u0219i instalare.<\/p>\n<p>&nbsp;<\/p>\n<p><strong>Seria MGS 400 eviden\u021biaz\u0103 :<\/strong><\/p>\n<p><strong>\u2022<\/strong>\u00a0 <strong>Detectoare conectate<\/strong>: Aplica\u021bia MGS-400 permite punerea \u00een func\u021biune, \u00eentre\u021binerea \u0219i configurarea <strong>MGS-410, MGS-450 \u0219i MGS-460<\/strong> de pe un smartphone. Prin intermediul unei conexiuni Bluetooth, v\u0103 permite s\u0103 vizualiza\u021bi m\u0103sur\u0103torile \u00een timp real, s\u0103 testa\u021bi ie\u0219irile \u0219i s\u0103 calibra\u021bi detectorul.<\/p>\n<p><strong>\u2022<\/strong>\u00a0 Alarme sonore \u0219i vizuale \u00eencorporate pentru <strong>respectarea normelor de siguran\u021b\u0103<\/strong> \u00een domeniul refriger\u0103rii &#8211; nu este nevoie de materiale suplimentare.<\/p>\n<p><strong>\u2022<\/strong>\u00a0 Disponibil cu o <strong>gam\u0103 larg\u0103 de refrigeran\u021bi<\/strong>.<\/p>\n<p><strong>\u2022<\/strong>\u00a0 \u00cenlocuirea senzorilor este <strong>simplificat\u0103<\/strong> cu ajutorul senzorilor plug-and-play pre-calibra\u021bi.<\/p>\n<p>&nbsp;<\/p>\n<p>&nbsp;<\/p>\n<table border=\"1\" width=\"581\">\n<tbody>\n<tr>\n<td><strong>Func\u021bionalitate<\/strong><\/td>\n<td><strong>\u00a0MGS-410<\/strong><\/td>\n<td><strong>MGS-450<\/strong><\/td>\n<td><strong>MGS-460<\/strong><\/td>\n<\/tr>\n<tr>\n<td>IP41<\/td>\n<td><\/td>\n<td>\u00a0<span class=\"ILfuVd\"><span class=\"hgKElc\">\u2714<\/span><\/span><\/td>\n<td><\/td>\n<\/tr>\n<tr>\n<td>IP66<\/td>\n<td>\u00a0<span class=\"ILfuVd\"><span class=\"hgKElc\">\u2714<\/span><\/span><\/td>\n<td>\u00a0<span class=\"ILfuVd\"><span class=\"hgKElc\">\u2714<\/span><\/span><\/td>\n<td>\u00a0<span class=\"ILfuVd\"><span class=\"hgKElc\">\u2714<\/span><\/span><\/td>\n<\/tr>\n<tr>\n<td>Modbus<\/td>\n<td>\u00a0<span class=\"ILfuVd\"><span class=\"hgKElc\">\u2714<\/span><\/span><\/td>\n<td>\u00a0<span class=\"ILfuVd\"><span class=\"hgKElc\">\u2714<\/span><\/span><\/td>\n<td>\u00a0<span class=\"ILfuVd\"><span class=\"hgKElc\">\u2714<\/span><\/span><\/td>\n<\/tr>\n<tr>\n<td>3 relee<\/td>\n<td><\/td>\n<td>\u00a0<span class=\"ILfuVd\"><span class=\"hgKElc\">\u2714<\/span><\/span><\/td>\n<td>\u00a0<span class=\"ILfuVd\"><span class=\"hgKElc\">\u2714<\/span><\/span><\/td>\n<\/tr>\n<tr>\n<td>Ie\u0219ire analogic\u0103<\/td>\n<td><\/td>\n<td>\u00a0<span class=\"ILfuVd\"><span class=\"hgKElc\">\u2714<\/span><\/span><\/td>\n<td>\u00a0<span class=\"ILfuVd\"><span class=\"hgKElc\">\u2714<\/span><\/span><\/td>\n<\/tr>\n<tr>\n<td>Sond\u0103 la distan\u021b\u0103<\/td>\n<td><\/td>\n<td><\/td>\n<td>\u00a0<span class=\"ILfuVd\"><span class=\"hgKElc\">\u2714<\/span><\/span><\/td>\n<\/tr>\n<tr>\n<td>Compatibilitatea aplica\u021biei MGS 400 (parametrizare)<\/td>\n<td>\u00a0<span class=\"ILfuVd\"><span class=\"hgKElc\">\u2714<\/span><\/span><\/td>\n<td>\u00a0<span class=\"ILfuVd\"><span class=\"hgKElc\">\u2714<\/span><\/span><\/td>\n<td>\u00a0<span class=\"ILfuVd\"><span class=\"hgKElc\">\u2714<\/span><\/span><\/td>\n<\/tr>\n<tr>\n<td>Sond\u0103<\/td>\n<td><strong>\u00a01 sond\u0103 integrat\u0103<br \/>\n<\/strong><\/td>\n<td><strong>1 sond\u0103 integrat\u0103<br \/>\n<\/strong><\/td>\n<td><strong>1 sond\u0103 la distan\u021b\u0103<\/strong><\/td>\n<\/tr>\n<tr>\n<td>Nivelul (nivelurile) de alarm\u0103<\/td>\n<td><strong>\u00a01<\/strong><\/td>\n<td><strong>2<\/strong><\/td>\n<td><strong>2<\/strong><\/td>\n<\/tr>\n<tr>\n<td>Compatibilitatea\u00a0MGS-402<\/td>\n<td>\u00a0<span class=\"ILfuVd\"><span class=\"hgKElc\">\u2714<\/span><\/span><\/td>\n<td><\/td>\n<td><\/td>\n<\/tr>\n<tr>\n<td>Compatibilitatea\u00a0MGS-408<\/td>\n<td><span class=\"ILfuVd\"><span class=\"hgKElc\">\u2714<\/span><\/span><\/td>\n<td><span class=\"ILfuVd\"><span class=\"hgKElc\">\u2714<\/span><\/span><\/td>\n<td><span class=\"ILfuVd\"><span class=\"hgKElc\">\u2714<\/span><\/span><\/td>\n<\/tr>\n<\/tbody>\n<\/table>\n","protected":false},"excerpt":{"rendered":"<p>Monitoarele de mediu din seria Bacharach MGS-400 sunt detectoare\u00a0sta\u021bionare de scurgeri de refrigerant, potrivite pentru toate sistemele de refrigerare. Proiectate pentru detectarea refrigeran\u021bilor, a gazelor toxice \u0219i combustibile, acestea detecteaz\u0103 HFO \/ amestecuri (HFO-HFC) \/ HFC \/ R-290 \/ NH3 \/ CO2 \u0219i ajut\u0103 la asigurarea siguran\u021bei personale, reduc\u00e2nd \u00een acela\u0219i timp scurgerile.<\/p>\n","protected":false},"featured_media":131265,"comment_status":"open","ping_status":"closed","template":"","meta":[],"countries":[4674,4709,4756,4760,4804,4813,4831,4862],"product_brand":[],"product_cat":[9989,9953,9962,9944,9971,9998,13062,13097,13115,13131,9269],"product_tag":[],"class_list":{"0":"post-160143","1":"product","2":"type-product","3":"status-publish","4":"has-post-thumbnail","6":"countries-by","7":"countries-cu","8":"countries-ir","9":"countries-it","10":"countries-nl","11":"countries-kp","12":"countries-ru","13":"countries-sy","14":"product_cat-aeronautica-aerospatiala-aparare","15":"product_cat-cladiri","16":"product_cat-energie","17":"product_cat-sector-agroalimentar","18":"product_cat-sanatate-bunastare","19":"product_cat-alte-industrii","20":"product_cat-aer-conditionat","21":"product_cat-incalzire","22":"product_cat-ciclu-rankine-organic","23":"product_cat-refrigerare","24":"product_cat-detectare-fixa-a-scurgerilor","25":"pa_packaging-unitate-ro-25","27":"first","28":"instock","29":"shipping-taxable","30":"purchasable","31":"product-type-variable"},"_links":{"self":[{"href":"https:\/\/climalife.com\/ro\/wp-json\/wp\/v2\/product\/160143","targetHints":{"allow":["GET"]}}],"collection":[{"href":"https:\/\/climalife.com\/ro\/wp-json\/wp\/v2\/product"}],"about":[{"href":"https:\/\/climalife.com\/ro\/wp-json\/wp\/v2\/types\/product"}],"replies":[{"embeddable":true,"href":"https:\/\/climalife.com\/ro\/wp-json\/wp\/v2\/comments?post=160143"}],"wp:featuredmedia":[{"embeddable":true,"href":"https:\/\/climalife.com\/ro\/wp-json\/wp\/v2\/media\/131265"}],"wp:attachment":[{"href":"https:\/\/climalife.com\/ro\/wp-json\/wp\/v2\/media?parent=160143"}],"wp:term":[{"taxonomy":"countries","embeddable":true,"href":"https:\/\/climalife.com\/ro\/wp-json\/wp\/v2\/countries?post=160143"},{"taxonomy":"product_brand","embeddable":true,"href":"https:\/\/climalife.com\/ro\/wp-json\/wp\/v2\/product_brand?post=160143"},{"taxonomy":"product_cat","embeddable":true,"href":"https:\/\/climalife.com\/ro\/wp-json\/wp\/v2\/product_cat?post=160143"},{"taxonomy":"product_tag","embeddable":true,"href":"https:\/\/climalife.com\/ro\/wp-json\/wp\/v2\/product_tag?post=160143"}],"curies":[{"name":"wp","href":"https:\/\/api.w.org\/{rel}","templated":true}]}}