{"id":160184,"date":"2022-09-28T17:40:00","date_gmt":"2022-09-28T17:40:00","guid":{"rendered":"http:\/\/climalife.com\/product\/desoxyclean\/"},"modified":"2025-08-19T16:12:32","modified_gmt":"2025-08-19T16:12:32","slug":"desoxyclean","status":"publish","type":"product","link":"https:\/\/climalife.com\/ro\/product\/desoxyclean\/","title":{"rendered":"Desoxyclean"},"content":{"rendered":"<p>Desoxyclean este destinat a fi aplicat \u00eentr-o solu\u021bie diluat\u0103 de 5-20% \u00eentr-un circuit \u00eenchis \u0219i este potrivit pentru utilizarea cu materiale comune, cum ar fi cuprul, aluminiul,\u00a0o\u021belul, o\u021belul inoxidabil, alama, fierul, cauciucul, plasticul \u0219i ceramica.<\/p>\n<p>Dup\u0103 utilizarea Desoxyclean, circuitul trebuie cl\u0103tit cu Dispersant D \u0219i apoi cu ap\u0103.<\/p>\n","protected":false},"excerpt":{"rendered":"<p>Desoxyclean, un \u00eenlocuitor pentru Desoxidant P, este un detergent pentru uz profesional. Este conceput pentru a cur\u0103\u021ba \u0219i \u00eendep\u0103rta coroziunea de suprafa\u021b\u0103, calcarul \u0219i n\u0103molul din \u021bevile din sistemele cu liched de transfer termic (glicol) sau de ap\u0103.<\/p>\n","protected":false},"featured_media":131085,"comment_status":"open","ping_status":"closed","template":"","meta":[],"countries":[4674,4709,4756,4813,4831,4862],"product_brand":[],"product_cat":[13062,9989,9998,9953,9360,9962,13140,13097,13131,9971,9944],"product_tag":[],"class_list":{"0":"post-160184","1":"product","2":"type-product","3":"status-publish","4":"has-post-thumbnail","6":"countries-by","7":"countries-cu","8":"countries-ir","9":"countries-kp","10":"countries-ru","11":"countries-sy","12":"product_cat-aer-conditionat","13":"product_cat-aeronautica-aerospatiala-aparare","14":"product_cat-alte-industrii","15":"product_cat-cladiri","16":"product_cat-curatarea-interna-a-circuitelor-cu-lichid-de-transfer-termic","17":"product_cat-energie","18":"product_cat-energie-regenerabila","19":"product_cat-incalzire","20":"product_cat-refrigerare","21":"product_cat-sanatate-bunastare","22":"product_cat-sector-agroalimentar","23":"pa_packaging-container-1000-kg-ro-139","24":"pa_packaging-canistra-de-20-kg-ro-38","25":"pa_packaging-fut-200-kg-ro-353","27":"first","28":"instock","29":"shipping-taxable","30":"purchasable","31":"product-type-variable"},"_links":{"self":[{"href":"https:\/\/climalife.com\/ro\/wp-json\/wp\/v2\/product\/160184","targetHints":{"allow":["GET"]}}],"collection":[{"href":"https:\/\/climalife.com\/ro\/wp-json\/wp\/v2\/product"}],"about":[{"href":"https:\/\/climalife.com\/ro\/wp-json\/wp\/v2\/types\/product"}],"replies":[{"embeddable":true,"href":"https:\/\/climalife.com\/ro\/wp-json\/wp\/v2\/comments?post=160184"}],"wp:featuredmedia":[{"embeddable":true,"href":"https:\/\/climalife.com\/ro\/wp-json\/wp\/v2\/media\/131085"}],"wp:attachment":[{"href":"https:\/\/climalife.com\/ro\/wp-json\/wp\/v2\/media?parent=160184"}],"wp:term":[{"taxonomy":"countries","embeddable":true,"href":"https:\/\/climalife.com\/ro\/wp-json\/wp\/v2\/countries?post=160184"},{"taxonomy":"product_brand","embeddable":true,"href":"https:\/\/climalife.com\/ro\/wp-json\/wp\/v2\/product_brand?post=160184"},{"taxonomy":"product_cat","embeddable":true,"href":"https:\/\/climalife.com\/ro\/wp-json\/wp\/v2\/product_cat?post=160184"},{"taxonomy":"product_tag","embeddable":true,"href":"https:\/\/climalife.com\/ro\/wp-json\/wp\/v2\/product_tag?post=160184"}],"curies":[{"name":"wp","href":"https:\/\/api.w.org\/{rel}","templated":true}]}}