{"id":160245,"date":"2022-09-28T17:40:33","date_gmt":"2022-09-28T17:40:33","guid":{"rendered":"http:\/\/climalife.com\/product\/mobil-gargoyle-arctic-68-nh\/"},"modified":"2025-08-19T16:10:17","modified_gmt":"2025-08-19T16:10:17","slug":"mobil-gargoyle-arctic-68-nh","status":"publish","type":"product","link":"https:\/\/climalife.com\/ro\/product\/mobil-gargoyle-arctic-68-nh\/","title":{"rendered":"MOBIL GARGOYLE ARCTIC 68 NH"},"content":{"rendered":"<p><strong>Caracteristici \u0219i beneficii<\/strong><br \/>\n&#8211; Volatilitate sc\u0103zut\u0103 pentru reducerea consumului de ulei (reducerea num\u0103rului de adaosuri) prin limitarea fluidiz\u0103rii uleiului dup\u0103 frac\u021bionare<br \/>\n&#8211; V\u00e2scozitate Brookfield sc\u0103zut\u0103, contribuind la buna circula\u021bie a uleiului \u0219i la buna revenire in evaporator<br \/>\n&#8211; Protec\u021bia suprafe\u021bei pentru extinderea duratei de via\u021b\u0103 a echipamentului, reducerea costurilor de repara\u021bie<br \/>\n&#8211; Indice de viscozitate ridicat pentru lubrifierea compresorului \u00eentr-o gam\u0103 larg\u0103 de temperaturi de func\u021bionare<br \/>\n&#8211; Compatibilitatea refrigerantului care contribuie la o bun\u0103 separare (miscibilitate foarte mic\u0103 cu NH3)<\/p>\n","protected":false},"excerpt":{"rendered":"<p>Mobil Gargoyle Arctic 68 NH este un ulei de \u00eenalt\u0103 performan\u021b\u0103 special conceput pentru lubrifierea compresoarelor de r\u0103cire cu piston \u0219i \u0219urub cu amoniac (NH3, R-717). Acesta este formulat din ulei de baz\u0103 minerale parafinice de \u00eenalt\u0103 calitate, care prezint\u0103 performan\u021be excelente la temperaturi sc\u0103zute, volatilitate sc\u0103zut\u0103 \u0219i stabilitate termic\u0103 bun\u0103.<\/p>\n","protected":false},"featured_media":125010,"comment_status":"open","ping_status":"closed","template":"","meta":[],"countries":[4674,4709,4756,4813,4831,4862],"product_brand":[],"product_cat":[9989,9944,9971,9998,13097,13131,9351],"product_tag":[],"class_list":{"0":"post-160245","1":"product","2":"type-product","3":"status-publish","4":"has-post-thumbnail","6":"countries-by","7":"countries-cu","8":"countries-ir","9":"countries-kp","10":"countries-ru","11":"countries-sy","12":"product_cat-aeronautica-aerospatiala-aparare","13":"product_cat-sector-agroalimentar","14":"product_cat-sanatate-bunastare","15":"product_cat-alte-industrii","16":"product_cat-incalzire","17":"product_cat-refrigerare","18":"product_cat-uleiuri-minerale","19":"pa_packaging-butoi-208-l-ro-49","21":"first","22":"instock","23":"shipping-taxable","24":"purchasable","25":"product-type-variable"},"_links":{"self":[{"href":"https:\/\/climalife.com\/ro\/wp-json\/wp\/v2\/product\/160245","targetHints":{"allow":["GET"]}}],"collection":[{"href":"https:\/\/climalife.com\/ro\/wp-json\/wp\/v2\/product"}],"about":[{"href":"https:\/\/climalife.com\/ro\/wp-json\/wp\/v2\/types\/product"}],"replies":[{"embeddable":true,"href":"https:\/\/climalife.com\/ro\/wp-json\/wp\/v2\/comments?post=160245"}],"wp:featuredmedia":[{"embeddable":true,"href":"https:\/\/climalife.com\/ro\/wp-json\/wp\/v2\/media\/125010"}],"wp:attachment":[{"href":"https:\/\/climalife.com\/ro\/wp-json\/wp\/v2\/media?parent=160245"}],"wp:term":[{"taxonomy":"countries","embeddable":true,"href":"https:\/\/climalife.com\/ro\/wp-json\/wp\/v2\/countries?post=160245"},{"taxonomy":"product_brand","embeddable":true,"href":"https:\/\/climalife.com\/ro\/wp-json\/wp\/v2\/product_brand?post=160245"},{"taxonomy":"product_cat","embeddable":true,"href":"https:\/\/climalife.com\/ro\/wp-json\/wp\/v2\/product_cat?post=160245"},{"taxonomy":"product_tag","embeddable":true,"href":"https:\/\/climalife.com\/ro\/wp-json\/wp\/v2\/product_tag?post=160245"}],"curies":[{"name":"wp","href":"https:\/\/api.w.org\/{rel}","templated":true}]}}