{"id":160825,"date":"2022-09-28T17:44:26","date_gmt":"2022-09-28T17:44:26","guid":{"rendered":"http:\/\/climalife.com\/product\/j17-joint-for-brass-connector\/"},"modified":"2025-07-11T11:11:43","modified_gmt":"2025-07-11T11:11:43","slug":"j17-joint-for-brass-connector","status":"publish","type":"product","link":"https:\/\/climalife.com\/ro\/product\/j17-joint-for-brass-connector\/","title":{"rendered":"Garnitur\u0103 J17 pentru fitingul din alam\u0103"},"content":{"rendered":"","protected":false},"excerpt":{"rendered":"<p>19.6 x 12 x 3 diametru garnitur\u0103 de etan\u0219are pentru supapa din alam\u0103 21.7 &#8211; 1\/4 \u0219i 3\/8.<\/p>\n","protected":false},"featured_media":107478,"comment_status":"open","ping_status":"closed","template":"","meta":[],"countries":[4674,4709,4756,4813,4831,4862],"product_brand":[],"product_cat":[13253],"product_tag":[],"class_list":{"0":"post-160825","1":"product","2":"type-product","3":"status-publish","4":"has-post-thumbnail","6":"countries-by","7":"countries-cu","8":"countries-ir","9":"countries-kp","10":"countries-ru","11":"countries-sy","12":"product_cat-recuperarea-refrigerantilor","13":"pa_packaging-unitate-ro-25","15":"first","16":"instock","17":"shipping-taxable","18":"purchasable","19":"product-type-variable"},"_links":{"self":[{"href":"https:\/\/climalife.com\/ro\/wp-json\/wp\/v2\/product\/160825","targetHints":{"allow":["GET"]}}],"collection":[{"href":"https:\/\/climalife.com\/ro\/wp-json\/wp\/v2\/product"}],"about":[{"href":"https:\/\/climalife.com\/ro\/wp-json\/wp\/v2\/types\/product"}],"replies":[{"embeddable":true,"href":"https:\/\/climalife.com\/ro\/wp-json\/wp\/v2\/comments?post=160825"}],"wp:featuredmedia":[{"embeddable":true,"href":"https:\/\/climalife.com\/ro\/wp-json\/wp\/v2\/media\/107478"}],"wp:attachment":[{"href":"https:\/\/climalife.com\/ro\/wp-json\/wp\/v2\/media?parent=160825"}],"wp:term":[{"taxonomy":"countries","embeddable":true,"href":"https:\/\/climalife.com\/ro\/wp-json\/wp\/v2\/countries?post=160825"},{"taxonomy":"product_brand","embeddable":true,"href":"https:\/\/climalife.com\/ro\/wp-json\/wp\/v2\/product_brand?post=160825"},{"taxonomy":"product_cat","embeddable":true,"href":"https:\/\/climalife.com\/ro\/wp-json\/wp\/v2\/product_cat?post=160825"},{"taxonomy":"product_tag","embeddable":true,"href":"https:\/\/climalife.com\/ro\/wp-json\/wp\/v2\/product_tag?post=160825"}],"curies":[{"name":"wp","href":"https:\/\/api.w.org\/{rel}","templated":true}]}}