{"id":161035,"date":"2022-09-28T17:46:46","date_gmt":"2022-09-28T17:46:46","guid":{"rendered":"http:\/\/climalife.com\/product\/propan-r-290\/"},"modified":"2025-08-19T16:01:24","modified_gmt":"2025-08-19T16:01:24","slug":"propan-r-290","status":"publish","type":"product","link":"https:\/\/climalife.com\/ro\/product\/propan-r-290\/","title":{"rendered":"Propan R-290"},"content":{"rendered":"","protected":false},"excerpt":{"rendered":"<p>R-290 este o hidrocarbur\u0103, clasificat\u0103 ca fiind foarte inflamabil\u0103. A se vedea Regulamentul EN-378 pentru condi\u021biile de utilizarea \u00een aplica\u021biile de refrigerare.<\/p>\n","protected":false},"featured_media":108279,"comment_status":"open","ping_status":"closed","template":"","meta":[],"countries":[4674,4709,4756,4813,4831,4862],"product_brand":[],"product_cat":[9953,9944,9971,9998,13062,13097,13131,9782],"product_tag":[],"class_list":{"0":"post-161035","1":"product","2":"type-product","3":"status-publish","4":"has-post-thumbnail","6":"countries-by","7":"countries-cu","8":"countries-ir","9":"countries-kp","10":"countries-ru","11":"countries-sy","12":"product_cat-cladiri","13":"product_cat-sector-agroalimentar","14":"product_cat-sanatate-bunastare","15":"product_cat-alte-industrii","16":"product_cat-aer-conditionat","17":"product_cat-incalzire","18":"product_cat-refrigerare","19":"product_cat-hidrocarburi-ro-31","20":"pa_packaging-cilindru-1-l-ro-241","21":"pa_packaging-cilindru-27-l-ro-34","23":"first","24":"instock","25":"shipping-taxable","26":"purchasable","27":"product-type-variable"},"_links":{"self":[{"href":"https:\/\/climalife.com\/ro\/wp-json\/wp\/v2\/product\/161035","targetHints":{"allow":["GET"]}}],"collection":[{"href":"https:\/\/climalife.com\/ro\/wp-json\/wp\/v2\/product"}],"about":[{"href":"https:\/\/climalife.com\/ro\/wp-json\/wp\/v2\/types\/product"}],"replies":[{"embeddable":true,"href":"https:\/\/climalife.com\/ro\/wp-json\/wp\/v2\/comments?post=161035"}],"wp:featuredmedia":[{"embeddable":true,"href":"https:\/\/climalife.com\/ro\/wp-json\/wp\/v2\/media\/108279"}],"wp:attachment":[{"href":"https:\/\/climalife.com\/ro\/wp-json\/wp\/v2\/media?parent=161035"}],"wp:term":[{"taxonomy":"countries","embeddable":true,"href":"https:\/\/climalife.com\/ro\/wp-json\/wp\/v2\/countries?post=161035"},{"taxonomy":"product_brand","embeddable":true,"href":"https:\/\/climalife.com\/ro\/wp-json\/wp\/v2\/product_brand?post=161035"},{"taxonomy":"product_cat","embeddable":true,"href":"https:\/\/climalife.com\/ro\/wp-json\/wp\/v2\/product_cat?post=161035"},{"taxonomy":"product_tag","embeddable":true,"href":"https:\/\/climalife.com\/ro\/wp-json\/wp\/v2\/product_tag?post=161035"}],"curies":[{"name":"wp","href":"https:\/\/api.w.org\/{rel}","templated":true}]}}