{"id":161049,"date":"2022-09-28T17:46:54","date_gmt":"2022-09-28T17:46:54","guid":{"rendered":"http:\/\/climalife.com\/product\/izobutan-r-600a\/"},"modified":"2025-08-19T15:54:16","modified_gmt":"2025-08-19T15:54:16","slug":"izobutan-r-600a","status":"publish","type":"product","link":"https:\/\/climalife.com\/ro\/product\/izobutan-r-600a\/","title":{"rendered":"Izobutan R-600a"},"content":{"rendered":"","protected":false},"excerpt":{"rendered":"<p>R-600A este o hidrocarbur\u0103, clasificat\u0103 ca fiind foarte inflamabil\u0103, folosit\u0103 ca \u00eenlocuitor pentru R-12 \u00een mod obi\u0219nuit \u00een frigidere de uz casnic \u0219i a dulapurilor mici cu compresoare ermetice. A se vedea Regulamentul EN-378 pentru condi\u021biile de utilizare \u00een aplica\u021bii de refrigerare.<\/p>\n","protected":false},"featured_media":131913,"comment_status":"open","ping_status":"closed","template":"","meta":[],"countries":[4674,4709,4756,4813,4831,4862],"product_brand":[],"product_cat":[9944,9971,9998,13131,9782],"product_tag":[],"class_list":{"0":"post-161049","1":"product","2":"type-product","3":"status-publish","4":"has-post-thumbnail","6":"countries-by","7":"countries-cu","8":"countries-ir","9":"countries-kp","10":"countries-ru","11":"countries-sy","12":"product_cat-sector-agroalimentar","13":"product_cat-sanatate-bunastare","14":"product_cat-alte-industrii","15":"product_cat-refrigerare","16":"product_cat-hidrocarburi-ro-31","17":"pa_packaging-cilindru-27-l-ro-34","18":"pa_packaging-flacon-ro-128","20":"first","21":"instock","22":"shipping-taxable","23":"purchasable","24":"product-type-variable"},"_links":{"self":[{"href":"https:\/\/climalife.com\/ro\/wp-json\/wp\/v2\/product\/161049","targetHints":{"allow":["GET"]}}],"collection":[{"href":"https:\/\/climalife.com\/ro\/wp-json\/wp\/v2\/product"}],"about":[{"href":"https:\/\/climalife.com\/ro\/wp-json\/wp\/v2\/types\/product"}],"replies":[{"embeddable":true,"href":"https:\/\/climalife.com\/ro\/wp-json\/wp\/v2\/comments?post=161049"}],"wp:featuredmedia":[{"embeddable":true,"href":"https:\/\/climalife.com\/ro\/wp-json\/wp\/v2\/media\/131913"}],"wp:attachment":[{"href":"https:\/\/climalife.com\/ro\/wp-json\/wp\/v2\/media?parent=161049"}],"wp:term":[{"taxonomy":"countries","embeddable":true,"href":"https:\/\/climalife.com\/ro\/wp-json\/wp\/v2\/countries?post=161049"},{"taxonomy":"product_brand","embeddable":true,"href":"https:\/\/climalife.com\/ro\/wp-json\/wp\/v2\/product_brand?post=161049"},{"taxonomy":"product_cat","embeddable":true,"href":"https:\/\/climalife.com\/ro\/wp-json\/wp\/v2\/product_cat?post=161049"},{"taxonomy":"product_tag","embeddable":true,"href":"https:\/\/climalife.com\/ro\/wp-json\/wp\/v2\/product_tag?post=161049"}],"curies":[{"name":"wp","href":"https:\/\/api.w.org\/{rel}","templated":true}]}}