{"id":161153,"date":"2022-09-28T17:47:31","date_gmt":"2022-09-28T17:47:31","guid":{"rendered":"http:\/\/climalife.com\/product\/r-1270-propilena\/"},"modified":"2025-08-19T15:45:42","modified_gmt":"2025-08-19T15:45:42","slug":"r-1270-propilena","status":"publish","type":"product","link":"https:\/\/climalife.com\/ro\/product\/r-1270-propilena\/","title":{"rendered":"R-1270 (propilen\u0103)"},"content":{"rendered":"<p>R-1270\u00a0se utilizeaz\u0103 cu un ulei adaptat ma\u0219inii (mineral, polialfaolefin\u0103, polialchilenglicol etc.), se recomand\u0103 s\u0103 se verifice v\u00e2scozitatea uleiului ales \u00een func\u021bie de aplica\u021bie \u0219i de miscibilitate.<\/p>\n","protected":false},"excerpt":{"rendered":"<p>R-1270 (propilen\u0103) este o hidrocarbur\u0103 A3 (extrem de inflamabil\u0103) care se utilizeaz\u0103 \u00een aplica\u021biile de refrigerare industrial\u0103.<\/p>\n","protected":false},"featured_media":131886,"comment_status":"open","ping_status":"closed","template":"","meta":[],"countries":[4674,4709,4756,4813,4831,4862],"product_brand":[],"product_cat":[9944,9998,13131,9782],"product_tag":[],"class_list":{"0":"post-161153","1":"product","2":"type-product","3":"status-publish","4":"has-post-thumbnail","6":"countries-by","7":"countries-cu","8":"countries-ir","9":"countries-kp","10":"countries-ru","11":"countries-sy","12":"product_cat-sector-agroalimentar","13":"product_cat-alte-industrii","14":"product_cat-refrigerare","15":"product_cat-hidrocarburi-ro-31","16":"pa_packaging-12-l-ro-132","17":"pa_packaging-container-930-l-ro-76","18":"pa_packaging-fut-112-l-ro-350","20":"first","21":"instock","22":"shipping-taxable","23":"purchasable","24":"product-type-variable"},"_links":{"self":[{"href":"https:\/\/climalife.com\/ro\/wp-json\/wp\/v2\/product\/161153","targetHints":{"allow":["GET"]}}],"collection":[{"href":"https:\/\/climalife.com\/ro\/wp-json\/wp\/v2\/product"}],"about":[{"href":"https:\/\/climalife.com\/ro\/wp-json\/wp\/v2\/types\/product"}],"replies":[{"embeddable":true,"href":"https:\/\/climalife.com\/ro\/wp-json\/wp\/v2\/comments?post=161153"}],"wp:featuredmedia":[{"embeddable":true,"href":"https:\/\/climalife.com\/ro\/wp-json\/wp\/v2\/media\/131886"}],"wp:attachment":[{"href":"https:\/\/climalife.com\/ro\/wp-json\/wp\/v2\/media?parent=161153"}],"wp:term":[{"taxonomy":"countries","embeddable":true,"href":"https:\/\/climalife.com\/ro\/wp-json\/wp\/v2\/countries?post=161153"},{"taxonomy":"product_brand","embeddable":true,"href":"https:\/\/climalife.com\/ro\/wp-json\/wp\/v2\/product_brand?post=161153"},{"taxonomy":"product_cat","embeddable":true,"href":"https:\/\/climalife.com\/ro\/wp-json\/wp\/v2\/product_cat?post=161153"},{"taxonomy":"product_tag","embeddable":true,"href":"https:\/\/climalife.com\/ro\/wp-json\/wp\/v2\/product_tag?post=161153"}],"curies":[{"name":"wp","href":"https:\/\/api.w.org\/{rel}","templated":true}]}}