{"id":161181,"date":"2022-09-28T17:47:46","date_gmt":"2022-09-28T17:47:46","guid":{"rendered":"http:\/\/climalife.com\/product\/greenway-neo-heat-pump-n-gata-de-utilizare\/"},"modified":"2025-08-19T16:56:06","modified_gmt":"2025-08-19T16:56:06","slug":"greenway-neo-heat-pump-n-gata-de-utilizare","status":"publish","type":"product","link":"https:\/\/climalife.com\/ro\/product\/greenway-neo-heat-pump-n-gata-de-utilizare\/","title":{"rendered":"Greenway\u00ae Neo Heat Pump N gata de utilizare"},"content":{"rendered":"<div class=\"mce-content-body\"><span lang=\"ro\">Materia prim\u0103 de<\/span><span lang=\"ro\"> origin<\/span><span lang=\"ro\">e<\/span><span lang=\"ro\"> vegetal\u0103 1,3-propandiol utilizat\u0103 reduce foarte mult riscul de poluare a solului \u0219i a atmosferei \u00een cazul unei scurgeri.<\/span><\/div>\n<div class=\"textarea mce-content-body\"><span class=\"VIiyi\" lang=\"ro\"><span class=\"VIiyi\" lang=\"ro\"><span class=\"JLqJ4b ChMk0b\" data-language-for-alternatives=\"ro\" data-language-to-translate-into=\"fr\" data-phrase-index=\"0\">\u00a0<\/span><\/span><\/span><\/div>\n<div class=\"textarea mce-content-body\">Lichidul de transfer termic (antigel) este:<\/div>\n<div class=\"textarea mce-content-body\">\u00a0 <span class=\"wdg-select-all-ok\">\u2022<\/span><span class=\"wdg-select-all-ok\"> \u00a0 <\/span>Biodegradabil<\/div>\n<div class=\"textarea mce-content-body\">\u00a0 <span class=\"wdg-select-all-ok\">\u2022<\/span><span class=\"wdg-select-all-ok\"> \u00a0 <\/span>Bacteriostatic<\/div>\n<div class=\"textarea mce-content-body\">\u00a0 <span class=\"wdg-select-all-ok\">\u2022<\/span><span class=\"wdg-select-all-ok\"> \u00a0 <\/span>C<span lang=\"ro\">on\u021bine<\/span> inhibitori hibrides performan<span lang=\"ro\">\u021bi<\/span><\/div>\n<div class=\"textarea mce-content-body\"><\/div>\n<div class=\"mce-content-body\">\n<p><span lang=\"ro\">Formula con\u021bine<\/span> <span lang=\"ro\">un<\/span><span lang=\"ro\"> ingredient amar, conform Decretului francez din 14 ianuarie 2019 referitor la condi\u021biile de introducere pe pia\u021b\u0103 a produselor \u00een instala\u021bii utilizate pentru tratarea termic\u0103 a apei destinate consumului uman (EDCH).<\/span><\/p>\n<\/div>\n","protected":false},"excerpt":{"rendered":"<p>Greenway\u00ae Neo Heat Pump N este un lichid de transfer termic gata de utilizare bazat pe 1,3 propandiol din surse vegetale \u0219i inhibitori de coroziune, special conceput pentru surse geotermale la sol \u0219i pentru sistemele de pompe de c\u0103ldur\u0103 aerotermale aer \/ ap\u0103.<\/p>\n<p>Greenway\u00ae Neo Heat Pump N protejeaz\u0103 \u00eempotriva \u00eenghe\u021bului \u0219i \u00eempotriva form\u0103rii de n\u0103mol \u00een circuite.<\/p>\n","protected":false},"featured_media":129330,"comment_status":"open","ping_status":"closed","template":"","meta":[],"countries":[4674,4709,4756,4813,4831,4862],"product_brand":[],"product_cat":[13062,9998,9953,9962,13140,13097,13521],"product_tag":[],"class_list":{"0":"post-161181","1":"product","2":"type-product","3":"status-publish","4":"has-post-thumbnail","6":"countries-by","7":"countries-cu","8":"countries-ir","9":"countries-kp","10":"countries-ru","11":"countries-sy","12":"product_cat-aer-conditionat","13":"product_cat-alte-industrii","14":"product_cat-cladiri","15":"product_cat-energie","16":"product_cat-energie-regenerabila","17":"product_cat-incalzire","18":"product_cat-surse-bio","19":"pa_packaging-butoi-210-l-ro-28","20":"pa_packaging-canistra-de-20-l-ro-36","21":"pa_protection-18c-ro-145","22":"pa_protection-20c-ro-146","23":"pa_protection-25c-ro-233","25":"first","26":"instock","27":"shipping-taxable","28":"purchasable","29":"product-type-variable"},"_links":{"self":[{"href":"https:\/\/climalife.com\/ro\/wp-json\/wp\/v2\/product\/161181","targetHints":{"allow":["GET"]}}],"collection":[{"href":"https:\/\/climalife.com\/ro\/wp-json\/wp\/v2\/product"}],"about":[{"href":"https:\/\/climalife.com\/ro\/wp-json\/wp\/v2\/types\/product"}],"replies":[{"embeddable":true,"href":"https:\/\/climalife.com\/ro\/wp-json\/wp\/v2\/comments?post=161181"}],"wp:featuredmedia":[{"embeddable":true,"href":"https:\/\/climalife.com\/ro\/wp-json\/wp\/v2\/media\/129330"}],"wp:attachment":[{"href":"https:\/\/climalife.com\/ro\/wp-json\/wp\/v2\/media?parent=161181"}],"wp:term":[{"taxonomy":"countries","embeddable":true,"href":"https:\/\/climalife.com\/ro\/wp-json\/wp\/v2\/countries?post=161181"},{"taxonomy":"product_brand","embeddable":true,"href":"https:\/\/climalife.com\/ro\/wp-json\/wp\/v2\/product_brand?post=161181"},{"taxonomy":"product_cat","embeddable":true,"href":"https:\/\/climalife.com\/ro\/wp-json\/wp\/v2\/product_cat?post=161181"},{"taxonomy":"product_tag","embeddable":true,"href":"https:\/\/climalife.com\/ro\/wp-json\/wp\/v2\/product_tag?post=161181"}],"curies":[{"name":"wp","href":"https:\/\/api.w.org\/{rel}","templated":true}]}}