{"id":161192,"date":"2022-09-28T17:47:55","date_gmt":"2022-09-28T17:47:55","guid":{"rendered":"http:\/\/climalife.com\/product\/greenway-neo-solar-n-gata-de-utilizare\/"},"modified":"2025-08-19T16:53:08","modified_gmt":"2025-08-19T16:53:08","slug":"greenway-neo-solar-n-gata-de-utilizare","status":"publish","type":"product","link":"https:\/\/climalife.com\/ro\/product\/greenway-neo-solar-n-gata-de-utilizare\/","title":{"rendered":"Greenway\u00ae Neo Solar N gata de utilizare"},"content":{"rendered":"<div class=\"textarea mce-content-body\"><span class=\"VIiyi\" lang=\"ro\"><span class=\"JLqJ4b ChMk0b\" data-language-for-alternatives=\"ro\" data-language-to-translate-into=\"fr\" data-phrase-index=\"0\">Formularea sa \u00eencetine\u0219te degradarea \u0219i reduce fenomenul de\u00a0&#8220;gudronare&#8221; a colectoarelor \u0219i a sistemelor \u00een perioadele de stagnare.<\/span><\/span><\/div>\n<div class=\"mce-content-body\"><\/div>\n<div class=\"textarea mce-content-body\">Lichidul de transfer termic (antigel) este:<\/div>\n<div class=\"textarea mce-content-body\">\u00a0 \u00a0 <span class=\"wdg-select-all-ok\">\u2022<\/span><span class=\"wdg-select-all-ok\"> \u00a0 <\/span>Biodegradabil<\/div>\n<div class=\"textarea mce-content-body\">\u00a0 \u00a0 <span class=\"wdg-select-all-ok\">\u2022<\/span><span class=\"wdg-select-all-ok\"> \u00a0 <\/span>Bacteriostatic<\/div>\n<div class=\"textarea mce-content-body\">\u00a0 \u00a0 <span class=\"wdg-select-all-ok\">\u2022<\/span><span class=\"wdg-select-all-ok\"> \u00a0\u00a0<\/span>C<span class=\"VIiyi\" lang=\"ro\"><span class=\"JLqJ4b ChMk0b\" data-language-for-alternatives=\"ro\" data-language-to-translate-into=\"fr\" data-phrase-index=\"0\">on\u021bine<\/span><\/span> inhibitori hibrides performan<span class=\"VIiyi\" lang=\"ro\"><span class=\"JLqJ4b ChMk0b\" data-language-for-alternatives=\"ro\" data-language-to-translate-into=\"fr\" data-phrase-index=\"0\">\u021bi<\/span><\/span><\/div>\n<div class=\"textarea mce-content-body\">\n<p><span class=\"VIiyi\" lang=\"ro\"><span class=\"JLqJ4b ChMk0b\" data-language-for-alternatives=\"ro\" data-language-to-translate-into=\"fr\" data-phrase-index=\"3\">Formula con\u021bine un ingredient amar, conform Decretului francez din 14 ianuarie 2019 referitor la condi\u021biile de introducere pe pia\u021b\u0103 a produselor \u00een instala\u021bii utilizate pentru tratarea termic\u0103 a apei destinate consumului uman<\/span><\/span><span lang=\"ro\"> (EDCH).<\/span><\/p>\n<\/div>\n","protected":false},"excerpt":{"rendered":"<p>Greenway\u00ae Neo Solar N\u00a0este un lichid de transfer termic gata de utilizare, pe baz\u0103 de 1,3 propandiol din surse vegetale \u0219i inhibitori de coroziune. Este deosebit de potrivit pentru producerea apei calde menajere \u00een sisteme solare termale pentru panouri de temperatur\u0103 medie \u0219i tuburi vidate de temperaturi ridicate.<br \/>\nGreenway\u00ae Neo Solar N ofer\u0103 o protec\u021bie eficient\u0103 \u00eempotriva \u00eenghe\u021bului \u0219i previne formarea de n\u0103mol \u00een circuit.<\/p>\n","protected":false},"featured_media":129285,"comment_status":"open","ping_status":"closed","template":"","meta":[],"countries":[4674,4709,4756,4813,4831,4862],"product_brand":[],"product_cat":[9953,9962,9998,13097,13140,13521],"product_tag":[],"class_list":{"0":"post-161192","1":"product","2":"type-product","3":"status-publish","4":"has-post-thumbnail","6":"countries-by","7":"countries-cu","8":"countries-ir","9":"countries-kp","10":"countries-ru","11":"countries-sy","12":"product_cat-cladiri","13":"product_cat-energie","14":"product_cat-alte-industrii","15":"product_cat-incalzire","16":"product_cat-energie-regenerabila","17":"product_cat-surse-bio","18":"pa_packaging-butoi-210-l-ro-28","19":"pa_packaging-canistra-de-20-l-ro-36","20":"pa_protection-20c-ro-146","21":"pa_protection-25c-ro-233","22":"pa_protection-30c-ro-159","24":"first","25":"instock","26":"shipping-taxable","27":"purchasable","28":"product-type-variable"},"_links":{"self":[{"href":"https:\/\/climalife.com\/ro\/wp-json\/wp\/v2\/product\/161192","targetHints":{"allow":["GET"]}}],"collection":[{"href":"https:\/\/climalife.com\/ro\/wp-json\/wp\/v2\/product"}],"about":[{"href":"https:\/\/climalife.com\/ro\/wp-json\/wp\/v2\/types\/product"}],"replies":[{"embeddable":true,"href":"https:\/\/climalife.com\/ro\/wp-json\/wp\/v2\/comments?post=161192"}],"wp:featuredmedia":[{"embeddable":true,"href":"https:\/\/climalife.com\/ro\/wp-json\/wp\/v2\/media\/129285"}],"wp:attachment":[{"href":"https:\/\/climalife.com\/ro\/wp-json\/wp\/v2\/media?parent=161192"}],"wp:term":[{"taxonomy":"countries","embeddable":true,"href":"https:\/\/climalife.com\/ro\/wp-json\/wp\/v2\/countries?post=161192"},{"taxonomy":"product_brand","embeddable":true,"href":"https:\/\/climalife.com\/ro\/wp-json\/wp\/v2\/product_brand?post=161192"},{"taxonomy":"product_cat","embeddable":true,"href":"https:\/\/climalife.com\/ro\/wp-json\/wp\/v2\/product_cat?post=161192"},{"taxonomy":"product_tag","embeddable":true,"href":"https:\/\/climalife.com\/ro\/wp-json\/wp\/v2\/product_tag?post=161192"}],"curies":[{"name":"wp","href":"https:\/\/api.w.org\/{rel}","templated":true}]}}