{"id":161204,"date":"2022-09-28T17:48:04","date_gmt":"2022-09-28T17:48:04","guid":{"rendered":"http:\/\/climalife.com\/product\/greenway-neo-n-gata-de-utilizare\/"},"modified":"2026-02-06T08:15:10","modified_gmt":"2026-02-06T08:15:10","slug":"greenway-neo-n-gata-de-utilizare","status":"publish","type":"product","link":"https:\/\/climalife.com\/ro\/product\/greenway-neo-n-gata-de-utilizare\/","title":{"rendered":"Greenway\u00ae Neo N gata de utilizare"},"content":{"rendered":"<div class=\"textarea mce-content-body\">\n<p>Greenway<sup>\u00ae<\/sup> Neo N, <span class=\"VIiyi\" lang=\"ro\"><span class=\"JLqJ4b ChMk0b\" data-language-for-alternatives=\"ro\" data-language-to-translate-into=\"en\" data-phrase-index=\"0\">\u00eenregistrat \u00een categoria HT1 pe lista oficial\u0103 NSF, poate fi utilizat ca lichid de transfer termic \u00een circuitele care prezint\u0103 un risc de contact accidental cu alimentele.<\/span><\/span><\/p>\n<\/div>\n<p>Lichidul de transfer termic (antigel) este:<\/p>\n<p>&#8211; Biodegradabil<br \/>\n&#8211; Bacteriostatic<br \/>\n&#8211; C<span lang=\"ro\">on\u021bine<\/span> inhibitori hibrides performan<span lang=\"ro\">\u021bi<\/span><\/p>\n<p><span class=\"VIiyi\" lang=\"ro\"><span class=\"JLqJ4b ChMk0b\" data-language-for-alternatives=\"ro\" data-language-to-translate-into=\"en\" data-phrase-index=\"6\">Materia prim\u0103 de origine vegetal\u0103 regenerabil\u0103, 1,3-propandiol, are o v\u00e2scozitate mai mic\u0103 dec\u00e2t MPG (monopropilenglicol).<\/span><\/span><\/p>\n<div class=\"textarea mce-content-body\">\n<p>&nbsp;<\/p>\n<\/div>\n","protected":false},"excerpt":{"rendered":"<p>&nbsp;<\/p>\n<p>Greenway\u00ae Neo N este un lichid de transfer termic gata de utilizare pe baz\u0103 de 1,3 propandiol din surse vegetale \u0219i inhibitori de coroziune pentru refrigerare, sisteme de aer condi\u0163ionat, circuite de sistem pentru stingerea incendiilor, precum \u0219i circuite de \u00eenc\u0103lzire \/ r\u0103cire prin pardoseal\u0103. Greenway\u00ae Neo N ofer\u0103 protec\u021bie excelent\u0103 \u00eempotriva \u00eenghe\u021bului\u00a0 previne formarea de n\u0103mol \u00een interiorul circuitelor.<\/p>\n","protected":false},"featured_media":129267,"comment_status":"open","ping_status":"closed","template":"","meta":[],"countries":[4674,4709,4756,4813,4831,4862],"product_brand":[],"product_cat":[9989,9953,9962,9944,9971,9998,13062,13088,13131,13521],"product_tag":[],"class_list":{"0":"post-161204","1":"product","2":"type-product","3":"status-publish","4":"has-post-thumbnail","6":"countries-by","7":"countries-cu","8":"countries-ir","9":"countries-kp","10":"countries-ru","11":"countries-sy","12":"product_cat-aeronautica-aerospatiala-aparare","13":"product_cat-cladiri","14":"product_cat-energie","15":"product_cat-sector-agroalimentar","16":"product_cat-sanatate-bunastare","17":"product_cat-alte-industrii","18":"product_cat-aer-conditionat","19":"product_cat-protectia-impotriva-incendiilor","20":"product_cat-refrigerare","21":"product_cat-surse-bio","22":"pa_packaging-10-tone-vrac-ro-140","23":"pa_packaging-20-tone-vrac-ro-141","24":"pa_packaging-butoi-210-l-ro-28","25":"pa_packaging-canistra-de-20-l-ro-36","26":"pa_packaging-container-1000-kg-ro-139","27":"pa_protection-13-c-ro-151","28":"pa_protection-18c-ro-145","29":"pa_protection-25c-ro-233","30":"pa_protection-30c-ro-159","31":"pa_protection-35c-ro-163","32":"pa_protection-39c-ro-155","34":"first","35":"instock","36":"shipping-taxable","37":"purchasable","38":"product-type-variable"},"_links":{"self":[{"href":"https:\/\/climalife.com\/ro\/wp-json\/wp\/v2\/product\/161204","targetHints":{"allow":["GET"]}}],"collection":[{"href":"https:\/\/climalife.com\/ro\/wp-json\/wp\/v2\/product"}],"about":[{"href":"https:\/\/climalife.com\/ro\/wp-json\/wp\/v2\/types\/product"}],"replies":[{"embeddable":true,"href":"https:\/\/climalife.com\/ro\/wp-json\/wp\/v2\/comments?post=161204"}],"wp:featuredmedia":[{"embeddable":true,"href":"https:\/\/climalife.com\/ro\/wp-json\/wp\/v2\/media\/129267"}],"wp:attachment":[{"href":"https:\/\/climalife.com\/ro\/wp-json\/wp\/v2\/media?parent=161204"}],"wp:term":[{"taxonomy":"countries","embeddable":true,"href":"https:\/\/climalife.com\/ro\/wp-json\/wp\/v2\/countries?post=161204"},{"taxonomy":"product_brand","embeddable":true,"href":"https:\/\/climalife.com\/ro\/wp-json\/wp\/v2\/product_brand?post=161204"},{"taxonomy":"product_cat","embeddable":true,"href":"https:\/\/climalife.com\/ro\/wp-json\/wp\/v2\/product_cat?post=161204"},{"taxonomy":"product_tag","embeddable":true,"href":"https:\/\/climalife.com\/ro\/wp-json\/wp\/v2\/product_tag?post=161204"}],"curies":[{"name":"wp","href":"https:\/\/api.w.org\/{rel}","templated":true}]}}