{"id":161216,"date":"2022-09-28T17:48:14","date_gmt":"2022-09-28T17:48:14","guid":{"rendered":"http:\/\/climalife.com\/product\/greenway-neo-n-necesita-diluare\/"},"modified":"2025-08-19T16:47:18","modified_gmt":"2025-08-19T16:47:18","slug":"greenway-neo-n-necesita-diluare","status":"publish","type":"product","link":"https:\/\/climalife.com\/ro\/product\/greenway-neo-n-necesita-diluare\/","title":{"rendered":"Greenway\u00ae Neo N &#8211; necesit\u0103 diluare"},"content":{"rendered":"<div id=\"reference-content\" class=\"textarea mce-content-body\">Greenway<sup>\u00ae<\/sup> Neo N, <span class=\"VIiyi\" lang=\"ro\"><span class=\"JLqJ4b ChMk0b\" data-language-for-alternatives=\"ro\" data-language-to-translate-into=\"en\" data-phrase-index=\"0\">\u00eenregistrat \u00een categoria HT1 pe lista oficial\u0103 NSF, poate fi utilizat ca lichid de transfer termic \u00een circuitele care prezint\u0103 un risc de contact accidental cu alimentele.<br \/>\n<\/span><\/span><\/div>\n<div class=\"textarea mce-content-body\"><\/div>\n<div class=\"textarea mce-content-body\">Lichidul de transfer termic este:<\/div>\n<div class=\"textarea mce-content-body\">\u00a0 \u00a0 <span class=\"wdg-select-all-ok\">\u2022<\/span><span class=\"wdg-select-all-ok\"> \u00a0 <\/span>Biodegradabil<\/div>\n<div class=\"textarea mce-content-body\">\u00a0 \u00a0 <span class=\"wdg-select-all-ok\">\u2022<\/span><span class=\"wdg-select-all-ok\"> \u00a0 <\/span>Bacteriostatic<\/div>\n<div class=\"textarea mce-content-body\">\u00a0 \u00a0 <span class=\"wdg-select-all-ok\">\u2022<\/span><span class=\"wdg-select-all-ok\"> \u00a0\u00a0<\/span>C<span class=\"VIiyi\" lang=\"ro\"><span class=\"JLqJ4b ChMk0b\" data-language-for-alternatives=\"ro\" data-language-to-translate-into=\"fr\" data-phrase-index=\"0\">on\u021bine<\/span><\/span> inhibitori hibrizi performan<span class=\"VIiyi\" lang=\"ro\"><span class=\"JLqJ4b ChMk0b\" data-language-for-alternatives=\"ro\" data-language-to-translate-into=\"fr\" data-phrase-index=\"0\">\u021bi<\/span><\/span><\/div>\n<div class=\"textarea mce-content-body\"><\/div>\n<div class=\"textarea mce-content-body\"><span class=\"VIiyi\" lang=\"ro\"><span class=\"JLqJ4b ChMk0b\" data-language-for-alternatives=\"ro\" data-language-to-translate-into=\"en\" data-phrase-index=\"6\">Materia prim\u0103 de origine vegetal\u0103 regenerabil\u0103, 1,3-propandiol, are o v\u00e2scozitate mai mic\u0103 dec\u00e2t MPG (monopropilenglicol).<\/span><\/span><\/div>\n<p>.<\/p>\n","protected":false},"excerpt":{"rendered":"<p>Greenway\u00ae Neo N este un lichid de transfer termic pe baz\u0103 de 1,3 propandiol din surse vegetale\u00a0\u0219i inhibitori de coroziune ce necesit\u0103 diluare pentru utilizarea la: refrigerare, climatizare, protec\u021bie \u00eempotriva incendiilor, \u00eenc\u0103lzire \u00een pardoseal\u0103 \u0219i r\u0103cire.<br \/>\nGreenway\u00ae Neo N ofer\u0103 protec\u021bie excelent\u0103 \u00eempotriva \u00eenghe\u021bului\u00a0 previne formarea de n\u0103mol. \u00een interiorul circuitelor.<\/p>\n","protected":false},"featured_media":129240,"comment_status":"open","ping_status":"closed","template":"","meta":[],"countries":[4674,4709,4756,4813,4831,4862],"product_brand":[],"product_cat":[9989,9953,9962,9944,9971,9998,13062,13088,13131,13521],"product_tag":[],"class_list":{"0":"post-161216","1":"product","2":"type-product","3":"status-publish","4":"has-post-thumbnail","6":"countries-by","7":"countries-cu","8":"countries-ir","9":"countries-kp","10":"countries-ru","11":"countries-sy","12":"product_cat-aeronautica-aerospatiala-aparare","13":"product_cat-cladiri","14":"product_cat-energie","15":"product_cat-sector-agroalimentar","16":"product_cat-sanatate-bunastare","17":"product_cat-alte-industrii","18":"product_cat-aer-conditionat","19":"product_cat-protectia-impotriva-incendiilor","20":"product_cat-refrigerare","21":"product_cat-surse-bio","22":"pa_packaging-10-tone-vrac-ro-140","23":"pa_packaging-20-tone-vrac-ro-141","24":"pa_packaging-5-tone-vrac-ro-144","25":"pa_packaging-butoi-210-l-ro-28","26":"pa_packaging-canistra-de-20-l-ro-36","27":"pa_packaging-container-1000-kg-ro-139","29":"first","30":"instock","31":"shipping-taxable","32":"purchasable","33":"product-type-variable"},"_links":{"self":[{"href":"https:\/\/climalife.com\/ro\/wp-json\/wp\/v2\/product\/161216","targetHints":{"allow":["GET"]}}],"collection":[{"href":"https:\/\/climalife.com\/ro\/wp-json\/wp\/v2\/product"}],"about":[{"href":"https:\/\/climalife.com\/ro\/wp-json\/wp\/v2\/types\/product"}],"replies":[{"embeddable":true,"href":"https:\/\/climalife.com\/ro\/wp-json\/wp\/v2\/comments?post=161216"}],"wp:featuredmedia":[{"embeddable":true,"href":"https:\/\/climalife.com\/ro\/wp-json\/wp\/v2\/media\/129240"}],"wp:attachment":[{"href":"https:\/\/climalife.com\/ro\/wp-json\/wp\/v2\/media?parent=161216"}],"wp:term":[{"taxonomy":"countries","embeddable":true,"href":"https:\/\/climalife.com\/ro\/wp-json\/wp\/v2\/countries?post=161216"},{"taxonomy":"product_brand","embeddable":true,"href":"https:\/\/climalife.com\/ro\/wp-json\/wp\/v2\/product_brand?post=161216"},{"taxonomy":"product_cat","embeddable":true,"href":"https:\/\/climalife.com\/ro\/wp-json\/wp\/v2\/product_cat?post=161216"},{"taxonomy":"product_tag","embeddable":true,"href":"https:\/\/climalife.com\/ro\/wp-json\/wp\/v2\/product_tag?post=161216"}],"curies":[{"name":"wp","href":"https:\/\/api.w.org\/{rel}","templated":true}]}}