{"id":161245,"date":"2022-09-28T17:48:34","date_gmt":"2022-09-28T17:48:34","guid":{"rendered":"http:\/\/climalife.com\/product\/novaspray-dme\/"},"modified":"2025-08-19T16:40:19","modified_gmt":"2025-08-19T16:40:19","slug":"novaspray-dme","status":"publish","type":"product","link":"https:\/\/climalife.com\/ro\/product\/novaspray-dme\/","title":{"rendered":"NovaSpray\u2122 DME"},"content":{"rendered":"<p><span class=\"VIiyi\" lang=\"ro\"><span class=\"JLqJ4b ChMk0b\" data-language-for-alternatives=\"ro\" data-language-to-translate-into=\"fr\" data-phrase-index=\"0\">Puterea excelent\u0103 ca\u00a0\u0219i solvent, miscibilitatea total\u0103 cu alcoolii, solven\u021bii obi\u0219nui\u021bi \u0219i al\u021bi agen\u021bi de propulsie (HFC \u0219i hidrocarburi), precum \u0219i solubilitatea bun\u0103 \u00een ap\u0103 \u00eei ofer\u0103 posibilit\u0103\u021bi largi de utilizare \u00een formul\u0103rile de aerosoli (lacuri de p\u0103r, deodoran\u021bi,<\/span> vopsele<span class=\"JLqJ4b ChMk0b\" data-language-for-alternatives=\"ro\" data-language-to-translate-into=\"fr\" data-phrase-index=\"1\"> &#8230;).<\/span> <span class=\"JLqJ4b ChMk0b\" data-language-for-alternatives=\"ro\" data-language-to-translate-into=\"fr\" data-phrase-index=\"3\">Datorit\u0103 miscibilit\u0103\u021bii sale foarte bune cu ap<span class=\"JLqJ4b ChMk0b\" data-language-for-alternatives=\"ro\" data-language-to-translate-into=\"fr\" data-phrase-index=\"0\">\u0103<\/span>, face posibil\u0103 ob\u021binerea unor formul\u0103ri u<span class=\"JLqJ4b ChMk0b\" data-language-for-alternatives=\"ro\" data-language-to-translate-into=\"fr\" data-phrase-index=\"0\">\u0219<\/span>or inflamabile (sau chiar neinflamabile) cu niveluri reduse de compu\u0219i organici volatili.<\/span> <span class=\"JLqJ4b ChMk0b\" data-language-for-alternatives=\"ro\" data-language-to-translate-into=\"fr\" data-phrase-index=\"4\">Nu are niciun efect asupra stratului de ozon \u0219i are un impact neglijabil asupra efectului de ser\u0103.<\/span><\/span><\/p>\n","protected":false},"excerpt":{"rendered":"<p>NovaSpray \u2122 DME este un dimetil eter de calitate aerosol. Este, de asemenea, cunoscut sub numele de eter metilic sau oxid de metil. De calitate constant\u0103, \u00eendepline\u0219te toate cerin\u021bele pentru un propulsor.<\/p>\n","protected":false},"featured_media":126369,"comment_status":"open","ping_status":"closed","template":"","meta":[],"countries":[4674,4709,4756,4813,4831,4862],"product_brand":[],"product_cat":[9953,9971,9998,13122,9282],"product_tag":[],"class_list":{"0":"post-161245","1":"product","2":"type-product","3":"status-publish","4":"has-post-thumbnail","6":"countries-by","7":"countries-cu","8":"countries-ir","9":"countries-kp","10":"countries-ru","11":"countries-sy","12":"product_cat-cladiri","13":"product_cat-sanatate-bunastare","14":"product_cat-alte-industrii","15":"product_cat-propulsoare","16":"product_cat-dme-propulsori-de-aerosoli","17":"pa_packaging-cilindru-26-l-ro-32","18":"pa_packaging-cilindru-88-l-ro-122","19":"pa_packaging-container-930-l-ro-76","20":"pa_packaging-vrac-ro-168","22":"first","23":"instock","24":"shipping-taxable","25":"purchasable","26":"product-type-variable"},"_links":{"self":[{"href":"https:\/\/climalife.com\/ro\/wp-json\/wp\/v2\/product\/161245","targetHints":{"allow":["GET"]}}],"collection":[{"href":"https:\/\/climalife.com\/ro\/wp-json\/wp\/v2\/product"}],"about":[{"href":"https:\/\/climalife.com\/ro\/wp-json\/wp\/v2\/types\/product"}],"replies":[{"embeddable":true,"href":"https:\/\/climalife.com\/ro\/wp-json\/wp\/v2\/comments?post=161245"}],"wp:featuredmedia":[{"embeddable":true,"href":"https:\/\/climalife.com\/ro\/wp-json\/wp\/v2\/media\/126369"}],"wp:attachment":[{"href":"https:\/\/climalife.com\/ro\/wp-json\/wp\/v2\/media?parent=161245"}],"wp:term":[{"taxonomy":"countries","embeddable":true,"href":"https:\/\/climalife.com\/ro\/wp-json\/wp\/v2\/countries?post=161245"},{"taxonomy":"product_brand","embeddable":true,"href":"https:\/\/climalife.com\/ro\/wp-json\/wp\/v2\/product_brand?post=161245"},{"taxonomy":"product_cat","embeddable":true,"href":"https:\/\/climalife.com\/ro\/wp-json\/wp\/v2\/product_cat?post=161245"},{"taxonomy":"product_tag","embeddable":true,"href":"https:\/\/climalife.com\/ro\/wp-json\/wp\/v2\/product_tag?post=161245"}],"curies":[{"name":"wp","href":"https:\/\/api.w.org\/{rel}","templated":true}]}}