{"id":161254,"date":"2022-09-28T17:48:40","date_gmt":"2022-09-28T17:48:40","guid":{"rendered":"http:\/\/climalife.com\/product\/novexpans-hfc-365mfc-hfc-227ea-87-13\/"},"modified":"2025-08-19T16:39:18","modified_gmt":"2025-08-19T16:39:18","slug":"novexpans-hfc-365mfc-hfc-227ea-87-13","status":"publish","type":"product","link":"https:\/\/climalife.com\/ro\/product\/novexpans-hfc-365mfc-hfc-227ea-87-13\/","title":{"rendered":"NOVEXPANS\u2122 HFC 365mfc\/HFC 227ea (87\/13)"},"content":{"rendered":"<p><span class=\"tlid-translation translation\" lang=\"hu\"><span class=\"tlid-translation translation\" lang=\"ro\"><span title=\"\">Spumele ob\u021binute cu NOVEXPANS<sup>\u2122<\/sup>\u00a0HFC 365mfc \/ HFC 227ea (87\/13) prezint\u0103 rezisten\u021b\u0103 bun\u0103 la compresiune, conductivitate termic\u0103 sc\u0103zut\u0103 \u0219i structur\u0103 fin\u0103 a celulei.<\/span><br \/>\n<span class=\"\" title=\"\">Utilizarea sa din cilindrii sau containere asigur\u0103 stabilitatea concentra\u021biei amestecului.<\/span><br \/>\n<span class=\"\" title=\"\">Concentra\u021bia sa ridicat\u0103 de HFC 227ea \u00eembun\u0103t\u0103\u021be\u0219te siguran\u021ba \u00een utilizare \u0219i este neinflamabil.<\/span><\/span><br \/>\n<\/span><\/p>\n","protected":false},"excerpt":{"rendered":"<p>NOVEXPANS\u2122 HFC 365mfc \/ HFC 227ea (87\/13) este un amestec de HFC 365mfc \u0219i HFC 227ea cu specifica\u021bii garantate, utilizat ca agent de expansiune a spumelor poliuretanice.<\/p>\n","protected":false},"featured_media":203681,"comment_status":"open","ping_status":"closed","template":"","meta":[],"countries":[4652,4657,4660,4668,4674,4675,4681,4683,4688,4708,4709,4710,4711,4713,4722,4651,4725,4727,4728,4729,4730,4731,4732,4736,4739,4740,4752,4753,4756,4758,4760,9125,4770,4775,4776,4777,4779,4785,4794,4796,4804,4813,4815,4826,4827,4893,4831,4839,4843,4847,4848,4854,4858,4860,4861,4862,4873,4880,4886],"product_brand":[],"product_cat":[9980,9953,9944,9998,13106,9588],"product_tag":[],"class_list":{"0":"post-161254","1":"product","2":"type-product","3":"status-publish","4":"has-post-thumbnail","6":"countries-al","7":"countries-ad","8":"countries-aq","9":"countries-at","10":"countries-by","11":"countries-be","12":"countries-ba","13":"countries-bv","14":"countries-bg","15":"countries-hr","16":"countries-cu","17":"countries-cy","18":"countries-cz","19":"countries-dk","20":"countries-ee","21":"countries-europe","22":"countries-fo","23":"countries-fi","24":"countries-fr","25":"countries-fr-gf-gp-mq-yt-re","26":"countries-gn","27":"countries-pf","28":"countries-tf","29":"countries-de","30":"countries-gr","31":"countries-gl","32":"countries-hu","33":"countries-is","34":"countries-ir","35":"countries-ie","36":"countries-it","37":"countries-xk","38":"countries-lv","39":"countries-li","40":"countries-lt","41":"countries-lu","42":"countries-mk","43":"countries-mt","44":"countries-mc","45":"countries-me","46":"countries-nl","47":"countries-kp","48":"countries-no","49":"countries-pl","50":"countries-pt","51":"countries-ro","52":"countries-ru","53":"countries-sm","54":"countries-rs","55":"countries-sk","56":"countries-si","57":"countries-es","58":"countries-sj","59":"countries-se","60":"countries-ch","61":"countries-sy","62":"countries-tr","63":"countries-gb","64":"countries-va","65":"product_cat-industria-auto-transport","66":"product_cat-cladiri","67":"product_cat-sector-agroalimentar","68":"product_cat-alte-industrii","69":"product_cat-izolatie","70":"product_cat-amestecuri-hfc","71":"pa_packaging-20-tone-vrac-ro-141","72":"pa_packaging-butoi-217-l-ro-30","73":"pa_packaging-cilindru-26-l-ro-32","74":"pa_packaging-cilindru-88-l-ro-122","75":"pa_packaging-container-930-l-ro-76","77":"first","78":"instock","79":"shipping-taxable","80":"purchasable","81":"product-type-variable"},"_links":{"self":[{"href":"https:\/\/climalife.com\/ro\/wp-json\/wp\/v2\/product\/161254","targetHints":{"allow":["GET"]}}],"collection":[{"href":"https:\/\/climalife.com\/ro\/wp-json\/wp\/v2\/product"}],"about":[{"href":"https:\/\/climalife.com\/ro\/wp-json\/wp\/v2\/types\/product"}],"replies":[{"embeddable":true,"href":"https:\/\/climalife.com\/ro\/wp-json\/wp\/v2\/comments?post=161254"}],"wp:featuredmedia":[{"embeddable":true,"href":"https:\/\/climalife.com\/ro\/wp-json\/wp\/v2\/media\/203681"}],"wp:attachment":[{"href":"https:\/\/climalife.com\/ro\/wp-json\/wp\/v2\/media?parent=161254"}],"wp:term":[{"taxonomy":"countries","embeddable":true,"href":"https:\/\/climalife.com\/ro\/wp-json\/wp\/v2\/countries?post=161254"},{"taxonomy":"product_brand","embeddable":true,"href":"https:\/\/climalife.com\/ro\/wp-json\/wp\/v2\/product_brand?post=161254"},{"taxonomy":"product_cat","embeddable":true,"href":"https:\/\/climalife.com\/ro\/wp-json\/wp\/v2\/product_cat?post=161254"},{"taxonomy":"product_tag","embeddable":true,"href":"https:\/\/climalife.com\/ro\/wp-json\/wp\/v2\/product_tag?post=161254"}],"curies":[{"name":"wp","href":"https:\/\/api.w.org\/{rel}","templated":true}]}}