{"id":161293,"date":"2022-09-28T17:49:05","date_gmt":"2022-09-28T17:49:05","guid":{"rendered":"http:\/\/climalife.com\/product\/novexpans-hfc-152a\/"},"modified":"2025-06-13T10:54:07","modified_gmt":"2025-06-13T10:54:07","slug":"novexpans-hfc-152a","status":"publish","type":"product","link":"https:\/\/climalife.com\/ro\/product\/novexpans-hfc-152a\/","title":{"rendered":"NOVEXPANS\u2122 HFC 152a"},"content":{"rendered":"<p><span class=\"tlid-translation translation\" lang=\"ro\"><span title=\"\">Valoarea ridicat\u0103 de c\u0103ldur\u0103 de evaporare scade timpul de r\u0103cire a reac\u021biei.<\/span><br \/>\n<span class=\"\" title=\"\">Nu are niciun efect asupra stratului de ozon \u0219i are un impact foarte mic asupra efectului de ser\u0103.<\/span><\/span><\/p>\n","protected":false},"excerpt":{"rendered":"<p>NOVEXPANS\u2122 HFC 152a este un difluoroetan utilizat la fabricarea spumelor de plastic. Masa sa molar\u0103 redus\u0103 \u00eel face deosebit de economic.<\/p>\n","protected":false},"featured_media":203681,"comment_status":"open","ping_status":"closed","template":"","meta":[],"countries":[4674,4709,4756,4813,4831,4862],"product_brand":[],"product_cat":[9980,9953,9944,9998,13106,9292],"product_tag":[],"class_list":{"0":"post-161293","1":"product","2":"type-product","3":"status-publish","4":"has-post-thumbnail","6":"countries-by","7":"countries-cu","8":"countries-ir","9":"countries-kp","10":"countries-ru","11":"countries-sy","12":"product_cat-industria-auto-transport","13":"product_cat-cladiri","14":"product_cat-sector-agroalimentar","15":"product_cat-alte-industrii","16":"product_cat-izolatie","17":"product_cat-hfc-agenti-de-expansiune","18":"pa_packaging-20-tone-vrac-ro-141","19":"pa_packaging-butoi-217-l-ro-30","20":"pa_packaging-cilindru-26-l-ro-32","21":"pa_packaging-cilindru-88-l-ro-122","22":"pa_packaging-container-930-l-ro-76","24":"first","25":"instock","26":"shipping-taxable","27":"purchasable","28":"product-type-variable"},"_links":{"self":[{"href":"https:\/\/climalife.com\/ro\/wp-json\/wp\/v2\/product\/161293","targetHints":{"allow":["GET"]}}],"collection":[{"href":"https:\/\/climalife.com\/ro\/wp-json\/wp\/v2\/product"}],"about":[{"href":"https:\/\/climalife.com\/ro\/wp-json\/wp\/v2\/types\/product"}],"replies":[{"embeddable":true,"href":"https:\/\/climalife.com\/ro\/wp-json\/wp\/v2\/comments?post=161293"}],"wp:featuredmedia":[{"embeddable":true,"href":"https:\/\/climalife.com\/ro\/wp-json\/wp\/v2\/media\/203681"}],"wp:attachment":[{"href":"https:\/\/climalife.com\/ro\/wp-json\/wp\/v2\/media?parent=161293"}],"wp:term":[{"taxonomy":"countries","embeddable":true,"href":"https:\/\/climalife.com\/ro\/wp-json\/wp\/v2\/countries?post=161293"},{"taxonomy":"product_brand","embeddable":true,"href":"https:\/\/climalife.com\/ro\/wp-json\/wp\/v2\/product_brand?post=161293"},{"taxonomy":"product_cat","embeddable":true,"href":"https:\/\/climalife.com\/ro\/wp-json\/wp\/v2\/product_cat?post=161293"},{"taxonomy":"product_tag","embeddable":true,"href":"https:\/\/climalife.com\/ro\/wp-json\/wp\/v2\/product_tag?post=161293"}],"curies":[{"name":"wp","href":"https:\/\/api.w.org\/{rel}","templated":true}]}}