{"id":161302,"date":"2022-09-28T17:49:12","date_gmt":"2022-09-28T17:49:12","guid":{"rendered":"http:\/\/climalife.com\/product\/novaspray-hfo-1234ze-hfc-134a-90-10\/"},"modified":"2025-08-19T16:33:45","modified_gmt":"2025-08-19T16:33:45","slug":"novaspray-hfo-1234ze-hfc-134a-90-10","status":"publish","type":"product","link":"https:\/\/climalife.com\/ro\/product\/novaspray-hfo-1234ze-hfc-134a-90-10\/","title":{"rendered":"NovaSpray\u2122 HFO 1234ze \/HFC 134a (90\/10)"},"content":{"rendered":"<p><span class=\"tlid-translation translation\" lang=\"ro\"><span class=\"\" title=\"\">Neinflamabil, NovaSpray\u2122 HFO 1234ze \/\u00a0HFC 134a (90\/10) ofer\u0103 multe posibilit\u0103\u021bi de utilizare \u00een formul\u0103ri care necesit\u0103 cerin\u021be de siguran\u021b\u0103 (reglementare, mediu riscant, spa\u021biu \u00eenchis).<\/span> <span title=\"\">Utilizarea acestuia reduce inflamabilitatea multor formul\u0103ri pentru a le face neinflamabile \u00een conformitate cu Directiva 2008\/47 \/ CE.<\/span><br \/>\n<span title=\"\">Implementarea sa nu necesit\u0103 nicio investi\u021bie special\u0103 cum sunt instala\u021biile de siguran\u021b\u0103 ATEX.<\/span><\/span><\/p>\n","protected":false},"excerpt":{"rendered":"<p>NovaSpray\u2122 HFO 1234ze \/ HCFO 1233zd (80\/20) este un amestec special formulat din NovaSpray\u2122 HFO 1234ze \u0219i NovaSpray\u2122\u00a0HFC 134a de grad aerosol. De calitate constant\u0103 \u0219i presiune controlat\u0103, \u00eendepline\u0219te toate cerin\u021bele pentru un agent de propulsie lichefiat.<\/p>\n","protected":false},"featured_media":126369,"comment_status":"open","ping_status":"closed","template":"","meta":[],"countries":[4674,4709,4756,4813,4831,4862],"product_brand":[],"product_cat":[9980,9953,9944,9971,9998,13122,9642],"product_tag":[],"class_list":{"0":"post-161302","1":"product","2":"type-product","3":"status-publish","4":"has-post-thumbnail","6":"countries-by","7":"countries-cu","8":"countries-ir","9":"countries-kp","10":"countries-ru","11":"countries-sy","12":"product_cat-industria-auto-transport","13":"product_cat-cladiri","14":"product_cat-sector-agroalimentar","15":"product_cat-sanatate-bunastare","16":"product_cat-alte-industrii","17":"product_cat-propulsoare","18":"product_cat-amestecuri-hfo","19":"pa_packaging-cilindru-26-l-ro-32","20":"pa_packaging-cilindru-88-l-ro-122","21":"pa_packaging-container-930-l-ro-76","22":"pa_packaging-vrac-ro-168","24":"first","25":"instock","26":"shipping-taxable","27":"purchasable","28":"product-type-variable"},"_links":{"self":[{"href":"https:\/\/climalife.com\/ro\/wp-json\/wp\/v2\/product\/161302","targetHints":{"allow":["GET"]}}],"collection":[{"href":"https:\/\/climalife.com\/ro\/wp-json\/wp\/v2\/product"}],"about":[{"href":"https:\/\/climalife.com\/ro\/wp-json\/wp\/v2\/types\/product"}],"replies":[{"embeddable":true,"href":"https:\/\/climalife.com\/ro\/wp-json\/wp\/v2\/comments?post=161302"}],"wp:featuredmedia":[{"embeddable":true,"href":"https:\/\/climalife.com\/ro\/wp-json\/wp\/v2\/media\/126369"}],"wp:attachment":[{"href":"https:\/\/climalife.com\/ro\/wp-json\/wp\/v2\/media?parent=161302"}],"wp:term":[{"taxonomy":"countries","embeddable":true,"href":"https:\/\/climalife.com\/ro\/wp-json\/wp\/v2\/countries?post=161302"},{"taxonomy":"product_brand","embeddable":true,"href":"https:\/\/climalife.com\/ro\/wp-json\/wp\/v2\/product_brand?post=161302"},{"taxonomy":"product_cat","embeddable":true,"href":"https:\/\/climalife.com\/ro\/wp-json\/wp\/v2\/product_cat?post=161302"},{"taxonomy":"product_tag","embeddable":true,"href":"https:\/\/climalife.com\/ro\/wp-json\/wp\/v2\/product_tag?post=161302"}],"curies":[{"name":"wp","href":"https:\/\/api.w.org\/{rel}","templated":true}]}}