{"id":161323,"date":"2022-09-28T17:49:24","date_gmt":"2022-09-28T17:49:24","guid":{"rendered":"http:\/\/climalife.com\/product\/solstice-propellant-hfo-1234ze\/"},"modified":"2025-08-19T16:30:31","modified_gmt":"2025-08-19T16:30:31","slug":"solstice-propellant-hfo-1234ze","status":"publish","type":"product","link":"https:\/\/climalife.com\/ro\/product\/solstice-propellant-hfo-1234ze\/","title":{"rendered":"HFO 1234ze Solstice\u00ae Propellant"},"content":{"rendered":"<p>Neinflamabil, Solstice<sup>\u00ae<\/sup> Propellant HFO 1234ze ofer\u0103 multe posibilit\u0103\u021bi de utilizare \u00een formul\u0103ri care necesit\u0103 cerin\u021be de siguran\u021b\u0103 (reglementare, mediu riscant, spa\u021biu \u00eenchis).Utilizarea acestuia reduce inflamabilitatea multor formul\u0103ri pentru a le face neinflamabile \u00een conformitate cu Directiva 2008 \/47 \/ CE.<br \/>\nImplementarea sa nu necesit\u0103 nicio investi\u021bie special\u0103 cum sunt instala\u021biile de siguran\u021b\u0103 ATEX.<\/p>\n<p>Solstice<sup>\u00ae<\/sup> Propellant HFO 1234ze este conceput pentru \u00eenlocuirea HFC 134a. Principalul s\u0103u avantaj fa\u021b\u0103 de HFC 134a este beneficiul s\u0103u asupra efectului de ser\u0103.<\/p>\n","protected":false},"excerpt":{"rendered":"<p>Solstice\u00ae Propellant HFO 1234ze este un hidrofluoropropen de calitate constant\u0103 \u0219i \u00eendepline\u0219te toate cerin\u021bele pentru un agent de propulsie lichefiat.<\/p>\n","protected":false},"featured_media":131319,"comment_status":"open","ping_status":"closed","template":"","meta":[],"countries":[4674,4709,4756,4813,4831,4862],"product_brand":[],"product_cat":[9989,9971,9998,13122,9516],"product_tag":[],"class_list":{"0":"post-161323","1":"product","2":"type-product","3":"status-publish","4":"has-post-thumbnail","6":"countries-by","7":"countries-cu","8":"countries-ir","9":"countries-kp","10":"countries-ru","11":"countries-sy","12":"product_cat-aeronautica-aerospatiala-aparare","13":"product_cat-sanatate-bunastare","14":"product_cat-alte-industrii","15":"product_cat-propulsoare","16":"product_cat-hfo-ro-87","17":"pa_packaging-20-tone-vrac-ro-141","18":"pa_packaging-cilindru-26-l-ro-32","19":"pa_packaging-cilindru-88-l-ro-122","20":"pa_packaging-container-930-l-ro-76","22":"first","23":"instock","24":"shipping-taxable","25":"purchasable","26":"product-type-variable"},"_links":{"self":[{"href":"https:\/\/climalife.com\/ro\/wp-json\/wp\/v2\/product\/161323","targetHints":{"allow":["GET"]}}],"collection":[{"href":"https:\/\/climalife.com\/ro\/wp-json\/wp\/v2\/product"}],"about":[{"href":"https:\/\/climalife.com\/ro\/wp-json\/wp\/v2\/types\/product"}],"replies":[{"embeddable":true,"href":"https:\/\/climalife.com\/ro\/wp-json\/wp\/v2\/comments?post=161323"}],"wp:featuredmedia":[{"embeddable":true,"href":"https:\/\/climalife.com\/ro\/wp-json\/wp\/v2\/media\/131319"}],"wp:attachment":[{"href":"https:\/\/climalife.com\/ro\/wp-json\/wp\/v2\/media?parent=161323"}],"wp:term":[{"taxonomy":"countries","embeddable":true,"href":"https:\/\/climalife.com\/ro\/wp-json\/wp\/v2\/countries?post=161323"},{"taxonomy":"product_brand","embeddable":true,"href":"https:\/\/climalife.com\/ro\/wp-json\/wp\/v2\/product_brand?post=161323"},{"taxonomy":"product_cat","embeddable":true,"href":"https:\/\/climalife.com\/ro\/wp-json\/wp\/v2\/product_cat?post=161323"},{"taxonomy":"product_tag","embeddable":true,"href":"https:\/\/climalife.com\/ro\/wp-json\/wp\/v2\/product_tag?post=161323"}],"curies":[{"name":"wp","href":"https:\/\/api.w.org\/{rel}","templated":true}]}}