{"id":161344,"date":"2022-09-28T17:49:37","date_gmt":"2022-09-28T17:49:37","guid":{"rendered":"http:\/\/climalife.com\/product\/zerol-rfl-46-ep-zerol-rfl-68-ep\/"},"modified":"2025-08-19T16:25:26","modified_gmt":"2025-08-19T16:25:26","slug":"zerol-rfl-46-ep-zerol-rfl-68-ep","status":"publish","type":"product","link":"https:\/\/climalife.com\/ro\/product\/zerol-rfl-46-ep-zerol-rfl-68-ep\/","title":{"rendered":"Zerol RFL Gama EP"},"content":{"rendered":"<p><span id=\"result_box\" class=\"\" lang=\"ro\">Gama ZEROL RFL-EP ofer\u0103 urm\u0103toarele avantaje:<br \/>\n&#8211; O sc\u0103dere mai mic\u0103 a v\u00e2scozit\u0103\u021bii<br \/>\n&#8211; Ulei PAG mai pu\u021bin higroscopic<br \/>\n&#8211; Stabilitate chimic\u0103, termic\u0103 \u0219i hidrolitic\u0103 ridicat\u0103<br \/>\n&#8211; Putere excelent\u0103 de lubrifiere.<\/span><\/p>\n<p><span class=\"\">Uleiurile Zerol RFL-EP sunt disponibile \u00een bidoane de 5L \u0219i 20L cu grad de viscozitate 46 \u0219i 68.<\/span><\/p>\n","protected":false},"excerpt":{"rendered":"<p>Gama de uleiuri PAG formulate pentru sistemele CO2 (R-744). Uleiurile Zerol RFL-EP au stabilitate termic\u0103 excelent\u0103 \u0219i sunt ideale pentru func\u021bionarea subcritic\u0103 \u0219i transcritic\u0103.<\/p>\n","protected":false},"featured_media":124326,"comment_status":"open","ping_status":"closed","template":"","meta":[],"countries":[4674,4709,4756,4813,4831,4862],"product_brand":[],"product_cat":[9989,9980,9953,9944,9971,9998,13062,13097,13131,13450],"product_tag":[],"class_list":{"0":"post-161344","1":"product","2":"type-product","3":"status-publish","4":"has-post-thumbnail","6":"countries-by","7":"countries-cu","8":"countries-ir","9":"countries-kp","10":"countries-ru","11":"countries-sy","12":"product_cat-aeronautica-aerospatiala-aparare","13":"product_cat-industria-auto-transport","14":"product_cat-cladiri","15":"product_cat-sector-agroalimentar","16":"product_cat-sanatate-bunastare","17":"product_cat-alte-industrii","18":"product_cat-aer-conditionat","19":"product_cat-incalzire","20":"product_cat-refrigerare","21":"product_cat-pag-ro","22":"pa_packaging-canistra-de-20-l-ro-36","23":"pa_packaging-canistra-de-5-l-ro-35","25":"first","26":"instock","27":"shipping-taxable","28":"purchasable","29":"product-type-variable"},"_links":{"self":[{"href":"https:\/\/climalife.com\/ro\/wp-json\/wp\/v2\/product\/161344","targetHints":{"allow":["GET"]}}],"collection":[{"href":"https:\/\/climalife.com\/ro\/wp-json\/wp\/v2\/product"}],"about":[{"href":"https:\/\/climalife.com\/ro\/wp-json\/wp\/v2\/types\/product"}],"replies":[{"embeddable":true,"href":"https:\/\/climalife.com\/ro\/wp-json\/wp\/v2\/comments?post=161344"}],"wp:featuredmedia":[{"embeddable":true,"href":"https:\/\/climalife.com\/ro\/wp-json\/wp\/v2\/media\/124326"}],"wp:attachment":[{"href":"https:\/\/climalife.com\/ro\/wp-json\/wp\/v2\/media?parent=161344"}],"wp:term":[{"taxonomy":"countries","embeddable":true,"href":"https:\/\/climalife.com\/ro\/wp-json\/wp\/v2\/countries?post=161344"},{"taxonomy":"product_brand","embeddable":true,"href":"https:\/\/climalife.com\/ro\/wp-json\/wp\/v2\/product_brand?post=161344"},{"taxonomy":"product_cat","embeddable":true,"href":"https:\/\/climalife.com\/ro\/wp-json\/wp\/v2\/product_cat?post=161344"},{"taxonomy":"product_tag","embeddable":true,"href":"https:\/\/climalife.com\/ro\/wp-json\/wp\/v2\/product_tag?post=161344"}],"curies":[{"name":"wp","href":"https:\/\/api.w.org\/{rel}","templated":true}]}}