{"id":161358,"date":"2022-09-28T17:49:45","date_gmt":"2022-09-28T17:49:45","guid":{"rendered":"http:\/\/climalife.com\/product\/r-404a-t-regenerat\/"},"modified":"2025-08-19T14:19:34","modified_gmt":"2025-08-19T14:19:34","slug":"r-404a-t-regenerat","status":"publish","type":"product","link":"https:\/\/climalife.com\/ro\/product\/r-404a-t-regenerat\/","title":{"rendered":"R-404AT (regenerat)"},"content":{"rendered":"<p>Este utilizat cu preferin\u021b\u0103 pentru realizarea instala\u021biilor existente de tip centrale frigorifice pentru suprafe\u021be mari de v\u00e2nzare (supermarketuri \u0219i hipermarketuri), depozite frigorifice, instala\u021bii de congelare a alimentelor \u0219i mobilier pentru conservarea alimentelor congelate \u0219i camioane frigorifice. Acest fluid poate \u00eenlocui R-502 \u00een instala\u021biile existente, urm\u00e2nd o procedur\u0103 specific\u0103.<\/p>\n","protected":false},"excerpt":{"rendered":"<p>R-404AT este un amestec de tip HFC aproape azeotrop rezultat din recuperarea \u0219i regenerarea refrigerantului R-404A.<br \/>\nUtilizarea sa, autorizat\u0103 p\u00e2n\u0103 la 1 ianuarie 2030, va permite \u00eentre\u021binerea echipamentelor care utilizeaz\u0103 ini\u021bial R-404A nou, care este interzis de la 1 ianuarie 2020.<\/p>\n","protected":false},"featured_media":123894,"comment_status":"open","ping_status":"closed","template":"","meta":[],"countries":[4674,4709,4756,4813,4831,4862],"product_brand":[],"product_cat":[9989,9998,9962,9528,9980,13131,9971,9944],"product_tag":[],"class_list":{"0":"post-161358","1":"product","2":"type-product","3":"status-publish","4":"has-post-thumbnail","6":"countries-by","7":"countries-cu","8":"countries-ir","9":"countries-kp","10":"countries-ru","11":"countries-sy","12":"product_cat-aeronautica-aerospatiala-aparare","13":"product_cat-alte-industrii","14":"product_cat-energie","15":"product_cat-hfc-regenerat","16":"product_cat-industria-auto-transport","17":"product_cat-refrigerare","18":"product_cat-sanatate-bunastare","19":"product_cat-sector-agroalimentar","20":"pa_packaging-cilindru-52-l-ro-72","21":"pa_packaging-container-448-l-ro-74","22":"pa_packaging-container-930-l-ro-76","23":"pa_packaging-friostar-ro-69","25":"first","26":"instock","27":"shipping-taxable","28":"purchasable","29":"product-type-variable"},"_links":{"self":[{"href":"https:\/\/climalife.com\/ro\/wp-json\/wp\/v2\/product\/161358","targetHints":{"allow":["GET"]}}],"collection":[{"href":"https:\/\/climalife.com\/ro\/wp-json\/wp\/v2\/product"}],"about":[{"href":"https:\/\/climalife.com\/ro\/wp-json\/wp\/v2\/types\/product"}],"replies":[{"embeddable":true,"href":"https:\/\/climalife.com\/ro\/wp-json\/wp\/v2\/comments?post=161358"}],"wp:featuredmedia":[{"embeddable":true,"href":"https:\/\/climalife.com\/ro\/wp-json\/wp\/v2\/media\/123894"}],"wp:attachment":[{"href":"https:\/\/climalife.com\/ro\/wp-json\/wp\/v2\/media?parent=161358"}],"wp:term":[{"taxonomy":"countries","embeddable":true,"href":"https:\/\/climalife.com\/ro\/wp-json\/wp\/v2\/countries?post=161358"},{"taxonomy":"product_brand","embeddable":true,"href":"https:\/\/climalife.com\/ro\/wp-json\/wp\/v2\/product_brand?post=161358"},{"taxonomy":"product_cat","embeddable":true,"href":"https:\/\/climalife.com\/ro\/wp-json\/wp\/v2\/product_cat?post=161358"},{"taxonomy":"product_tag","embeddable":true,"href":"https:\/\/climalife.com\/ro\/wp-json\/wp\/v2\/product_tag?post=161358"}],"curies":[{"name":"wp","href":"https:\/\/api.w.org\/{rel}","templated":true}]}}