{"id":161420,"date":"2022-09-28T17:50:35","date_gmt":"2022-09-28T17:50:35","guid":{"rendered":"http:\/\/climalife.com\/product\/solrnett\/"},"modified":"2025-08-19T14:09:55","modified_gmt":"2025-08-19T14:09:55","slug":"solrnett","status":"publish","type":"product","link":"https:\/\/climalife.com\/ro\/product\/solrnett\/","title":{"rendered":"SolRnett"},"content":{"rendered":"<p>O solu\u021bie gata de utilizare pentru cur\u0103\u021barea intern\u0103 a sistemelor solare termice. O formul\u0103 apoas\u0103 alcalin\u0103 cu caracteristici bune de umectare pentru a elimina gudronul \u0219i depunerile din circuitele solare care au flux restric\u021bionat de cauza &#8220;carameliz\u0103rii&#8221; lichidului de transfer termic degradat. Reface circula\u021bia \u0219i evit\u0103 \u00eenlocuirea colectoarelor solare. Eficient la temperatura camerei.<\/p>\n","protected":false},"excerpt":{"rendered":"<p>Solu\u021bie solar\u0103 de cur\u0103\u021bare\u00a0depuneri din panourile solare termice.<\/p>\n","protected":false},"featured_media":109179,"comment_status":"open","ping_status":"closed","template":"","meta":[],"countries":[4674,4709,4756,4813,4831,4862],"product_brand":[],"product_cat":[9998,9953,9360,9962,13140,13097],"product_tag":[],"class_list":{"0":"post-161420","1":"product","2":"type-product","3":"status-publish","4":"has-post-thumbnail","6":"countries-by","7":"countries-cu","8":"countries-ir","9":"countries-kp","10":"countries-ru","11":"countries-sy","12":"product_cat-alte-industrii","13":"product_cat-cladiri","14":"product_cat-curatarea-interna-a-circuitelor-cu-lichid-de-transfer-termic","15":"product_cat-energie","16":"product_cat-energie-regenerabila","17":"product_cat-incalzire","18":"pa_packaging-butoi-210-l-ro-28","19":"pa_packaging-canistra-de-20-l-ro-36","21":"first","22":"instock","23":"shipping-taxable","24":"purchasable","25":"product-type-variable"},"_links":{"self":[{"href":"https:\/\/climalife.com\/ro\/wp-json\/wp\/v2\/product\/161420","targetHints":{"allow":["GET"]}}],"collection":[{"href":"https:\/\/climalife.com\/ro\/wp-json\/wp\/v2\/product"}],"about":[{"href":"https:\/\/climalife.com\/ro\/wp-json\/wp\/v2\/types\/product"}],"replies":[{"embeddable":true,"href":"https:\/\/climalife.com\/ro\/wp-json\/wp\/v2\/comments?post=161420"}],"wp:featuredmedia":[{"embeddable":true,"href":"https:\/\/climalife.com\/ro\/wp-json\/wp\/v2\/media\/109179"}],"wp:attachment":[{"href":"https:\/\/climalife.com\/ro\/wp-json\/wp\/v2\/media?parent=161420"}],"wp:term":[{"taxonomy":"countries","embeddable":true,"href":"https:\/\/climalife.com\/ro\/wp-json\/wp\/v2\/countries?post=161420"},{"taxonomy":"product_brand","embeddable":true,"href":"https:\/\/climalife.com\/ro\/wp-json\/wp\/v2\/product_brand?post=161420"},{"taxonomy":"product_cat","embeddable":true,"href":"https:\/\/climalife.com\/ro\/wp-json\/wp\/v2\/product_cat?post=161420"},{"taxonomy":"product_tag","embeddable":true,"href":"https:\/\/climalife.com\/ro\/wp-json\/wp\/v2\/product_tag?post=161420"}],"curies":[{"name":"wp","href":"https:\/\/api.w.org\/{rel}","templated":true}]}}